{"id":139,"date":"2015-07-17T20:21:53","date_gmt":"2015-07-17T20:21:53","guid":{"rendered":"http:\/\/www.opalclt.org\/?page_id=139"},"modified":"2016-05-05T22:19:28","modified_gmt":"2016-05-05T22:19:28","slug":"lahari-ridge","status":"publish","type":"page","link":"http:\/\/www.opalclt.org\/es\/our-properties\/lahari-ridge\/","title":{"rendered":"Cresta de Lahari"},"content":{"rendered":"<h1>Cresta de Lahari<\/h1>\n<p><img loading=\"lazy\" decoding=\"async\" class=\"aligncenter wp-image-141 size-full\" src=\"http:\/\/www.opalclt.org\/wp-content\/uploads\/lahari-ridge.jpg\" alt=\"lahari-ridge\" width=\"650\" height=\"163\" srcset=\"https:\/\/www.opalclt.org\/wp-content\/uploads\/lahari-ridge.jpg 650w, https:\/\/www.opalclt.org\/wp-content\/uploads\/lahari-ridge-300x75.jpg 300w\" sizes=\"auto, (max-width: 650px) 100vw, 650px\" \/>Lahari Ridge es el primer vecindario de OPAL en el pueblo de Deer Harbor. Fue iniciado por una generosa oferta de Lahari Hospice and Respite Care, que vendi\u00f3 lotes a OPAL a precios inferiores al mercado. (\u201cLahari\u201d significa \u201catm\u00f3sfera de felicidad\u201d en el idioma hindi).<\/p>\n<p>Las peque\u00f1as casas tipo caba\u00f1a, con planos de planta tipo estudio, de una o dos habitaciones, tienen vistas filtradas de Turtleback Mountain o Cayou Lagoon. El proyecto fue reconocido por sus atributos de &quot;construcci\u00f3n ecol\u00f3gica&quot; por el Fondo de Construcci\u00f3n Ecol\u00f3gica de Asistencia para la Vivienda\/Home Depot.<\/p>\n<p>&nbsp;<\/p>\n<blockquote><p><em>\u201cEsta casa es una bendici\u00f3n m\u00e1s all\u00e1 de mi imaginaci\u00f3n m\u00e1s salvaje. Significa que no tengo que preguntarme si mi arrendador decidir\u00e1 vender... si un agente de bienes ra\u00edces se acercar\u00e1 a un posible comprador. Puedo instalar mi m\u00e1quina de coser en la mesa del comedor y no guardarla hasta que termine, si as\u00ed lo deseo. Yo decido.<\/em><br \/>\n<strong>\u2013 Propietario de casa de Lahari Ridge<\/strong><\/p><\/blockquote>\n<h3>Completado 2005<\/h3>\n<table border=\"1\" width=\"650\" cellspacing=\"0\" cellpadding=\"0\">\n<tbody>\n<tr>\n<td valign=\"bottom\" width=\"40\">\n<h4 align=\"center\"><strong>Casas<\/strong><\/h4>\n<\/td>\n<td valign=\"bottom\" width=\"75\">\n<h6 align=\"center\"><strong>Acres totales<\/strong><\/h6>\n<\/td>\n<td valign=\"bottom\" width=\"100\">\n<h6 align=\"center\"><strong>Terreno Com\u00fan y Jard\u00edn Comunitario<\/strong><\/h6>\n<\/td>\n<td valign=\"bottom\" width=\"100\">\n<h6 align=\"center\"><strong>Tama\u00f1o de lote promedio<br \/>\n<\/strong><\/h6>\n<\/td>\n<td valign=\"bottom\" width=\"100\">\n<h6 align=\"center\"><strong>Casa m\u00e1s peque\u00f1a<br \/>\n<\/strong><\/h6>\n<\/td>\n<td valign=\"bottom\" width=\"100\">\n<h6 align=\"center\"><strong>m\u00e1s grande<br \/>\ncasa<br \/>\n<\/strong><\/h6>\n<\/td>\n<\/tr>\n<tr>\n<td valign=\"bottom\" nowrap=\"nowrap\" bgcolor=\"#fle8ce\" width=\"40\">\n<h6 align=\"center\">6<\/h6>\n<\/td>\n<td valign=\"bottom\" nowrap=\"nowrap\" bgcolor=\"#fle8ce\" width=\"75\">\n<h6 align=\"center\">6<\/h6>\n<\/td>\n<td valign=\"bottom\" nowrap=\"nowrap\" bgcolor=\"#fle8ce\" width=\"100\">\n<h6 align=\"center\">3 acres<\/h6>\n<\/td>\n<td valign=\"bottom\" nowrap=\"nowrap\" bgcolor=\"#fle8ce\" width=\"100\">\n<h6 align=\"center\">7,661 pies cuadrados<\/h6>\n<\/td>\n<td valign=\"bottom\" nowrap=\"nowrap\" bgcolor=\"#fle8ce\" width=\"100\">\n<h6 align=\"center\">860 pies cuadrados<\/h6>\n<\/td>\n<td valign=\"bottom\" nowrap=\"nowrap\" bgcolor=\"#fle8ce\" width=\"100\">\n<h6 align=\"center\">1,078 pies cuadrados<\/h6>\n<\/td>\n<\/tr>\n<\/tbody>\n<\/table>\n<p>&nbsp;<\/p>\n<h3>Costos de construcci\u00f3n de Lahari Ridge, 2005<\/h3>\n<table border=\"1\" width=\"650\" cellspacing=\"0\" cellpadding=\"1\">\n<tbody>\n<tr>\n<td valign=\"top\" width=\"99\"><\/td>\n<td valign=\"bottom\" width=\"10%\">\n<h6 align=\"center\"><b>Subvenci\u00f3n del estado de WA<\/b><\/h6>\n<\/td>\n<td valign=\"bottom\" width=\"18%\">\n<h6 align=\"center\"><b>Subvenciones federales<\/b><\/h6>\n<\/td>\n<td valign=\"bottom\" width=\"18%\">\n<h6 align=\"center\"><b>Donaciones\/Fundaciones<\/b><\/h6>\n<\/td>\n<td valign=\"bottom\" width=\"18%\">\n<h6 align=\"center\"><b>Hipotecas para compradores de vivienda<\/b><\/h6>\n<\/td>\n<td valign=\"bottom\" width=\"18%\">\n<h6 align=\"center\"><b>Total<\/b><\/h6>\n<\/td>\n<\/tr>\n<tr>\n<td valign=\"bottom\" nowrap=\"nowrap\" bgcolor=\"#fle8ce\" width=\"10%\">\n<h6>dolares<\/h6>\n<\/td>\n<td valign=\"bottom\" nowrap=\"nowrap\" bgcolor=\"#fle8ce\" width=\"18%\">\n<h6 align=\"center\">$248,380<\/h6>\n<\/td>\n<td valign=\"bottom\" nowrap=\"nowrap\" bgcolor=\"#fle8ce\" width=\"18%\">\n<h6 align=\"center\">$0<\/h6>\n<\/td>\n<td valign=\"bottom\" nowrap=\"nowrap\" bgcolor=\"#fle8ce\" width=\"18%\">\n<h6 align=\"center\">$129,286<\/h6>\n<\/td>\n<td valign=\"bottom\" nowrap=\"nowrap\" bgcolor=\"#fle8ce\" width=\"18%\">\n<h6 align=\"center\">$831,181<\/h6>\n<\/td>\n<td valign=\"bottom\" nowrap=\"nowrap\" bgcolor=\"#fle8ce\" width=\"18%\">\n<h6 align=\"center\">$1,208,847<\/h6>\n<\/td>\n<\/tr>\n<tr>\n<td valign=\"bottom\" nowrap=\"nowrap\" width=\"113\">\n<h6>Porcentaje<\/h6>\n<\/td>\n<td valign=\"bottom\" nowrap=\"nowrap\" width=\"18%\">\n<h6 align=\"center\">20.5%<\/h6>\n<\/td>\n<td valign=\"bottom\" nowrap=\"nowrap\" width=\"18%\">\n<h6 align=\"center\">0.0%<\/h6>\n<\/td>\n<td valign=\"bottom\" nowrap=\"nowrap\" width=\"18%\">\n<h6 align=\"center\">10.7%<\/h6>\n<\/td>\n<td valign=\"bottom\" nowrap=\"nowrap\" width=\"18%\">\n<h6 align=\"center\">68.8%<\/h6>\n<\/td>\n<td valign=\"bottom\" nowrap=\"nowrap\" width=\"18%\"><\/td>\n<\/tr>\n<\/tbody>\n<\/table>\n<p>&nbsp;<\/p>\n<h3>Ubicaci\u00f3n:<\/h3>\n<p><iframe loading=\"lazy\" src=\"https:\/\/maps.google.com\/maps?f=q&amp;source=embed&amp;hl=en&amp;geocode=&amp;q=Potlatch+Road,+Eastsound,+WA&amp;aq=1&amp;oq=potlatch+drive.&amp;sll=48.696014,-122.913864&amp;sspn=0.027788,0.071712&amp;t=m&amp;ie=UTF8&amp;hq=&amp;hnear=Potlatch+Rd,+Eastsound,+San+Juan,+Washington+98245&amp;z=14&amp;iwloc=A&amp;output=embed\" width=\"425\" height=\"350\" frameborder=\"0\" marginwidth=\"0\" marginheight=\"0\" scrolling=\"no\"><\/iframe><br \/>\n<small><a style=\"color: #0000ff; text-align: left;\" href=\"https:\/\/maps.google.com\/maps?f=q&amp;source=embed&amp;hl=en&amp;geocode=&amp;q=Potlatch+Road,+Eastsound,+WA&amp;aq=1&amp;oq=potlatch+drive.&amp;sll=48.696014,-122.913864&amp;sspn=0.027788,0.071712&amp;t=m&amp;ie=UTF8&amp;hq=&amp;hnear=Potlatch+Rd,+Eastsound,+San+Juan,+Washington+98245&amp;z=14&amp;iwloc=A\">Ver mapa m\u00e1s grande<\/a><\/small><\/p>","protected":false},"excerpt":{"rendered":"<p>Lahari Ridge Lahari Ridge is OPAL\u2019s first neighborhood in the village of Deer Harbor. It was initiated by a generous offer from Lahari Hospice and Respite Care, which sold lots to OPAL at below market rates. (\u201cLahari\u201d means \u201catmosphere of bliss\u201d in the Hindi language.) The small, cabin-like homes \u2013 with studio, one-bedroom or two-bedroom [&hellip;]<\/p>","protected":false},"author":2,"featured_media":0,"parent":27,"menu_order":0,"comment_status":"closed","ping_status":"closed","template":"","meta":{"give_campaign_id":0,"_genesis_hide_title":false,"_genesis_hide_breadcrumbs":false,"_genesis_hide_singular_image":false,"_genesis_hide_footer_widgets":false,"_genesis_custom_body_class":"","_genesis_custom_post_class":"","_genesis_layout":"","footnotes":""},"class_list":{"0":"post-139","1":"page","2":"type-page","3":"status-publish","5":"entry","6":"has-post-thumbnail"},"aioseo_notices":[],"campaignId":"","_links":{"self":[{"href":"http:\/\/www.opalclt.org\/es\/wp-json\/wp\/v2\/pages\/139","targetHints":{"allow":["GET"]}}],"collection":[{"href":"http:\/\/www.opalclt.org\/es\/wp-json\/wp\/v2\/pages"}],"about":[{"href":"http:\/\/www.opalclt.org\/es\/wp-json\/wp\/v2\/types\/page"}],"author":[{"embeddable":true,"href":"http:\/\/www.opalclt.org\/es\/wp-json\/wp\/v2\/users\/2"}],"replies":[{"embeddable":true,"href":"http:\/\/www.opalclt.org\/es\/wp-json\/wp\/v2\/comments?post=139"}],"version-history":[{"count":1,"href":"http:\/\/www.opalclt.org\/es\/wp-json\/wp\/v2\/pages\/139\/revisions"}],"predecessor-version":[{"id":1594,"href":"http:\/\/www.opalclt.org\/es\/wp-json\/wp\/v2\/pages\/139\/revisions\/1594"}],"up":[{"embeddable":true,"href":"http:\/\/www.opalclt.org\/es\/wp-json\/wp\/v2\/pages\/27"}],"wp:attachment":[{"href":"http:\/\/www.opalclt.org\/es\/wp-json\/wp\/v2\/media?parent=139"}],"curies":[{"name":"wp","href":"https:\/\/api.w.org\/{rel}","templated":true}]}}