{"id":143,"date":"2015-07-17T20:26:47","date_gmt":"2015-07-17T20:26:47","guid":{"rendered":"http:\/\/www.opalclt.org\/?page_id=143"},"modified":"2016-05-05T22:19:52","modified_gmt":"2016-05-05T22:19:52","slug":"oberon-wood-and-oberon-meadow","status":"publish","type":"page","link":"http:\/\/www.opalclt.org\/es\/our-properties\/oberon-wood-and-oberon-meadow\/","title":{"rendered":"Oberon Wood y Oberon Meadow"},"content":{"rendered":"<h1>Oberon Wood y Oberon Meadow<\/h1>\n<h2>Madera de Ober\u00f3n<\/h2>\n<p><img loading=\"lazy\" decoding=\"async\" class=\"aligncenter size-full wp-image-144\" src=\"http:\/\/www.opalclt.org\/wp-content\/uploads\/oberon-wood.jpg\" alt=\"oberon-wood\" width=\"650\" height=\"163\" srcset=\"https:\/\/www.opalclt.org\/wp-content\/uploads\/oberon-wood.jpg 650w, https:\/\/www.opalclt.org\/wp-content\/uploads\/oberon-wood-300x75.jpg 300w\" sizes=\"auto, (max-width: 650px) 100vw, 650px\" \/><\/p>\n<p>Los primeros compradores de casas en este vecindario eligieron el nombre &quot;Oberon&quot; en honor al personaje de Shakespeare de <i>Sue\u00f1o de una noche de verano<\/i>. El nombre refleja la forma l\u00fadica en que los residentes trabajaron juntos para crear hogares en este grupo de cinco residencias.<\/p>\n<p>La construcci\u00f3n de Oberon Wood se produjo durante un auge de la construcci\u00f3n en Orcas, lo que dificult\u00f3 encontrar contratistas locales. Para mantener las casas asequibles, OPAL trabaj\u00f3 con una empresa de construcci\u00f3n modular. Las casas se construyeron en una f\u00e1brica seg\u00fan el c\u00f3digo de construcci\u00f3n est\u00e1ndar, se transportaron en camiones al sitio en secciones y se colocaron sobre sus cimientos con una gr\u00faa.<\/p>\n<p>En 2008, con el acuerdo de los propietarios, OPAL trasplant\u00f3 perales y manzanos maduros al lado este de Oberon Wood e instal\u00f3 una zanja cubierta de hierba para transportar y limpiar las aguas pluviales del vecindario Wild Rose Meadow en terrenos adyacentes.<\/p>\n<blockquote><p><em>\u201cMudarse a Oberon Wood fue un sue\u00f1o hecho realidad. Nunca antes hab\u00eda sido due\u00f1o de una casa, y como padre soltero, no pens\u00e9 que alguna vez lo ser\u00eda. Me ha sorprendido gratamente lo bien que se adapta a m\u00ed y a mis hijos vivir en este vecindario. Ha sido una buena opci\u00f3n para nosotros\u201d.<\/em><strong> \u2013 Propietario de Oberon Wood desde 2002.<\/strong><\/p><\/blockquote>\n<h3>Completado 2002<\/h3>\n<table border=\"1\" width=\"650\" cellspacing=\"0\" cellpadding=\"0\">\n<tbody>\n<tr>\n<td valign=\"bottom\" width=\"40\">\n<h4 align=\"center\"><strong>Casas<\/strong><\/h4>\n<\/td>\n<td valign=\"bottom\" width=\"75\">\n<h6 align=\"center\"><strong>Acres totales<\/strong><\/h6>\n<\/td>\n<td valign=\"bottom\" width=\"100\">\n<h6 align=\"center\"><strong>Terreno Com\u00fan y Jard\u00edn Comunitario<\/strong><\/h6>\n<\/td>\n<td valign=\"bottom\" width=\"100\">\n<h6 align=\"center\"><strong>Tama\u00f1o de lote promedio<br \/>\n<\/strong><\/h6>\n<\/td>\n<td valign=\"bottom\" width=\"100\">\n<h6 align=\"center\"><strong>Casa m\u00e1s peque\u00f1a<br \/>\n<\/strong><\/h6>\n<\/td>\n<td valign=\"bottom\" width=\"100\">\n<h6 align=\"center\"><strong>m\u00e1s grande<br \/>\ncasa<br \/>\n<\/strong><\/h6>\n<\/td>\n<\/tr>\n<tr>\n<td valign=\"bottom\" nowrap=\"nowrap\" bgcolor=\"#fle8ce\" width=\"40\">\n<h6 align=\"center\">5<\/h6>\n<\/td>\n<td valign=\"bottom\" nowrap=\"nowrap\" bgcolor=\"#fle8ce\" width=\"75\">\n<h6 align=\"center\">1.75<\/h6>\n<\/td>\n<td valign=\"bottom\" nowrap=\"nowrap\" bgcolor=\"#fle8ce\" width=\"100\">\n<h6 align=\"center\">1.22 acres<\/h6>\n<\/td>\n<td valign=\"bottom\" nowrap=\"nowrap\" bgcolor=\"#fle8ce\" width=\"100\">\n<h6 align=\"center\">4,705 pies cuadrados<\/h6>\n<\/td>\n<td valign=\"bottom\" nowrap=\"nowrap\" bgcolor=\"#fle8ce\" width=\"100\">\n<h6 align=\"center\">912 pies cuadrados<\/h6>\n<\/td>\n<td valign=\"bottom\" nowrap=\"nowrap\" bgcolor=\"#fle8ce\" width=\"100\">\n<h6 align=\"center\">1,578 pies cuadrados<\/h6>\n<\/td>\n<\/tr>\n<\/tbody>\n<\/table>\n<p>&nbsp;<\/p>\n<h3>Costos de construcci\u00f3n de madera de Oberon, 2002<\/h3>\n<table border=\"1\" width=\"650\" cellspacing=\"0\" cellpadding=\"1\">\n<tbody>\n<tr>\n<td valign=\"top\" width=\"99\"><\/td>\n<td valign=\"bottom\" width=\"10%\">\n<h6 align=\"center\"><b>Subvenci\u00f3n del estado de WA<\/b><\/h6>\n<\/td>\n<td valign=\"bottom\" width=\"18%\">\n<h6 align=\"center\"><b>Subvenciones federales<\/b><\/h6>\n<\/td>\n<td valign=\"bottom\" width=\"18%\">\n<h6 align=\"center\"><b>Donaciones\/Fundaciones<\/b><\/h6>\n<\/td>\n<td valign=\"bottom\" width=\"18%\">\n<h6 align=\"center\"><b>Hipotecas para compradores de vivienda<\/b><\/h6>\n<\/td>\n<td valign=\"bottom\" width=\"18%\">\n<h6 align=\"center\"><b>Total<\/b><\/h6>\n<\/td>\n<\/tr>\n<tr>\n<td valign=\"bottom\" nowrap=\"nowrap\" bgcolor=\"#fle8ce\" width=\"10%\">\n<h6>dolares<\/h6>\n<\/td>\n<td valign=\"bottom\" nowrap=\"nowrap\" bgcolor=\"#fle8ce\" width=\"18%\">\n<h6 align=\"center\">$197,770<\/h6>\n<\/td>\n<td valign=\"bottom\" nowrap=\"nowrap\" bgcolor=\"#fle8ce\" width=\"18%\">\n<h6 align=\"center\">$0<\/h6>\n<\/td>\n<td valign=\"bottom\" nowrap=\"nowrap\" bgcolor=\"#fle8ce\" width=\"18%\">\n<h6 align=\"center\">$56,917<\/h6>\n<\/td>\n<td valign=\"bottom\" nowrap=\"nowrap\" bgcolor=\"#fle8ce\" width=\"18%\">\n<h6 align=\"center\">$517,453<\/h6>\n<\/td>\n<td valign=\"bottom\" nowrap=\"nowrap\" bgcolor=\"#fle8ce\" width=\"18%\">\n<h6 align=\"center\">$772,140<\/h6>\n<\/td>\n<\/tr>\n<tr>\n<td valign=\"bottom\" nowrap=\"nowrap\" width=\"10%\">\n<h6>Porcentaje<\/h6>\n<\/td>\n<td valign=\"bottom\" nowrap=\"nowrap\" width=\"18%\">\n<h6 align=\"right\">25.6%<\/h6>\n<\/td>\n<td valign=\"bottom\" nowrap=\"nowrap\" width=\"18%\">\n<h6 align=\"right\">0.0%<\/h6>\n<\/td>\n<td valign=\"bottom\" nowrap=\"nowrap\" width=\"18%\">\n<h6 align=\"right\">7.4%<\/h6>\n<\/td>\n<td valign=\"bottom\" nowrap=\"nowrap\" width=\"18%\">\n<h6 align=\"right\">67.0%<\/h6>\n<\/td>\n<td valign=\"bottom\" nowrap=\"nowrap\" width=\"18%\"><\/td>\n<\/tr>\n<\/tbody>\n<\/table>\n<h2><\/h2>\n<p>&nbsp;<\/p>\n<h2>Prado de Ober\u00f3n<\/h2>\n<p><img loading=\"lazy\" decoding=\"async\" class=\"aligncenter size-full wp-image-145\" src=\"http:\/\/www.opalclt.org\/wp-content\/uploads\/oberon-meadow.jpg\" alt=\"oberon-meadow\" width=\"650\" height=\"163\" srcset=\"https:\/\/www.opalclt.org\/wp-content\/uploads\/oberon-meadow.jpg 650w, https:\/\/www.opalclt.org\/wp-content\/uploads\/oberon-meadow-300x75.jpg 300w\" sizes=\"auto, (max-width: 650px) 100vw, 650px\" \/><\/p>\n<p>Las cuatro casas de este vecindario ten\u00edan entre 40 y 70 a\u00f1os cuando fueron trasladadas a su ubicaci\u00f3n actual desde otras partes de la isla: North Beach, Deer Harbor, Obstruction Pass y Main Street en Eastsound. OPAL recicl\u00f3 estos edificios, que hab\u00edan brindado refugio a generaciones anteriores, y mejor\u00f3 y actualiz\u00f3 cada estructura, seg\u00fan sus necesidades. En todos los casos, las casas se hicieron m\u00e1s eficientes energ\u00e9ticamente.<\/p>\n<p>Este grupo de casas tiene un encanto diferente a cualquier otro vecindario de OPAL debido al dise\u00f1o \u00fanico de cada casa y la conexi\u00f3n que cada edificio tiene con los residentes de otras partes de la isla.<\/p>\n<blockquote><p><em>\u201cVimos la casa por primera vez despu\u00e9s de que la trasladaron al sitio. Todos los fines de semana vendr\u00edamos y nos estacionar\u00edamos y mirar\u00edamos y so\u00f1ar\u00edamos. A mi esposa le encant\u00f3 la casa en el momento en que entr\u00f3 por la puerta. Estaban muy contentos. Nos encanta este lugar. Sin OPAL nos hubiera sido imposible comprar esta casa.\u201d<\/em> <strong>\u2013 Propietario de casa de Oberon Meadow<\/strong><\/p><\/blockquote>\n<h3>\u00a0Completado 2013<\/h3>\n<table border=\"1\" width=\"650\" cellspacing=\"0\" cellpadding=\"0\">\n<tbody>\n<tr>\n<td valign=\"bottom\" width=\"40\">\n<h4 align=\"center\"><strong>Casas<\/strong><\/h4>\n<\/td>\n<td valign=\"bottom\" width=\"75\">\n<h6 align=\"center\"><strong>Acres totales<\/strong><\/h6>\n<\/td>\n<td valign=\"bottom\" width=\"100\">\n<h6 align=\"center\"><strong>Tierra comun<\/strong><\/h6>\n<\/td>\n<td valign=\"bottom\" width=\"100\">\n<h6 align=\"center\"><strong>Tama\u00f1o de lote promedio<br \/>\n<\/strong><\/h6>\n<\/td>\n<td valign=\"bottom\" width=\"100\">\n<h6 align=\"center\"><strong>Casa m\u00e1s peque\u00f1a<br \/>\n<\/strong><\/h6>\n<\/td>\n<td valign=\"bottom\" width=\"100\">\n<h6 align=\"center\"><strong>m\u00e1s grande<br \/>\ncasa<br \/>\n<\/strong><\/h6>\n<\/td>\n<\/tr>\n<tr>\n<td valign=\"bottom\" nowrap=\"nowrap\" bgcolor=\"#fle8ce\" width=\"40\">\n<h6 align=\"center\">4<\/h6>\n<\/td>\n<td valign=\"bottom\" nowrap=\"nowrap\" bgcolor=\"#fle8ce\" width=\"75\">\n<h6 align=\"center\">0.95<\/h6>\n<\/td>\n<td valign=\"bottom\" nowrap=\"nowrap\" bgcolor=\"#fle8ce\" width=\"100\">\n<h6 align=\"center\">0.3 acres<\/h6>\n<\/td>\n<td valign=\"bottom\" nowrap=\"nowrap\" bgcolor=\"#fle8ce\" width=\"100\">\n<h6 align=\"center\">4298 pies cuadrados<\/h6>\n<\/td>\n<td valign=\"bottom\" nowrap=\"nowrap\" bgcolor=\"#fle8ce\" width=\"100\">\n<h6 align=\"center\">828 pies cuadrados<\/h6>\n<\/td>\n<td valign=\"bottom\" nowrap=\"nowrap\" bgcolor=\"#fle8ce\" width=\"100\">\n<h6 align=\"center\">1,064 pies cuadrados<\/h6>\n<\/td>\n<\/tr>\n<\/tbody>\n<\/table>\n<p>&nbsp;<\/p>\n<h3>Costos de construcci\u00f3n de Oberon Meadow, 2013<\/h3>\n<table border=\"1\" width=\"650\" cellspacing=\"0\" cellpadding=\"1\">\n<tbody>\n<tr>\n<td valign=\"top\" width=\"99\"><\/td>\n<td valign=\"bottom\" width=\"10%\">\n<h6 align=\"center\"><b>Subvenci\u00f3n del estado de WA<\/b><\/h6>\n<\/td>\n<td valign=\"bottom\" width=\"18%\">\n<h6 align=\"center\"><b>Subvenciones federales<\/b><\/h6>\n<\/td>\n<td valign=\"bottom\" width=\"18%\">\n<h6 align=\"center\"><b>Donaciones\/Fundaciones<\/b><\/h6>\n<\/td>\n<td valign=\"bottom\" width=\"18%\">\n<h6 align=\"center\"><b>Hipotecas para compradores de vivienda<\/b><\/h6>\n<\/td>\n<td valign=\"bottom\" width=\"18%\">\n<h6 align=\"center\"><b>Total<\/b><\/h6>\n<\/td>\n<\/tr>\n<tr>\n<td valign=\"bottom\" nowrap=\"nowrap\" bgcolor=\"#fle8ce\" width=\"10%\">\n<h6>dolares<\/h6>\n<\/td>\n<td valign=\"bottom\" nowrap=\"nowrap\" bgcolor=\"#fle8ce\" width=\"18%\">\n<h6 align=\"center\">$85,000<\/h6>\n<\/td>\n<td valign=\"bottom\" nowrap=\"nowrap\" bgcolor=\"#fle8ce\" width=\"18%\">\n<h6 align=\"center\">$0<\/h6>\n<\/td>\n<td valign=\"bottom\" nowrap=\"nowrap\" bgcolor=\"#fle8ce\" width=\"18%\">\n<h6 align=\"center\">$114,792<\/h6>\n<\/td>\n<td valign=\"bottom\" nowrap=\"nowrap\" bgcolor=\"#fle8ce\" width=\"18%\">\n<h6 align=\"center\">$660,000<\/h6>\n<\/td>\n<td valign=\"bottom\" nowrap=\"nowrap\" bgcolor=\"#fle8ce\" width=\"18%\">\n<h6 align=\"center\">$859,792<\/h6>\n<\/td>\n<\/tr>\n<tr>\n<td valign=\"bottom\" nowrap=\"nowrap\" width=\"10%\">\n<h6>Porcentaje<\/h6>\n<\/td>\n<td valign=\"bottom\" nowrap=\"nowrap\" width=\"18%\">\n<h6 align=\"right\">9.9%<\/h6>\n<\/td>\n<td valign=\"bottom\" nowrap=\"nowrap\" width=\"18%\">\n<h6 align=\"right\">0.0%<\/h6>\n<\/td>\n<td valign=\"bottom\" nowrap=\"nowrap\" width=\"18%\">\n<h6 align=\"right\">13.4%<\/h6>\n<\/td>\n<td valign=\"bottom\" nowrap=\"nowrap\" width=\"18%\">\n<h6 align=\"right\">76.8%<\/h6>\n<\/td>\n<td valign=\"bottom\" nowrap=\"nowrap\" width=\"18%\"><\/td>\n<\/tr>\n<\/tbody>\n<\/table>\n<p>&nbsp;<\/p>\n<h3>Ubicaci\u00f3n:<\/h3>\n<p><iframe loading=\"lazy\" src=\"https:\/\/maps.google.com\/maps?q=oberon+lane,+98245&amp;hl=en&amp;sll=48.696014,-122.913864&amp;sspn=0.027788,0.071712&amp;hnear=Oberon+Ln,+Eastsound,+San+Juan,+Washington+98245&amp;t=m&amp;ie=UTF8&amp;hq=&amp;source=embed&amp;z=14&amp;ll=48.704337,-122.905179&amp;output=embed\" width=\"425\" height=\"350\" frameborder=\"0\" marginwidth=\"0\" marginheight=\"0\" scrolling=\"no\"><\/iframe><br \/>\n<small><a style=\"color: #0000ff; text-align: left;\" href=\"https:\/\/maps.google.com\/maps?q=oberon+lane,+98245&amp;hl=en&amp;sll=48.696014,-122.913864&amp;sspn=0.027788,0.071712&amp;hnear=Oberon+Ln,+Eastsound,+San+Juan,+Washington+98245&amp;t=m&amp;ie=UTF8&amp;hq=&amp;source=embed&amp;z=14&amp;ll=48.704337,-122.905179\">Ver mapa m\u00e1s grande<\/a><\/small><\/p>","protected":false},"excerpt":{"rendered":"<p>Oberon Wood and Oberon Meadow Oberon Wood The initial home buyers in this neighborhood chose the name \u201cOberon\u201d in honor of Shakespeare\u2019s character from A Midsummer Night\u2019s Dream. The name reflects the playful way that residents worked together to create homes in this cluster of five residences. Construction of Oberon Wood occurred during a building [&hellip;]<\/p>","protected":false},"author":2,"featured_media":0,"parent":27,"menu_order":0,"comment_status":"closed","ping_status":"closed","template":"","meta":{"give_campaign_id":0,"_genesis_hide_title":false,"_genesis_hide_breadcrumbs":false,"_genesis_hide_singular_image":false,"_genesis_hide_footer_widgets":false,"_genesis_custom_body_class":"","_genesis_custom_post_class":"","_genesis_layout":"","footnotes":""},"class_list":{"0":"post-143","1":"page","2":"type-page","3":"status-publish","5":"entry","6":"has-post-thumbnail"},"aioseo_notices":[],"campaignId":"","_links":{"self":[{"href":"http:\/\/www.opalclt.org\/es\/wp-json\/wp\/v2\/pages\/143","targetHints":{"allow":["GET"]}}],"collection":[{"href":"http:\/\/www.opalclt.org\/es\/wp-json\/wp\/v2\/pages"}],"about":[{"href":"http:\/\/www.opalclt.org\/es\/wp-json\/wp\/v2\/types\/page"}],"author":[{"embeddable":true,"href":"http:\/\/www.opalclt.org\/es\/wp-json\/wp\/v2\/users\/2"}],"replies":[{"embeddable":true,"href":"http:\/\/www.opalclt.org\/es\/wp-json\/wp\/v2\/comments?post=143"}],"version-history":[{"count":1,"href":"http:\/\/www.opalclt.org\/es\/wp-json\/wp\/v2\/pages\/143\/revisions"}],"predecessor-version":[{"id":1595,"href":"http:\/\/www.opalclt.org\/es\/wp-json\/wp\/v2\/pages\/143\/revisions\/1595"}],"up":[{"embeddable":true,"href":"http:\/\/www.opalclt.org\/es\/wp-json\/wp\/v2\/pages\/27"}],"wp:attachment":[{"href":"http:\/\/www.opalclt.org\/es\/wp-json\/wp\/v2\/media?parent=143"}],"curies":[{"name":"wp","href":"https:\/\/api.w.org\/{rel}","templated":true}]}}