{"id":147,"date":"2015-07-17T20:28:40","date_gmt":"2015-07-17T20:28:40","guid":{"rendered":"http:\/\/www.opalclt.org\/?page_id=147"},"modified":"2019-05-06T09:57:55","modified_gmt":"2019-05-06T16:57:55","slug":"orcas-village","status":"publish","type":"page","link":"http:\/\/www.opalclt.org\/es\/our-properties\/orcas-village\/","title":{"rendered":"Pueblo de orcas"},"content":{"rendered":"<h1>Pueblo de orcas<\/h1>\n<h2>Terreno propio para desarrollo futuro<\/h2>\n<p>En enero de 2007, OPAL compr\u00f3 seis acres en la aldea de Orcas Village para desarrollar un grupo de viviendas asequibles de forma permanente. La zonificaci\u00f3n aplicable permite una casa por medio acre para viviendas asequibles que sigan siendo asequibles durante al menos 50 a\u00f1os.<\/p>\n<p>La ubicaci\u00f3n, cerca del embarcadero del ferry, es ideal para las personas que trabajan en la parte suroeste de la isla o que viajan diariamente a Friday Harbor. La exposici\u00f3n soleada orientada al sur permitir\u00e1 que OPAL maximice la ganancia solar pasiva como parte de nuestro compromiso de construir viviendas energ\u00e9ticamente eficientes.<\/p>\n<p>De acuerdo con la pr\u00e1ctica de OPAL de un proceso de dise\u00f1o abierto, en diciembre de 2006, antes de decidir si comprar o no la propiedad, OPAL organiz\u00f3 una reuni\u00f3n p\u00fablica en el Hotel Orcas. Los miembros de la comunidad brindaron valiosos aportes y opiniones.<\/p>\n<p>OPAL no tiene un cronograma para reanudar la planificaci\u00f3n en la propiedad &quot;Owl Lane&quot;. A medida que Orcas Island se recuper\u00f3 de la recesi\u00f3n, qued\u00f3 claro que la mayor necesidad de vivienda de la comunidad eran viviendas de alquiler asequibles, por lo que OPAL se ha centrado en <a href=\"http:\/\/www.opalclt.org\/es\/in-the-works\/new-rentals\/\">Arboleda de abril<\/a> en East Sound.<\/p>\n<p>Cuando se reanude la planificaci\u00f3n de la propiedad de Owl Lane, OPAL trabajar\u00e1 con los vecinos y la comunidad en un esfuerzo por asegurar que el plan del sitio sea sensible a la tierra y al vecindario existente.<\/p>\n<h3>Ubicaci\u00f3n:<\/h3>\n<p><iframe loading=\"lazy\" src=\"https:\/\/maps.google.com\/maps?f=q&amp;source=s_q&amp;hl=en&amp;geocode=&amp;q=Orcas,+WA&amp;aq=0&amp;oq=Orcas,+WA&amp;sll=48.705258,-122.91491&amp;sspn=0.00667,0.009527&amp;ie=UTF8&amp;hq=&amp;hnear=Orcas,+San+Juan,+Washington&amp;t=m&amp;z=14&amp;iwloc=A&amp;ll=48.59788,-122.944626&amp;output=embed\" width=\"425\" height=\"350\" frameborder=\"0\" marginwidth=\"0\" marginheight=\"0\" scrolling=\"no\"><\/iframe><br \/>\n<small><a style=\"color: #0000ff; text-align: left;\" href=\"https:\/\/maps.google.com\/maps?f=q&amp;source=embed&amp;hl=en&amp;geocode=&amp;q=Orcas,+WA&amp;aq=0&amp;oq=Orcas,+WA&amp;sll=48.705258,-122.91491&amp;sspn=0.00667,0.009527&amp;ie=UTF8&amp;hq=&amp;hnear=Orcas,+San+Juan,+Washington&amp;t=m&amp;z=14&amp;iwloc=A&amp;ll=48.59788,-122.944626\">Ver mapa m\u00e1s grande<\/a><\/small><\/p>","protected":false},"excerpt":{"rendered":"<p>Orcas Village Land Owned for Future Development In January 2007 OPAL purchased six acres in the hamlet of Orcas Village to be developed as a cluster of permanently affordable homes. Applicable zoning allows one home per half-acre for affordable housing that remains affordable for at least 50 years. The location, near the ferry landing, is [&hellip;]<\/p>","protected":false},"author":2,"featured_media":0,"parent":27,"menu_order":0,"comment_status":"closed","ping_status":"closed","template":"","meta":{"give_campaign_id":0,"_genesis_hide_title":false,"_genesis_hide_breadcrumbs":false,"_genesis_hide_singular_image":false,"_genesis_hide_footer_widgets":false,"_genesis_custom_body_class":"","_genesis_custom_post_class":"","_genesis_layout":"","footnotes":""},"class_list":{"0":"post-147","1":"page","2":"type-page","3":"status-publish","5":"entry"},"aioseo_notices":[],"campaignId":"","_links":{"self":[{"href":"http:\/\/www.opalclt.org\/es\/wp-json\/wp\/v2\/pages\/147","targetHints":{"allow":["GET"]}}],"collection":[{"href":"http:\/\/www.opalclt.org\/es\/wp-json\/wp\/v2\/pages"}],"about":[{"href":"http:\/\/www.opalclt.org\/es\/wp-json\/wp\/v2\/types\/page"}],"author":[{"embeddable":true,"href":"http:\/\/www.opalclt.org\/es\/wp-json\/wp\/v2\/users\/2"}],"replies":[{"embeddable":true,"href":"http:\/\/www.opalclt.org\/es\/wp-json\/wp\/v2\/comments?post=147"}],"version-history":[{"count":2,"href":"http:\/\/www.opalclt.org\/es\/wp-json\/wp\/v2\/pages\/147\/revisions"}],"predecessor-version":[{"id":3506,"href":"http:\/\/www.opalclt.org\/es\/wp-json\/wp\/v2\/pages\/147\/revisions\/3506"}],"up":[{"embeddable":true,"href":"http:\/\/www.opalclt.org\/es\/wp-json\/wp\/v2\/pages\/27"}],"wp:attachment":[{"href":"http:\/\/www.opalclt.org\/es\/wp-json\/wp\/v2\/media?parent=147"}],"curies":[{"name":"wp","href":"https:\/\/api.w.org\/{rel}","templated":true}]}}