{"id":149,"date":"2015-07-17T20:30:17","date_gmt":"2015-07-17T20:30:17","guid":{"rendered":"http:\/\/www.opalclt.org\/?page_id=149"},"modified":"2021-03-10T15:18:00","modified_gmt":"2021-03-10T23:18:00","slug":"reddick-apartments-and-offices","status":"publish","type":"page","link":"http:\/\/www.opalclt.org\/es\/our-properties\/reddick-apartments-and-offices\/","title":{"rendered":"Reddick Apartamentos y Oficinas"},"content":{"rendered":"<h1>Reddick Apartamentos y Oficinas<\/h1>\n<p><img loading=\"lazy\" decoding=\"async\" class=\"aligncenter size-full wp-image-150\" src=\"http:\/\/www.opalclt.org\/wp-content\/uploads\/reddick-offices.jpg\" alt=\"reddick-offices\" width=\"650\" height=\"163\" srcset=\"https:\/\/www.opalclt.org\/wp-content\/uploads\/reddick-offices.jpg 650w, https:\/\/www.opalclt.org\/wp-content\/uploads\/reddick-offices-300x75.jpg 300w\" sizes=\"auto, (max-width: 650px) 100vw, 650px\" \/><\/p>\n<h3>Completado 2004<\/h3>\n<p>OPAL construy\u00f3 sus primeros apartamentos de alquiler y oficinas contiguas en un desarrollo de uso mixto de cuatro edificios. Dos edificios reflejan estructuras hist\u00f3ricas que alguna vez estuvieron en la propiedad. El dise\u00f1o del sitio conserva un antiguo huerto de perales e incluye un jard\u00edn comunitario. Los siete apartamentos var\u00edan en tama\u00f1o de 400 a 700 pies cuadrados. La oficina de OPAL se encuentra aqu\u00ed, junto con varias otras peque\u00f1as empresas.<\/p>\n<p>Si est\u00e1 interesado en alquilar una de las oficinas de Reddick, comun\u00edquese con el gerente de la oficina de OPAL al (360) 376-3191.<\/p>\n<h3>Ubicaci\u00f3n:<\/h3>\n<p><iframe loading=\"lazy\" src=\"https:\/\/maps.google.com\/maps?f=q&amp;source=s_q&amp;hl=en&amp;geocode=&amp;q=286+Enchanted+Forest+Road,+Eastsound,+WA&amp;aq=0&amp;oq=286+&amp;sll=48.597884,-122.944629&amp;sspn=0.013368,0.019054&amp;ie=UTF8&amp;hq=&amp;hnear=286+Enchanted+Forest+Rd,+Eastsound,+Washington+98245&amp;t=m&amp;z=14&amp;ll=48.700288,-122.912929&amp;output=embed\" width=\"425\" height=\"350\" frameborder=\"0\" marginwidth=\"0\" marginheight=\"0\" scrolling=\"no\"><\/iframe><br \/>\n<small><a style=\"color: #0000ff; text-align: left;\" href=\"https:\/\/maps.google.com\/maps?f=q&amp;source=embed&amp;hl=en&amp;geocode=&amp;q=286+Enchanted+Forest+Road,+Eastsound,+WA&amp;aq=0&amp;oq=286+&amp;sll=48.597884,-122.944629&amp;sspn=0.013368,0.019054&amp;ie=UTF8&amp;hq=&amp;hnear=286+Enchanted+Forest+Rd,+Eastsound,+Washington+98245&amp;t=m&amp;z=14&amp;ll=48.700288,-122.912929\">Ver mapa m\u00e1s grande<\/a><\/small><\/p>","protected":false},"excerpt":{"rendered":"<p>Reddick Apartments and Offices Completed 2004 OPAL built its first rental apartments and adjoining office space in a mixed-use development of four buildings. Two buildings reflect historic structures that once stood on the property. The site design preserves an old pear orchard and includes a community garden. The seven apartments range in size from 400 [&hellip;]<\/p>","protected":false},"author":2,"featured_media":0,"parent":27,"menu_order":0,"comment_status":"closed","ping_status":"closed","template":"","meta":{"give_campaign_id":0,"_genesis_hide_title":false,"_genesis_hide_breadcrumbs":false,"_genesis_hide_singular_image":false,"_genesis_hide_footer_widgets":false,"_genesis_custom_body_class":"","_genesis_custom_post_class":"","_genesis_layout":"","footnotes":""},"class_list":{"0":"post-149","1":"page","2":"type-page","3":"status-publish","5":"entry","6":"has-post-thumbnail"},"aioseo_notices":[],"campaignId":"","_links":{"self":[{"href":"http:\/\/www.opalclt.org\/es\/wp-json\/wp\/v2\/pages\/149","targetHints":{"allow":["GET"]}}],"collection":[{"href":"http:\/\/www.opalclt.org\/es\/wp-json\/wp\/v2\/pages"}],"about":[{"href":"http:\/\/www.opalclt.org\/es\/wp-json\/wp\/v2\/types\/page"}],"author":[{"embeddable":true,"href":"http:\/\/www.opalclt.org\/es\/wp-json\/wp\/v2\/users\/2"}],"replies":[{"embeddable":true,"href":"http:\/\/www.opalclt.org\/es\/wp-json\/wp\/v2\/comments?post=149"}],"version-history":[{"count":2,"href":"http:\/\/www.opalclt.org\/es\/wp-json\/wp\/v2\/pages\/149\/revisions"}],"predecessor-version":[{"id":5263,"href":"http:\/\/www.opalclt.org\/es\/wp-json\/wp\/v2\/pages\/149\/revisions\/5263"}],"up":[{"embeddable":true,"href":"http:\/\/www.opalclt.org\/es\/wp-json\/wp\/v2\/pages\/27"}],"wp:attachment":[{"href":"http:\/\/www.opalclt.org\/es\/wp-json\/wp\/v2\/media?parent=149"}],"curies":[{"name":"wp","href":"https:\/\/api.w.org\/{rel}","templated":true}]}}