{"id":152,"date":"2015-07-17T20:31:55","date_gmt":"2015-07-17T20:31:55","guid":{"rendered":"http:\/\/www.opalclt.org\/?page_id=152"},"modified":"2018-09-17T14:11:42","modified_gmt":"2018-09-17T21:11:42","slug":"scattered-sites","status":"publish","type":"page","link":"http:\/\/www.opalclt.org\/es\/our-properties\/scattered-sites\/","title":{"rendered":"Sitios dispersos"},"content":{"rendered":"<h1>Sitios dispersos<\/h1>\n<h2><img loading=\"lazy\" decoding=\"async\" class=\"aligncenter size-full wp-image-153\" src=\"http:\/\/www.opalclt.org\/wp-content\/uploads\/scattered-sites.jpg\" alt=\"scattered-sites\" width=\"650\" height=\"163\" srcset=\"https:\/\/www.opalclt.org\/wp-content\/uploads\/scattered-sites.jpg 650w, https:\/\/www.opalclt.org\/wp-content\/uploads\/scattered-sites-300x75.jpg 300w\" sizes=\"auto, (max-width: 650px) 100vw, 650px\" \/><\/h2>\n<h2>Casas Ubicadas en Eastsound, Rosario, Olga y Obstruction Pass<\/h2>\n<p>En 2001, OPAL inici\u00f3 un programa de sitios dispersos y, a lo largo de los a\u00f1os, ha agregado residencias unifamiliares en una variedad de ubicaciones. La mayor\u00eda de las casas fueron adquiridas y renovadas por OPAL, utilizando una combinaci\u00f3n de subvenciones del Estado de Washington y donaciones privadas. Varias casas fueron donadas directamente.<\/p>\n<p>Las propiedades desarrolladas sin ning\u00fan financiamiento del gobierno est\u00e1n disponibles para los hogares que ganan m\u00e1s de 80% del ingreso medio del \u00e1rea (AMI), siempre que los ingresos y los activos del hogar no sean suficientes para comprar una vivienda a precio de mercado.<\/p>\n<p>Algunos ejemplos de c\u00f3mo se han adquirido las casas de sitios dispersos de OPAL:<\/p>\n<ul>\n<li>Una pareja don\u00f3 un terreno en Eastsound a OPAL; OPAL plane\u00f3 y construy\u00f3 dos casas estilo caba\u00f1a en el lote.<\/li>\n<\/ul>\n<ul>\n<li>Sandy Thompson quer\u00eda su 900 pies cuadrados. casa de alquiler para seguir siendo asequible y valioso tener un residente todo el a\u00f1o en el vecindario. Vendi\u00f3 la casa cerca de Obstruction Pass a OPAL a precio de ganga, y OPAL revendi\u00f3 la residencia, con un inter\u00e9s de arrendamiento en el terreno.<\/li>\n<\/ul>\n<ul>\n<li>Philip Rife don\u00f3 su 1,200 pies cuadrados. residencia a OPAL cuando se mud\u00f3 a una comunidad de jubilados fuera de la isla. OPAL renov\u00f3 y revendi\u00f3 la casa, ubicada en un lote de un acre en Eastsound.<\/li>\n<\/ul>\n<blockquote><p>\u00a0<i>\u201cLa vivienda OPAL ayuda a dejar espacio para todas las personas<\/i><i> \u2013 <\/i><i>todas las categor\u00edas econ\u00f3micas<\/i><i> \u2013 <\/i><i>en la isla. Apela a mi sentido de justicia social, ayud\u00e1ndonos a darnos cuenta de la gran diversidad de quienes somos como humanos\u201d.<br \/>\n<\/i><b>\u2013 Pastor de la iglesia en Eastsound<\/b><\/p><\/blockquote>","protected":false},"excerpt":{"rendered":"<p>Scattered Sites Houses Located in Eastsound, Rosario, Olga and Obstruction Pass In 2001 OPAL initiated a Scattered Sites program and over the years has added single-family residences in a range of locations. Most houses were acquired and renovated by OPAL, using a combination of Washington State grants and private donations. A number of houses were [&hellip;]<\/p>","protected":false},"author":2,"featured_media":0,"parent":27,"menu_order":0,"comment_status":"closed","ping_status":"closed","template":"","meta":{"give_campaign_id":0,"_genesis_hide_title":false,"_genesis_hide_breadcrumbs":false,"_genesis_hide_singular_image":false,"_genesis_hide_footer_widgets":false,"_genesis_custom_body_class":"","_genesis_custom_post_class":"","_genesis_layout":"","footnotes":""},"class_list":{"0":"post-152","1":"page","2":"type-page","3":"status-publish","5":"entry","6":"has-post-thumbnail"},"aioseo_notices":[],"campaignId":"","_links":{"self":[{"href":"http:\/\/www.opalclt.org\/es\/wp-json\/wp\/v2\/pages\/152","targetHints":{"allow":["GET"]}}],"collection":[{"href":"http:\/\/www.opalclt.org\/es\/wp-json\/wp\/v2\/pages"}],"about":[{"href":"http:\/\/www.opalclt.org\/es\/wp-json\/wp\/v2\/types\/page"}],"author":[{"embeddable":true,"href":"http:\/\/www.opalclt.org\/es\/wp-json\/wp\/v2\/users\/2"}],"replies":[{"embeddable":true,"href":"http:\/\/www.opalclt.org\/es\/wp-json\/wp\/v2\/comments?post=152"}],"version-history":[{"count":2,"href":"http:\/\/www.opalclt.org\/es\/wp-json\/wp\/v2\/pages\/152\/revisions"}],"predecessor-version":[{"id":3165,"href":"http:\/\/www.opalclt.org\/es\/wp-json\/wp\/v2\/pages\/152\/revisions\/3165"}],"up":[{"embeddable":true,"href":"http:\/\/www.opalclt.org\/es\/wp-json\/wp\/v2\/pages\/27"}],"wp:attachment":[{"href":"http:\/\/www.opalclt.org\/es\/wp-json\/wp\/v2\/media?parent=152"}],"curies":[{"name":"wp","href":"https:\/\/api.w.org\/{rel}","templated":true}]}}