{"id":155,"date":"2015-07-17T20:33:58","date_gmt":"2015-07-17T20:33:58","guid":{"rendered":"http:\/\/www.opalclt.org\/?page_id=155"},"modified":"2016-05-05T22:22:49","modified_gmt":"2016-05-05T22:22:49","slug":"wild-rose-meadow","status":"publish","type":"page","link":"http:\/\/www.opalclt.org\/es\/our-properties\/wild-rose-meadow\/","title":{"rendered":"Prado de rosas silvestres"},"content":{"rendered":"<h1>Prado de rosas silvestres<\/h1>\n<p><img loading=\"lazy\" decoding=\"async\" class=\"aligncenter size-full wp-image-156\" src=\"http:\/\/www.opalclt.org\/wp-content\/uploads\/wild-rose-meadow.jpg\" alt=\"wild-rose-meadow\" width=\"650\" height=\"163\" srcset=\"https:\/\/www.opalclt.org\/wp-content\/uploads\/wild-rose-meadow.jpg 650w, https:\/\/www.opalclt.org\/wp-content\/uploads\/wild-rose-meadow-300x75.jpg 300w\" sizes=\"auto, (max-width: 650px) 100vw, 650px\" \/><\/p>\n<p>Wild Rose Meadow es el vecindario m\u00e1s grande de OPAL, dise\u00f1ado y construido con \u00e9nfasis en la eficiencia energ\u00e9tica y el envejecimiento en el lugar. Est\u00e1 ubicado en Mt. Baker Road, directamente al otro lado de la calle del Orcas Island Medical Center, ya menos de un cuarto de milla a pie de las escuelas p\u00fablicas y la ciudad.<\/p>\n<p>La propiedad cuenta con una gran huerta comunitaria, con parcelas individuales y un huerto compartido. Un estanque est\u00e1 integrado en un humedal verde. Para aumentar la oportunidad de que las aguas pluviales se infiltren en el acu\u00edfero debajo de la propiedad, el dise\u00f1o incluye pavimento permeable, caminos pavimentados con grava y zonas de amortiguamiento con vegetaci\u00f3n densa.<\/p>\n<p>Las casas maximizan la exposici\u00f3n al sur, capturan la luz del d\u00eda para la ganancia solar pasiva e incluyen conductos incorporados para facilitar la instalaci\u00f3n futura de paneles solares para agua caliente o necesidades el\u00e9ctricas de servicio completo. Un propietario informa tener un uso de energ\u00eda casi nulo.<\/p>\n<blockquote><p><em>\u201cHay algo muy gratificante en vivir en una casa construida por tu propia comunidad. Conozco a los muchachos que construyeron esta casa ya los muchos otros miembros de la comunidad que hicieron realidad estas casas. Es como una herencia comunitaria que eventualmente puedo pasarle a mi hijo y darle una ventaja en el mundo. Estamos muy agradecidos\u201d.<\/em><br \/>\n<strong>\u2013 Propietario de Wild Rose Meadow<\/strong><\/p><\/blockquote>\n<h3>Completado 2010<\/h3>\n<table border=\"1\" width=\"650\" cellspacing=\"0\" cellpadding=\"0\">\n<tbody>\n<tr>\n<td valign=\"bottom\" width=\"40\">\n<h4 align=\"center\">Casas<\/h4>\n<\/td>\n<td valign=\"bottom\" width=\"75\">\n<h6 align=\"center\"><b>Acres totales<\/b><\/h6>\n<\/td>\n<td valign=\"bottom\" width=\"100\">\n<h6 align=\"center\"><b><br \/>\nTierra comun<br \/>\ny Comunidad<br \/>\nJard\u00edn<br \/>\n<\/b><\/h6>\n<\/td>\n<td valign=\"bottom\" width=\"100\">\n<h6 align=\"center\"><b>Tama\u00f1o de lote promedio<\/b><\/h6>\n<\/td>\n<td valign=\"bottom\" width=\"100\">\n<h6 align=\"center\"><b>Casa m\u00e1s peque\u00f1a<\/b><\/h6>\n<\/td>\n<td valign=\"bottom\" width=\"100\">\n<h6 align=\"center\"><b>m\u00e1s grande<br \/>\ncasa<\/b><\/h6>\n<\/td>\n<\/tr>\n<tr>\n<td valign=\"bottom\" nowrap=\"nowrap\" bgcolor=\"#f1e8ce\" width=\"40\">\n<h6 align=\"center\">32<\/h6>\n<\/td>\n<td valign=\"bottom\" nowrap=\"nowrap\" bgcolor=\"#f1e8ce\" width=\"75\">\n<h6 align=\"center\">6.67<\/h6>\n<\/td>\n<td valign=\"bottom\" nowrap=\"nowrap\" bgcolor=\"#f1e8ce\" width=\"100\">\n<h6 align=\"center\">4 acres<\/h6>\n<\/td>\n<td valign=\"bottom\" nowrap=\"nowrap\" bgcolor=\"#f1e8ce\" width=\"100\">\n<h6 align=\"center\">2,604 pies cuadrados<\/h6>\n<\/td>\n<td valign=\"bottom\" nowrap=\"nowrap\" bgcolor=\"#f1e8ce\" width=\"100\">\n<h6 align=\"center\">740 pies cuadrados<\/h6>\n<\/td>\n<td valign=\"bottom\" nowrap=\"nowrap\" bgcolor=\"#f1e8ce\" width=\"100\">\n<h6 align=\"center\">1,720 pies cuadrados<\/h6>\n<\/td>\n<\/tr>\n<\/tbody>\n<\/table>\n<p>&nbsp;<\/p>\n<h4>Costos de construcci\u00f3n de Wild Rose Meadow, 2010<\/h4>\n<table border=\"1\" width=\"650\" cellspacing=\"0\" cellpadding=\"1\">\n<tbody>\n<tr>\n<td valign=\"top\" width=\"99\"><\/td>\n<td valign=\"bottom\" width=\"10%\">\n<h6 align=\"center\"><b>Subvenci\u00f3n del estado de WA<\/b><\/h6>\n<\/td>\n<td valign=\"bottom\" width=\"18%\">\n<h6 align=\"center\"><b>Subvenciones federales<\/b><\/h6>\n<\/td>\n<td valign=\"bottom\" width=\"18%\">\n<h6 align=\"center\"><b>Donaciones\/Fundaciones<\/b><\/h6>\n<\/td>\n<td valign=\"bottom\" width=\"18%\">\n<h6 align=\"center\"><b>Hipotecas para compradores de vivienda<\/b><\/h6>\n<\/td>\n<td valign=\"bottom\" width=\"18%\">\n<h6 align=\"center\"><b>Total<\/b><\/h6>\n<\/td>\n<\/tr>\n<tr>\n<td valign=\"bottom\" nowrap=\"nowrap\" bgcolor=\"#f1e8ce\" width=\"99\">\n<h6>dolares<\/h6>\n<\/td>\n<td valign=\"bottom\" nowrap=\"nowrap\" bgcolor=\"#f1e8ce\" width=\"15%\">\n<h6 align=\"center\">$1,390,000<\/h6>\n<\/td>\n<td valign=\"bottom\" nowrap=\"nowrap\" bgcolor=\"#f1e8ce\" width=\"15%\">\n<h6 align=\"center\">$770,000<\/h6>\n<\/td>\n<td valign=\"bottom\" nowrap=\"nowrap\" bgcolor=\"#f1e8ce\" width=\"15%\">\n<h6 align=\"center\">$2,482,334<\/h6>\n<\/td>\n<td valign=\"bottom\" nowrap=\"nowrap\" bgcolor=\"#f1e8ce\" width=\"15%\">\n<h6 align=\"center\">$5,567,602<\/h6>\n<\/td>\n<td valign=\"bottom\" nowrap=\"nowrap\" bgcolor=\"#f1e8ce\" width=\"15%\">\n<h6 align=\"center\">$10,209,936<\/h6>\n<\/td>\n<\/tr>\n<tr>\n<td valign=\"bottom\" nowrap=\"nowrap\" width=\"99\">\n<h6>Porcentaje<\/h6>\n<\/td>\n<td valign=\"bottom\" nowrap=\"nowrap\" width=\"15%\">\n<h6 align=\"center\">13.6%<\/h6>\n<\/td>\n<td valign=\"bottom\" nowrap=\"nowrap\" width=\"15%\">\n<h6 align=\"center\">7.5%<\/h6>\n<\/td>\n<td valign=\"bottom\" nowrap=\"nowrap\" width=\"15%\">\n<h6 align=\"center\">24.3%<\/h6>\n<\/td>\n<td valign=\"bottom\" nowrap=\"nowrap\" width=\"15%\">\n<h6 align=\"center\">54.5%<\/h6>\n<\/td>\n<td valign=\"bottom\" nowrap=\"nowrap\" width=\"15%\"><\/td>\n<\/tr>\n<\/tbody>\n<\/table>\n<p>&nbsp;<\/p>\n<h3>Ubicaci\u00f3n:<\/h3>\n<p><iframe loading=\"lazy\" src=\"https:\/\/maps.google.com\/maps?f=q&amp;source=s_q&amp;hl=en&amp;geocode=&amp;q=Rosehip+Road,+Eastsound,+WA&amp;aq=0&amp;oq=Roseh+Road,+Eastsound,+WA&amp;sll=48.702326,-122.902368&amp;sspn=0.00667,0.009527&amp;ie=UTF8&amp;hq=&amp;hnear=Rosehip+Rd,+Eastsound,+San+Juan,+Washington+98245&amp;ll=48.702326,-122.902368&amp;spn=0.00667,0.009527&amp;t=m&amp;z=14&amp;output=embed\" width=\"425\" height=\"350\" frameborder=\"0\" marginwidth=\"0\" marginheight=\"0\" scrolling=\"no\"><\/iframe><br \/>\n<small><a style=\"color: #0000ff; text-align: left;\" href=\"https:\/\/maps.google.com\/maps?f=q&amp;source=embed&amp;hl=en&amp;geocode=&amp;q=Rosehip+Road,+Eastsound,+WA&amp;aq=0&amp;oq=Roseh+Road,+Eastsound,+WA&amp;sll=48.702326,-122.902368&amp;sspn=0.00667,0.009527&amp;ie=UTF8&amp;hq=&amp;hnear=Rosehip+Rd,+Eastsound,+San+Juan,+Washington+98245&amp;ll=48.702326,-122.902368&amp;spn=0.00667,0.009527&amp;t=m&amp;z=14\">Ver mapa m\u00e1s grande<\/a><\/small><\/p>","protected":false},"excerpt":{"rendered":"<p>Wild Rose Meadow Wild Rose Meadow is OPAL\u2019s largest neighborhood, designed and constructed with emphasis on energy efficiency and aging in place. It is located off Mt. Baker Road, directly across the street from the Orcas Island Medical Center, and less than a quarter-mile walking distance to public schools and town. The property features a [&hellip;]<\/p>","protected":false},"author":2,"featured_media":0,"parent":27,"menu_order":0,"comment_status":"closed","ping_status":"closed","template":"","meta":{"give_campaign_id":0,"_genesis_hide_title":false,"_genesis_hide_breadcrumbs":false,"_genesis_hide_singular_image":false,"_genesis_hide_footer_widgets":false,"_genesis_custom_body_class":"","_genesis_custom_post_class":"","_genesis_layout":"","footnotes":""},"class_list":{"0":"post-155","1":"page","2":"type-page","3":"status-publish","5":"entry","6":"has-post-thumbnail"},"aioseo_notices":[],"campaignId":"","_links":{"self":[{"href":"http:\/\/www.opalclt.org\/es\/wp-json\/wp\/v2\/pages\/155","targetHints":{"allow":["GET"]}}],"collection":[{"href":"http:\/\/www.opalclt.org\/es\/wp-json\/wp\/v2\/pages"}],"about":[{"href":"http:\/\/www.opalclt.org\/es\/wp-json\/wp\/v2\/types\/page"}],"author":[{"embeddable":true,"href":"http:\/\/www.opalclt.org\/es\/wp-json\/wp\/v2\/users\/2"}],"replies":[{"embeddable":true,"href":"http:\/\/www.opalclt.org\/es\/wp-json\/wp\/v2\/comments?post=155"}],"version-history":[{"count":1,"href":"http:\/\/www.opalclt.org\/es\/wp-json\/wp\/v2\/pages\/155\/revisions"}],"predecessor-version":[{"id":1600,"href":"http:\/\/www.opalclt.org\/es\/wp-json\/wp\/v2\/pages\/155\/revisions\/1600"}],"up":[{"embeddable":true,"href":"http:\/\/www.opalclt.org\/es\/wp-json\/wp\/v2\/pages\/27"}],"wp:attachment":[{"href":"http:\/\/www.opalclt.org\/es\/wp-json\/wp\/v2\/media?parent=155"}],"curies":[{"name":"wp","href":"https:\/\/api.w.org\/{rel}","templated":true}]}}