{"id":205,"date":"2015-07-21T00:23:28","date_gmt":"2015-07-21T00:23:28","guid":{"rendered":"http:\/\/www.opalclt.org\/?page_id=205"},"modified":"2016-05-05T22:20:20","modified_gmt":"2016-05-05T22:20:20","slug":"opal-commons","status":"publish","type":"page","link":"http:\/\/www.opalclt.org\/es\/our-properties\/opal-commons\/","title":{"rendered":"Comunes de \u00f3palo"},"content":{"rendered":"<h1>Comunes de \u00f3palo<\/h1>\n<p><a href=\"http:\/\/www.opalclt.org\/wp-content\/uploads\/opal-commons.jpg\"><img loading=\"lazy\" decoding=\"async\" class=\"aligncenter size-full wp-image-282\" src=\"http:\/\/www.opalclt.org\/wp-content\/uploads\/opal-commons.jpg\" alt=\"opal commons neighborhood\" width=\"650\" height=\"163\" srcset=\"https:\/\/www.opalclt.org\/wp-content\/uploads\/opal-commons.jpg 650w, https:\/\/www.opalclt.org\/wp-content\/uploads\/opal-commons-300x75.jpg 300w\" sizes=\"auto, (max-width: 650px) 100vw, 650px\" \/><\/a><\/p>\n<p>Opal Commons tiene un gran jard\u00edn de alimentos compartido y un \u00e1rea com\u00fan donde los vecinos se re\u00fanen para hacer picnics y hacer fogatas. El estacionamiento est\u00e1 ubicado alrededor del per\u00edmetro, lo que crea un espacio interior exuberante con plantas y un amplio c\u00e9sped ideal para reuniones. Cuatro tipos diferentes de casas de dos pisos acomodan a familias de una a cinco personas y de todas las edades.<\/p>\n<p>Este vecindario cuenta con una serie de primicias. Es el primer barrio de OPAL, creado en una \u00e9poca en que no exist\u00eda nada igual en la Isla de las Orcas. Las 18 casas fueron las primeras casas de fideicomiso de tierras comunitarias en obtener financiamiento hipotecario del Servicio de Vivienda Rural del Departamento de Agricultura de EE. UU. Tambi\u00e9n es uno de los primeros proyectos rurales financiados por el Fondo Fiduciario de Vivienda del Estado de Washington.<\/p>\n<p>En 1995, Opal Commons recibi\u00f3 una menci\u00f3n de honor en los Premios Maxwell a la Excelencia de la Fundaci\u00f3n Fannie Mae. El barrio tambi\u00e9n apareci\u00f3 en <i>Buenos Vecinos: Vivienda Familiar Asequible<\/i>, 1997, Tom Jones y otros, McGraw-Hill.<\/p>\n<blockquote><p><i>\u201cEl grupo central de los fundadores de Opal Commons no ten\u00eda en mente un vecindario, sino un pueblo, con todas las connotaciones que tiene esa vieja palabra. Esa decisi\u00f3n, y el desarrollo del sitio como un espacio continuo e ininterrumpido, mejora todos los aspectos de la convivencia\u201d. <\/i><b><br \/>\n\u2013 Propietario de Opal Commons, padre, profesional de la salud<\/b><\/p><\/blockquote>\n<p>&nbsp;<\/p>\n<h3>Completado 1994<\/h3>\n<table border=\"1\" width=\"650\" cellspacing=\"0\" cellpadding=\"0\">\n<tbody>\n<tr>\n<td valign=\"bottom\" width=\"40\">\n<h4 align=\"center\">Casas<\/h4>\n<\/td>\n<td valign=\"bottom\" width=\"75\">\n<h6 align=\"center\"><b>Acres totales<\/b><\/h6>\n<\/td>\n<td valign=\"bottom\" width=\"100\">\n<h6 align=\"center\"><b><br \/>\nTierra comun<br \/>\ny Comunidad<br \/>\nJard\u00edn<br \/>\n<\/b><\/h6>\n<\/td>\n<td valign=\"bottom\" width=\"100\">\n<h6 align=\"center\"><b>Tama\u00f1o de lote promedio <\/b><\/h6>\n<\/td>\n<td valign=\"bottom\" width=\"100\">\n<h6 align=\"center\"><b>Casa m\u00e1s peque\u00f1a<\/b><\/h6>\n<\/td>\n<td valign=\"bottom\" width=\"100\">\n<h6 align=\"center\"><b>casa m\u00e1s grande<\/b><\/h6>\n<\/td>\n<\/tr>\n<tr>\n<td valign=\"bottom\" nowrap=\"nowrap\" bgcolor=\"#f1e8ce\" width=\"40\">\n<h6 align=\"center\">18<\/h6>\n<\/td>\n<td valign=\"bottom\" nowrap=\"nowrap\" bgcolor=\"#f1e8ce\" width=\"75\">\n<h6 align=\"center\">6.7<\/h6>\n<\/td>\n<td valign=\"bottom\" nowrap=\"nowrap\" bgcolor=\"#f1e8ce\" width=\"100\">\n<h6 align=\"center\">3.9 acres<\/h6>\n<\/td>\n<td valign=\"bottom\" nowrap=\"nowrap\" bgcolor=\"#f1e8ce\" width=\"100\">\n<h6 align=\"center\">6,764 pies cuadrados<\/h6>\n<\/td>\n<td valign=\"bottom\" nowrap=\"nowrap\" bgcolor=\"#f1e8ce\" width=\"100\">\n<h6 align=\"center\">816 pies cuadrados<\/h6>\n<\/td>\n<td valign=\"bottom\" nowrap=\"nowrap\" bgcolor=\"#f1e8ce\" width=\"100\">\n<h6 align=\"center\">1,312 pies cuadrados<\/h6>\n<\/td>\n<\/tr>\n<\/tbody>\n<\/table>\n<p>&nbsp;<\/p>\n<h3>Costos de construcci\u00f3n de Opal Commons, 1994<\/h3>\n<table border=\"1\" width=\"650\" cellspacing=\"0\" cellpadding=\"1\">\n<tbody>\n<tr>\n<td valign=\"top\" width=\"99\"><\/td>\n<td valign=\"bottom\" width=\"10%\">\n<h6 align=\"center\"><b>Subvenci\u00f3n del estado de WA<\/b><\/h6>\n<\/td>\n<td valign=\"bottom\" width=\"18%\">\n<h6 align=\"center\"><b>Subvenciones federales<\/b><\/h6>\n<\/td>\n<td valign=\"bottom\" width=\"18%\">\n<h6 align=\"center\"><b>Donaciones\/Fundaciones<\/b><\/h6>\n<\/td>\n<td valign=\"bottom\" width=\"18%\">\n<h6 align=\"center\"><b>Hipotecas para compradores de vivienda<\/b><\/h6>\n<\/td>\n<td valign=\"bottom\" width=\"18%\">\n<h6 align=\"center\"><b>Total<\/b><\/h6>\n<\/td>\n<\/tr>\n<tr>\n<td valign=\"bottom\" nowrap=\"nowrap\" bgcolor=\"#f1e8ce\" width=\"99\">\n<h6>dolares<\/h6>\n<\/td>\n<td valign=\"bottom\" nowrap=\"nowrap\" bgcolor=\"#f1e8ce\" width=\"15%\">\n<h6 align=\"center\">$300,000<\/h6>\n<\/td>\n<td valign=\"bottom\" nowrap=\"nowrap\" bgcolor=\"#f1e8ce\" width=\"15%\">\n<h6 align=\"center\">$80,000<\/h6>\n<\/td>\n<td valign=\"bottom\" nowrap=\"nowrap\" bgcolor=\"#f1e8ce\" width=\"15%\">\n<h6 align=\"center\">$10,000<\/h6>\n<\/td>\n<td valign=\"bottom\" nowrap=\"nowrap\" bgcolor=\"#f1e8ce\" width=\"15%\">\n<h6 align=\"center\">$1,159,100<\/h6>\n<\/td>\n<td valign=\"bottom\" nowrap=\"nowrap\" bgcolor=\"#f1e8ce\" width=\"15%\">\n<h6 align=\"center\">$1,549,100<\/h6>\n<\/td>\n<\/tr>\n<tr>\n<td valign=\"bottom\" nowrap=\"nowrap\" width=\"99\">\n<h6>Porcentaje<\/h6>\n<\/td>\n<td valign=\"bottom\" nowrap=\"nowrap\" width=\"15%\">\n<h6 align=\"center\">19.4%<\/h6>\n<\/td>\n<td valign=\"bottom\" nowrap=\"nowrap\" width=\"15%\">\n<h6 align=\"center\">5.2%<\/h6>\n<\/td>\n<td valign=\"bottom\" nowrap=\"nowrap\" width=\"15%\">\n<h6 align=\"center\">0.6%<\/h6>\n<\/td>\n<td valign=\"bottom\" nowrap=\"nowrap\" width=\"15%\">\n<h6 align=\"center\">74.8%<\/h6>\n<\/td>\n<td valign=\"bottom\" nowrap=\"nowrap\" width=\"15%\"><\/td>\n<\/tr>\n<\/tbody>\n<\/table>\n<p>&nbsp;<\/p>\n<h2><\/h2>\n<h3>Ubicaci\u00f3n:<\/h3>\n<p><iframe loading=\"lazy\" src=\"https:\/\/maps.google.com\/maps?f=q&amp;source=s_q&amp;hl=en&amp;geocode=&amp;q=Seaview+Street,+Eastsound,+WA&amp;aq=0&amp;oq=Seaview,+Eastsound+WA&amp;sll=48.702142,-122.913655&amp;sspn=0.00667,0.009527&amp;ie=UTF8&amp;hq=&amp;hnear=Seaview+St,+Eastsound,+Washington+98245&amp;t=m&amp;z=14&amp;iwloc=A&amp;output=embed\" width=\"425\" height=\"350\" frameborder=\"0\" marginwidth=\"0\" marginheight=\"0\" scrolling=\"no\"><\/iframe><br \/>\n<small><a style=\"color: #0000ff; text-align: left;\" href=\"https:\/\/maps.google.com\/maps?f=q&amp;source=embed&amp;hl=en&amp;geocode=&amp;q=Seaview+Street,+Eastsound,+WA&amp;aq=0&amp;oq=Seaview,+Eastsound+WA&amp;sll=48.702142,-122.913655&amp;sspn=0.00667,0.009527&amp;ie=UTF8&amp;hq=&amp;hnear=Seaview+St,+Eastsound,+Washington+98245&amp;t=m&amp;z=14&amp;iwloc=A\">Ver mapa m\u00e1s grande<\/a><\/small><\/p>","protected":false},"excerpt":{"rendered":"<p>Opal Commons Opal Commons has a large shared food garden and common area where neighbors meet for picnics and bonfires. Parking is located around the perimeter, creating an interior space that is lush with plants and a sweeping lawn well suited for gatherings. Four different two-story house-types accommodate families of one to five people and [&hellip;]<\/p>","protected":false},"author":2,"featured_media":0,"parent":27,"menu_order":0,"comment_status":"closed","ping_status":"closed","template":"","meta":{"give_campaign_id":0,"_genesis_hide_title":false,"_genesis_hide_breadcrumbs":false,"_genesis_hide_singular_image":false,"_genesis_hide_footer_widgets":false,"_genesis_custom_body_class":"","_genesis_custom_post_class":"","_genesis_layout":"","footnotes":""},"class_list":{"0":"post-205","1":"page","2":"type-page","3":"status-publish","5":"entry","6":"has-post-thumbnail"},"aioseo_notices":[],"campaignId":"","_links":{"self":[{"href":"http:\/\/www.opalclt.org\/es\/wp-json\/wp\/v2\/pages\/205","targetHints":{"allow":["GET"]}}],"collection":[{"href":"http:\/\/www.opalclt.org\/es\/wp-json\/wp\/v2\/pages"}],"about":[{"href":"http:\/\/www.opalclt.org\/es\/wp-json\/wp\/v2\/types\/page"}],"author":[{"embeddable":true,"href":"http:\/\/www.opalclt.org\/es\/wp-json\/wp\/v2\/users\/2"}],"replies":[{"embeddable":true,"href":"http:\/\/www.opalclt.org\/es\/wp-json\/wp\/v2\/comments?post=205"}],"version-history":[{"count":1,"href":"http:\/\/www.opalclt.org\/es\/wp-json\/wp\/v2\/pages\/205\/revisions"}],"predecessor-version":[{"id":1596,"href":"http:\/\/www.opalclt.org\/es\/wp-json\/wp\/v2\/pages\/205\/revisions\/1596"}],"up":[{"embeddable":true,"href":"http:\/\/www.opalclt.org\/es\/wp-json\/wp\/v2\/pages\/27"}],"wp:attachment":[{"href":"http:\/\/www.opalclt.org\/es\/wp-json\/wp\/v2\/media?parent=205"}],"curies":[{"name":"wp","href":"https:\/\/api.w.org\/{rel}","templated":true}]}}