{"id":3146,"date":"2018-09-17T13:06:49","date_gmt":"2018-09-17T20:06:49","guid":{"rendered":"https:\/\/www.opalclt.org\/?page_id=3146"},"modified":"2018-09-17T13:06:49","modified_gmt":"2018-09-17T20:06:49","slug":"our-properties-lavender-hollow","status":"publish","type":"page","link":"http:\/\/www.opalclt.org\/es\/our-properties\/our-properties-lavender-hollow\/","title":{"rendered":"Lavanda hueca"},"content":{"rendered":"<h1>Lavanda hueca<\/h1>\n<p><img loading=\"lazy\" decoding=\"async\" class=\"aligncenter size-full wp-image-3160\" src=\"http:\/\/www.opalclt.org\/wp-content\/uploads\/lavender-hollow.jpg\" alt=\"lavender hollow \" width=\"650\" height=\"163\" srcset=\"https:\/\/www.opalclt.org\/wp-content\/uploads\/lavender-hollow.jpg 650w, https:\/\/www.opalclt.org\/wp-content\/uploads\/lavender-hollow-300x75.jpg 300w\" sizes=\"auto, (max-width: 650px) 100vw, 650px\" \/><\/p>\n<p>Convenientemente ubicado en Eastsound, OPAL compr\u00f3 Lavender Hollow en 2011 y sirve a familias isle\u00f1as de bajos ingresos. El complejo de apartamentos de 22 unidades ofrece una combinaci\u00f3n de unidades de alquiler de una, dos y tres habitaciones en ocho edificios, con instalaciones de lavander\u00eda en el lugar. Para obtener m\u00e1s informaci\u00f3n, llame al 360-376-5479 o env\u00ede un correo electr\u00f3nico\u00a0<u><a href=\"mailto:lavender.hollow@ad-west.com\">lavanda.hueco@ad-west.com<\/a><\/u>.<\/p>\n<h3>Ubicaci\u00f3n:<\/h3>\n<p><iframe loading=\"lazy\" style=\"border: 0;\" src=\"https:\/\/www.google.com\/maps\/embed?pb=!1m14!1m8!1m3!1d10533.324267810924!2d-122.9091135!3d48.6991528!3m2!1i1024!2i768!4f13.1!3m3!1m2!1s0x0%3A0xf85c550ed9ac0462!2sLavender+Hollow+Apartments!5e0!3m2!1sen!2sus!4v1537205982764\" width=\"600\" height=\"450\" frameborder=\"0\" allowfullscreen=\"allowfullscreen\"><\/iframe><\/p>\n<p><a href=\"https:\/\/www.google.com\/maps\/place\/Lavender+Hollow+Apartments\/@48.699153,-122.909113,14z\/data=!4m5!3m4!1s0x0:0xf85c550ed9ac0462!8m2!3d48.6991528!4d-122.9091135?hl=en-US\">Ver mapa m\u00e1s grande<\/a><\/p>","protected":false},"excerpt":{"rendered":"<p>Lavender Hollow Conveniently located in Eastsound, Lavender Hollow was purchased by OPAL in 2011 and serves low-income island families. The 22-unit apartment complex offers a mix of one-, two-, and three-bedroom rental units in eight buildings, with laundry facilities on site. For more information, please call 360-376-5479 or email\u00a0lavender.hollow@ad-west.com. Location: View Larger Map<\/p>","protected":false},"author":9192207,"featured_media":0,"parent":27,"menu_order":0,"comment_status":"closed","ping_status":"closed","template":"","meta":{"give_campaign_id":0,"_genesis_hide_title":false,"_genesis_hide_breadcrumbs":false,"_genesis_hide_singular_image":false,"_genesis_hide_footer_widgets":false,"_genesis_custom_body_class":"","_genesis_custom_post_class":"","_genesis_layout":"","footnotes":""},"class_list":{"0":"post-3146","1":"page","2":"type-page","3":"status-publish","5":"entry","6":"has-post-thumbnail"},"aioseo_notices":[],"campaignId":"","_links":{"self":[{"href":"http:\/\/www.opalclt.org\/es\/wp-json\/wp\/v2\/pages\/3146","targetHints":{"allow":["GET"]}}],"collection":[{"href":"http:\/\/www.opalclt.org\/es\/wp-json\/wp\/v2\/pages"}],"about":[{"href":"http:\/\/www.opalclt.org\/es\/wp-json\/wp\/v2\/types\/page"}],"author":[{"embeddable":true,"href":"http:\/\/www.opalclt.org\/es\/wp-json\/wp\/v2\/users\/9192207"}],"replies":[{"embeddable":true,"href":"http:\/\/www.opalclt.org\/es\/wp-json\/wp\/v2\/comments?post=3146"}],"version-history":[{"count":4,"href":"http:\/\/www.opalclt.org\/es\/wp-json\/wp\/v2\/pages\/3146\/revisions"}],"predecessor-version":[{"id":3163,"href":"http:\/\/www.opalclt.org\/es\/wp-json\/wp\/v2\/pages\/3146\/revisions\/3163"}],"up":[{"embeddable":true,"href":"http:\/\/www.opalclt.org\/es\/wp-json\/wp\/v2\/pages\/27"}],"wp:attachment":[{"href":"http:\/\/www.opalclt.org\/es\/wp-json\/wp\/v2\/media?parent=3146"}],"curies":[{"name":"wp","href":"https:\/\/api.w.org\/{rel}","templated":true}]}}