{"id":3272,"date":"2019-01-22T10:50:17","date_gmt":"2019-01-22T18:50:17","guid":{"rendered":"https:\/\/www.opalclt.org\/?page_id=3272"},"modified":"2025-12-10T11:34:24","modified_gmt":"2025-12-10T19:34:24","slug":"donate-securities","status":"publish","type":"page","link":"http:\/\/www.opalclt.org\/es\/donate\/donate-securities\/","title":{"rendered":"Donar Valores"},"content":{"rendered":"<h1 class=\"wp-block-heading\">Donar Valores<\/h1>\n\n\n\n<p>Los obsequios de valores apreciados a largo plazo son una manera f\u00e1cil de hacer una contribuci\u00f3n duradera a OPAL Community Land Trust. Cuando hace una donaci\u00f3n de valores, usted:<\/p>\n\n\n\n<ul class=\"wp-block-list\">\n<li>Ahorre el impuesto sobre las ganancias de capital: al donar valores que ha tenido durante uno o m\u00e1s a\u00f1os, puede evitar los impuestos sobre las ganancias de capital en los que habr\u00eda incurrido si hubiera vendido los valores usted mismo.<\/li>\n\n\n\n<li>Ahorre impuestos sobre la renta: puede tomar una deducci\u00f3n de impuestos sobre la renta por el valor total actual de mercado del regalo.<\/li>\n\n\n\n<li>Aproveche su regalo: si el valor de mercado actual de los valores que dona a OPAL es mayor que su base de costo original en los valores, \u00a1usted aprovecha un regalo mayor para ayudar a OPAL a proporcionar viviendas asequibles de forma permanente en Orcas!<\/li>\n<\/ul>\n\n\n\n<p>To make a gift of appreciated securities, please use OPAL&#8217;s <a href=\"https:\/\/www.opalclt.org\/wp-content\/uploads\/OPAL-Securities-Form.pdf\" target=\"_blank\" rel=\"noopener\" title=\"Securities Gift Transfer Form\">Securities Gift Transfer Form<\/a> which provides instructions that your broker can follow\u00a0to transfer securities electronically to OPAL Community Land Trust &#8211; or contact the OPAL office at 360-376-3191 or <a href=\"mailto:office@opalclt.org\">office@opalclt.org<\/a>.<\/p>\n\n\n\n<p>Indique a su corredor que notifique a la oficina de OPAL al (360) 376-3191 antes de realizar una transferencia. Esto asegura que su obsequio se manejar\u00e1 de manera expedita y debidamente reconocida a efectos fiscales.<\/p>","protected":false},"excerpt":{"rendered":"<p>Donate Securities Gifts of long-term appreciated securities are an easy way to make a lasting contribution to OPAL Community Land Trust. When you make a gift of securities, you: To make a gift of appreciated securities, please use OPAL&#8217;s Securities Gift Transfer Form which provides instructions that your broker can follow\u00a0to transfer securities electronically to [&hellip;]<\/p>\n","protected":false},"author":2,"featured_media":0,"parent":37,"menu_order":0,"comment_status":"closed","ping_status":"closed","template":"","meta":{"give_campaign_id":0,"_genesis_hide_title":false,"_genesis_hide_breadcrumbs":false,"_genesis_hide_singular_image":false,"_genesis_hide_footer_widgets":false,"_genesis_custom_body_class":"","_genesis_custom_post_class":"","_genesis_layout":"","footnotes":""},"class_list":{"0":"post-3272","1":"page","2":"type-page","3":"status-publish","5":"entry"},"aioseo_notices":[],"campaignId":"","_links":{"self":[{"href":"http:\/\/www.opalclt.org\/es\/wp-json\/wp\/v2\/pages\/3272","targetHints":{"allow":["GET"]}}],"collection":[{"href":"http:\/\/www.opalclt.org\/es\/wp-json\/wp\/v2\/pages"}],"about":[{"href":"http:\/\/www.opalclt.org\/es\/wp-json\/wp\/v2\/types\/page"}],"author":[{"embeddable":true,"href":"http:\/\/www.opalclt.org\/es\/wp-json\/wp\/v2\/users\/2"}],"replies":[{"embeddable":true,"href":"http:\/\/www.opalclt.org\/es\/wp-json\/wp\/v2\/comments?post=3272"}],"version-history":[{"count":5,"href":"http:\/\/www.opalclt.org\/es\/wp-json\/wp\/v2\/pages\/3272\/revisions"}],"predecessor-version":[{"id":8461,"href":"http:\/\/www.opalclt.org\/es\/wp-json\/wp\/v2\/pages\/3272\/revisions\/8461"}],"up":[{"embeddable":true,"href":"http:\/\/www.opalclt.org\/es\/wp-json\/wp\/v2\/pages\/37"}],"wp:attachment":[{"href":"http:\/\/www.opalclt.org\/es\/wp-json\/wp\/v2\/media?parent=3272"}],"curies":[{"name":"wp","href":"https:\/\/api.w.org\/{rel}","templated":true}]}}