{"id":3275,"date":"2019-01-22T10:50:56","date_gmt":"2019-01-22T18:50:56","guid":{"rendered":"https:\/\/www.opalclt.org\/?page_id=3275"},"modified":"2020-06-03T11:47:50","modified_gmt":"2020-06-03T18:47:50","slug":"donate-property","status":"publish","type":"page","link":"http:\/\/www.opalclt.org\/es\/donate\/donate-property\/","title":{"rendered":"Dona tu terreno o casa"},"content":{"rendered":"<h1 class=\"wp-block-heading\">Dona tu terreno o casa<\/h1>\r\n\r\n\r\n\r\n<p>OPAL Community Land Trust acepta con gratitud obsequios de terrenos y otras propiedades. Todos estos obsequios deben ser aprobados por el consejo de administraci\u00f3n de OPAL antes de ser aceptados. Llame a la directora ejecutiva de OPAL, Lisa Byers, al 360-376-3191 o <a href=\"mailto:opalclt@opalclt.org\">opalclt@opalclt.org<\/a> para discutir una propuesta de donaci\u00f3n de propiedad.<\/p>\r\n\r\n\r\n\r\n<h2 class=\"wp-block-heading\">Donar Tierra<\/h2>\r\n\r\n\r\n\r\n<p>Si la propiedad que desea donar es adecuada para ubicar viviendas asequibles de forma permanente, OPAL aceptar\u00e1 su donaci\u00f3n y conservar\u00e1 la propiedad hasta que OPAL est\u00e9 lista para desarrollarla. Si la propiedad no es apropiada para el desarrollo, OPAL a\u00fan puede aceptar el obsequio, pero har\u00eda los arreglos para que la propiedad se venda y las ganancias se utilicen para apoyar viviendas asequibles.<\/p>\r\n\r\n\r\n\r\n<p>Una donaci\u00f3n de terreno puede ser una excelente manera de hacer una importante inversi\u00f3n deducible de impuestos en OPAL. Cuando dona un terreno, el valor total justo de mercado del terreno se considera una contribuci\u00f3n ben\u00e9fica y puede reducir su ingreso imponible en esa cantidad. Adem\u00e1s, elimina la necesidad de pagar impuestos a la propiedad sobre el terreno y reduce las futuras obligaciones tributarias al eliminar la propiedad de su patrimonio.<\/p>\r\n\r\n\r\n\r\n<p>Hacer una donaci\u00f3n de tierras a trav\u00e9s de su testamento o fideicomiso tambi\u00e9n es una excelente manera de crear un legado permanente en Orcas y reducir el valor de su patrimonio, lo que posiblemente resulte en beneficios fiscales para sus herederos.<\/p>\r\n\r\n\r\n\r\n<h2 class=\"wp-block-heading\">Dona tu casa<\/h2>\r\n\r\n\r\n\r\n<p>Si tiene una vivienda en su propiedad que ya no necesita y que desea reemplazar con una nueva estructura, considere donarla a OPAL. Si OPAL determina que la estructura del edificio es s\u00f3lida, se puede mover y renovar de manera econ\u00f3mica y OPAL posee o puede comprar una propiedad adecuada para ubicar la estructura, OPAL aceptar\u00e1 su obsequio con gratitud.<\/p>\r\n\r\n\r\n\r\n<p>Su donaci\u00f3n de un edificio puede tener importantes beneficios fiscales. Cuando dona una casa, el valor total justo de mercado de la vivienda se considera una contribuci\u00f3n ben\u00e9fica y puede reducir su ingreso imponible. Adem\u00e1s, elimina la necesidad de pagar impuestos sobre la propiedad sobre la estructura.<\/p>\r\n\r\n\r\n\r\n<p><em>Todas las consultas a OPAL Community Land Trust son confidenciales y sin compromiso.<\/em><\/p>\r\n\r\n\r\n\r\n<p><em>OPAL Community Land Trust no ofrece asesoramiento fiscal o legal. Consulte con su asesor fiscal profesional para asegurarse de que cualquier estrategia de donaciones ben\u00e9ficas tenga sentido para usted.<\/em><em><\/em><\/p>","protected":false},"excerpt":{"rendered":"<p>Donate Your Land or House OPAL Community Land Trust gratefully accepts gifts of land and other property. All such gifts must be approved by OPAL\u2019s board of trustees before they are accepted. Please call OPAL\u2019s executive director Lisa Byers at 360-376-3191 or opalclt@opalclt.org to discuss a proposed gift of property. Donate Land If the property [&hellip;]<\/p>\n","protected":false},"author":2,"featured_media":0,"parent":37,"menu_order":0,"comment_status":"closed","ping_status":"closed","template":"","meta":{"give_campaign_id":0,"_genesis_hide_title":false,"_genesis_hide_breadcrumbs":false,"_genesis_hide_singular_image":false,"_genesis_hide_footer_widgets":false,"_genesis_custom_body_class":"","_genesis_custom_post_class":"","_genesis_layout":"","footnotes":""},"class_list":{"0":"post-3275","1":"page","2":"type-page","3":"status-publish","5":"entry"},"aioseo_notices":[],"campaignId":"","_links":{"self":[{"href":"http:\/\/www.opalclt.org\/es\/wp-json\/wp\/v2\/pages\/3275","targetHints":{"allow":["GET"]}}],"collection":[{"href":"http:\/\/www.opalclt.org\/es\/wp-json\/wp\/v2\/pages"}],"about":[{"href":"http:\/\/www.opalclt.org\/es\/wp-json\/wp\/v2\/types\/page"}],"author":[{"embeddable":true,"href":"http:\/\/www.opalclt.org\/es\/wp-json\/wp\/v2\/users\/2"}],"replies":[{"embeddable":true,"href":"http:\/\/www.opalclt.org\/es\/wp-json\/wp\/v2\/comments?post=3275"}],"version-history":[{"count":5,"href":"http:\/\/www.opalclt.org\/es\/wp-json\/wp\/v2\/pages\/3275\/revisions"}],"predecessor-version":[{"id":4232,"href":"http:\/\/www.opalclt.org\/es\/wp-json\/wp\/v2\/pages\/3275\/revisions\/4232"}],"up":[{"embeddable":true,"href":"http:\/\/www.opalclt.org\/es\/wp-json\/wp\/v2\/pages\/37"}],"wp:attachment":[{"href":"http:\/\/www.opalclt.org\/es\/wp-json\/wp\/v2\/media?parent=3275"}],"curies":[{"name":"wp","href":"https:\/\/api.w.org\/{rel}","templated":true}]}}