{"id":3280,"date":"2019-01-22T10:53:38","date_gmt":"2019-01-22T18:53:38","guid":{"rendered":"https:\/\/www.opalclt.org\/?page_id=3280"},"modified":"2019-01-23T13:58:11","modified_gmt":"2019-01-23T21:58:11","slug":"give-through-your-ira","status":"publish","type":"page","link":"http:\/\/www.opalclt.org\/es\/donate\/give-through-your-ira\/","title":{"rendered":"Done a trav\u00e9s de su IRA"},"content":{"rendered":"<h1 class=\"wp-block-heading\">Done a trav\u00e9s de su IRA<\/h1>\n\n\n\n<p>Si tu:<\/p>\n\n\n\n<ul class=\"wp-block-list\"><li>Tiene 70-1\/2 a\u00f1os o m\u00e1s,<\/li><li>Tener una Cuenta de Retiro Individual (IRA), y<\/li><li>No dependa de su distribuci\u00f3n m\u00ednima anual requerida de su IRA para gastos de manutenci\u00f3n,<\/li><\/ul>\n\n\n\n<p>Es posible que desee hacer una donaci\u00f3n a OPAL de parte o la totalidad de su distribuci\u00f3n m\u00ednima requerida de su IRA.<\/p>\n\n\n\n<p>Las leyes fiscales actuales permiten a las personas de 70 a\u00f1os y medio o m\u00e1s hacer donaciones por un total de hasta $100,000 anualmente ($200,000 para una pareja casada) desde una cuenta IRA tradicional directamente a organizaciones ben\u00e9ficas calificadas sin pagar impuestos sobre ese dinero. Si bien no puede reclamar una deducci\u00f3n caritativa por su regalo de IRA, su regalo a OPAL de su IRA cuenta para su distribuci\u00f3n m\u00ednima requerida para la cuenta y NO genera ning\u00fan impuesto sobre la renta para usted.<\/p>\n\n\n\n<p>Para hacer una donaci\u00f3n libre de impuestos de su IRA, debe indicarle al administrador de su plan IRA que transfiera activos <em>directamente<\/em>\na OPAL. Haga clic aqu\u00ed para obtener una carta de instrucci\u00f3n de muestra para su administrador de IRA.<\/p>\n\n\n\n<p>Si bien la transferencia ben\u00e9fica de IRA puede no ser el mejor mecanismo de deducci\u00f3n de impuestos para muchos donantes, puede tener beneficios desde una perspectiva de planificaci\u00f3n patrimonial. Las cuentas de jubilaci\u00f3n se legan con frecuencia a los herederos, pero se encuentran entre los activos m\u00e1s gravados del patrimonio de un individuo. En algunos casos, incluso pueden estar sujetos al impuesto sobre la renta. Por lo tanto, destinar la totalidad o una parte de la distribuci\u00f3n m\u00ednima requerida para donaciones ben\u00e9ficas puede ser una mejor opci\u00f3n si un donante est\u00e1 preocupado por evitar los impuestos sobre el patrimonio.<\/p>\n\n\n\n<p><em>OPAL Community Land Trust no ofrece asesoramiento fiscal o legal. Consulte con su asesor fiscal profesional para asegurarse de que cualquier estrategia de donaciones ben\u00e9ficas tenga sentido para usted.<\/em><em><\/em><\/p>","protected":false},"excerpt":{"rendered":"<p>Give Through Your IRA If you: Are 70-1\/2 or older, Have an Individual Retirement Account (IRA), and Do not depend upon your annual required minimum distribution from your IRA for living expenses, You may want to make a gift to OPAL of some or all of your required minimum distribution from your IRA. Current tax [&hellip;]<\/p>\n","protected":false},"author":2,"featured_media":0,"parent":37,"menu_order":0,"comment_status":"closed","ping_status":"closed","template":"","meta":{"give_campaign_id":0,"_genesis_hide_title":false,"_genesis_hide_breadcrumbs":false,"_genesis_hide_singular_image":false,"_genesis_hide_footer_widgets":false,"_genesis_custom_body_class":"","_genesis_custom_post_class":"","_genesis_layout":"","footnotes":""},"class_list":{"0":"post-3280","1":"page","2":"type-page","3":"status-publish","5":"entry"},"aioseo_notices":[],"campaignId":"","_links":{"self":[{"href":"http:\/\/www.opalclt.org\/es\/wp-json\/wp\/v2\/pages\/3280","targetHints":{"allow":["GET"]}}],"collection":[{"href":"http:\/\/www.opalclt.org\/es\/wp-json\/wp\/v2\/pages"}],"about":[{"href":"http:\/\/www.opalclt.org\/es\/wp-json\/wp\/v2\/types\/page"}],"author":[{"embeddable":true,"href":"http:\/\/www.opalclt.org\/es\/wp-json\/wp\/v2\/users\/2"}],"replies":[{"embeddable":true,"href":"http:\/\/www.opalclt.org\/es\/wp-json\/wp\/v2\/comments?post=3280"}],"version-history":[{"count":3,"href":"http:\/\/www.opalclt.org\/es\/wp-json\/wp\/v2\/pages\/3280\/revisions"}],"predecessor-version":[{"id":3359,"href":"http:\/\/www.opalclt.org\/es\/wp-json\/wp\/v2\/pages\/3280\/revisions\/3359"}],"up":[{"embeddable":true,"href":"http:\/\/www.opalclt.org\/es\/wp-json\/wp\/v2\/pages\/37"}],"wp:attachment":[{"href":"http:\/\/www.opalclt.org\/es\/wp-json\/wp\/v2\/media?parent=3280"}],"curies":[{"name":"wp","href":"https:\/\/api.w.org\/{rel}","templated":true}]}}