{"id":3282,"date":"2019-01-22T10:54:45","date_gmt":"2019-01-22T18:54:45","guid":{"rendered":"https:\/\/www.opalclt.org\/?page_id=3282"},"modified":"2020-06-08T13:16:42","modified_gmt":"2020-06-08T20:16:42","slug":"give-through-your-will","status":"publish","type":"page","link":"http:\/\/www.opalclt.org\/es\/donate\/give-through-your-will\/","title":{"rendered":"Dar a trav\u00e9s de su testamento"},"content":{"rendered":"<h1 class=\"wp-block-heading\">Dar a trav\u00e9s de su testamento<\/h1>\r\n\r\n\r\n\r\n<p>Ser propietario o alquilar una casa decente y asequible les brinda a las familias de Orcas la fuerza, la estabilidad y la confianza en s\u00ed mismas que necesitan para tener \u00e9xito en sus trabajos, en la escuela y en la comunidad, lo que hace que Orcas sea tan vibrante. Su inversi\u00f3n en OPAL nos ayuda a construir las casas y apartamentos que necesitan estas familias.<\/p>\r\n\r\n\r\n\r\n<p>Puede mantener a las orcas sanas convirti\u00e9ndose en miembro de <strong>C\u00edrculo de legado de OPAL<\/strong>, un grupo de personas que han invertido en viviendas asequibles permanentes en Orcas dejando un regalo a OPAL en sus testamentos. Cada uno de estos obsequios, sin importar el tama\u00f1o, sirve como un legado permanente para proteger el car\u00e1cter, la vitalidad y la diversidad de las orcas.<\/p>\r\n\r\n\r\n\r\n<p>Para obtener m\u00e1s informaci\u00f3n sobre c\u00f3mo ayudar a asegurar el futuro de OPAL dejando un regalo heredado, consulte nuestra <a href=\"http:\/\/www.opalclt.org\/wp-content\/uploads\/2018-Legacy-Circle-Web-Brochure.pdf\">Folleto de donaciones heredadas<\/a>.<\/p>\r\n\r\n\r\n\r\n<p>Los obsequios heredados se pueden hacer de diferentes maneras, como nombrar a OPAL como beneficiario en su IRA, cuenta bancaria, cuentas de inversi\u00f3n, anualidades comerciales o una p\u00f3liza de seguro de vida; o un legado caritativo a trav\u00e9s de su testamento o fideicomiso.<\/p>\r\n\r\n\r\n\r\n<p>Si desea hablar sobre una donaci\u00f3n a OPAL en su testamento, comun\u00edquese con la directora ejecutiva de OPAL, Lisa Byers, al 360-376-3191 o <a href=\"mailto:opalclt@opalclt.org\">opalclt@opalclt.org<\/a>.<\/p>","protected":false},"excerpt":{"rendered":"<p>Give Through Your Will Owning or renting a decent, affordable home gives Orcas families the strength, stability and self-reliance they need to be successful in their jobs, in school and in the community which makes Orcas so vibrant. Your investment in OPAL helps us build the homes and apartments that are needed for these families. [&hellip;]<\/p>\n","protected":false},"author":2,"featured_media":0,"parent":37,"menu_order":0,"comment_status":"closed","ping_status":"closed","template":"","meta":{"give_campaign_id":0,"_genesis_hide_title":false,"_genesis_hide_breadcrumbs":false,"_genesis_hide_singular_image":false,"_genesis_hide_footer_widgets":false,"_genesis_custom_body_class":"","_genesis_custom_post_class":"","_genesis_layout":"","footnotes":""},"class_list":{"0":"post-3282","1":"page","2":"type-page","3":"status-publish","5":"entry"},"aioseo_notices":[],"campaignId":"","_links":{"self":[{"href":"http:\/\/www.opalclt.org\/es\/wp-json\/wp\/v2\/pages\/3282","targetHints":{"allow":["GET"]}}],"collection":[{"href":"http:\/\/www.opalclt.org\/es\/wp-json\/wp\/v2\/pages"}],"about":[{"href":"http:\/\/www.opalclt.org\/es\/wp-json\/wp\/v2\/types\/page"}],"author":[{"embeddable":true,"href":"http:\/\/www.opalclt.org\/es\/wp-json\/wp\/v2\/users\/2"}],"replies":[{"embeddable":true,"href":"http:\/\/www.opalclt.org\/es\/wp-json\/wp\/v2\/comments?post=3282"}],"version-history":[{"count":5,"href":"http:\/\/www.opalclt.org\/es\/wp-json\/wp\/v2\/pages\/3282\/revisions"}],"predecessor-version":[{"id":4281,"href":"http:\/\/www.opalclt.org\/es\/wp-json\/wp\/v2\/pages\/3282\/revisions\/4281"}],"up":[{"embeddable":true,"href":"http:\/\/www.opalclt.org\/es\/wp-json\/wp\/v2\/pages\/37"}],"wp:attachment":[{"href":"http:\/\/www.opalclt.org\/es\/wp-json\/wp\/v2\/media?parent=3282"}],"curies":[{"name":"wp","href":"https:\/\/api.w.org\/{rel}","templated":true}]}}