{"id":3855,"date":"2020-02-02T21:10:27","date_gmt":"2020-02-03T05:10:27","guid":{"rendered":"https:\/\/www.opalclt.org\/?page_id=3855"},"modified":"2024-11-04T10:27:58","modified_gmt":"2024-11-04T18:27:58","slug":"aprils-grove","status":"publish","type":"page","link":"http:\/\/www.opalclt.org\/es\/our-properties\/aprils-grove\/","title":{"rendered":"Arboleda de abril"},"content":{"rendered":"<h1 style=\"text-align: left;\">Casas adosadas de April&#039;s Grove<\/h1>\n<p><img loading=\"lazy\" decoding=\"async\" class=\"alignnone wp-image-5236\" src=\"http:\/\/www.opalclt.org\/wp-content\/uploads\/AG-Properties-Photo-Banner-website-300x89.jpg\" alt=\"\" width=\"610\" height=\"181\" srcset=\"https:\/\/www.opalclt.org\/wp-content\/uploads\/AG-Properties-Photo-Banner-website-300x89.jpg 300w, https:\/\/www.opalclt.org\/wp-content\/uploads\/AG-Properties-Photo-Banner-website-1024x303.jpg 1024w, https:\/\/www.opalclt.org\/wp-content\/uploads\/AG-Properties-Photo-Banner-website-768x228.jpg 768w, https:\/\/www.opalclt.org\/wp-content\/uploads\/AG-Properties-Photo-Banner-website-1536x455.jpg 1536w, https:\/\/www.opalclt.org\/wp-content\/uploads\/AG-Properties-Photo-Banner-website-16x5.jpg 16w, https:\/\/www.opalclt.org\/wp-content\/uploads\/AG-Properties-Photo-Banner-website.jpg 2025w\" sizes=\"auto, (max-width: 610px) 100vw, 610px\" \/><\/p>\n<p>April&#039;s Grove es un grupo de 45 casas adosadas de alquiler asequible. La propiedad est\u00e1 al otro lado de la calle de Children&#039;s House y Funhouse Commons y al lado de la escuela p\u00fablica, lo suficientemente cerca para que los ni\u00f1os que viven all\u00ed puedan caminar con facilidad y seguridad. Es conveniente para cualquier persona que vaya a trabajar en Eastsound y para personas mayores para comprar y asistir a eventos. Esperamos que los residentes rara vez necesiten usar un autom\u00f3vil para sus actividades diarias.<\/p>\n<p>Las solicitudes est\u00e1n disponibles en l\u00ednea a trav\u00e9s del siguiente enlace, en la oficina de April&#039;s Grove en Commons Building en April&#039;s Grove, OPAL Community Land Trust, Lavender Hollow Apartments, Orcas Community Resource Center y Public Library. Las solicitudes completas DEBEN ser devueltas en persona o por correo a la oficina de April&#039;s Grove en April&#039;s Grove para ser elegibles.<\/p>\n<p>Para obtener respuestas a algunas preguntas frecuentes, por favor <a href=\"http:\/\/www.opalclt.org\/wp-content\/uploads\/AG-FAQ-Sheet.pdf\">haga clic aqu\u00ed para ver la hoja de preguntas frecuentes de April&#039;s Grove<\/a>. El plano del sitio para la propiedad se puede descargar aqu\u00ed: <a href=\"http:\/\/www.opalclt.org\/wp-content\/uploads\/Aprils-Grove-Site-Plan-Simplified.pdf\">Plano del sitio de April&#039;s Grove simplificado<\/a>.<\/p>\n<p><a href=\"http:\/\/www.opalclt.org\/wp-content\/uploads\/Pre-Application-Aprils-Grove.pdf\">Para la solicitud preliminar, haga clic aqu\u00ed.<\/a><\/p>\n<h3>Si habla espa\u00f1ol:<\/h3>\n<p><a href=\"http:\/\/www.opalclt.org\/wp-content\/uploads\/AG-Eligibility-Requirements-Spanish.pdf\">Haga clic aqu\u00ed para Requisitos de Elegibilidad de April&#039;s Grove<\/a><\/p>\n<p><a href=\"http:\/\/www.opalclt.org\/wp-content\/uploads\/Pre-Application-Aprils-Grove-Spanish.pdf\">Haga clic aqu\u00ed para la solicitud preliminar.<\/a><\/p>\n<p><a href=\"http:\/\/www.opalclt.org\/wp-content\/uploads\/AG-FAQ-Sheet-Spanish.pdf\">Haga clic aqu\u00ed para la hoja de preguntas frecuentes de April&#039;s Grove<\/a><\/p>\n<h2>Requisitos de elegibilidad<\/h2>\n<p>April&#039;s Grove tiene restricciones basadas en ingresos y necesidades. 41 de las 45 casas adosadas tienen restricciones de ingresos, lo que significa que no puede ganar m\u00e1s de una cierta cantidad anual, ajustada seg\u00fan el tama\u00f1o de la familia. Adem\u00e1s, algunas necesidades tendr\u00e1n prioridad para un n\u00famero limitado de casas adosadas. Cinco requisitos de elegibilidad se explican con m\u00e1s detalle a continuaci\u00f3n.<\/p>\n<h3>1. Elegibilidad de ingresos*:<\/h3>\n<p><strong>Hay 21 unidades disponibles para los solicitantes que ganan hasta 50% Ingreso medio del \u00e1rea (AMI)<\/strong><\/p>\n<p>Para 2021, 50% de AMI es:<\/p>\n<p><a href=\"https:\/\/www.opalclt.org\/wp-content\/uploads\/Screenshot-2024-11-04-101921.png\"><img loading=\"lazy\" decoding=\"async\" class=\"alignnone wp-image-7918\" src=\"https:\/\/www.opalclt.org\/wp-content\/uploads\/Screenshot-2024-11-04-101921-300x45.png\" alt=\"\" width=\"699\" height=\"104\" srcset=\"https:\/\/www.opalclt.org\/wp-content\/uploads\/Screenshot-2024-11-04-101921-300x45.png 300w, https:\/\/www.opalclt.org\/wp-content\/uploads\/Screenshot-2024-11-04-101921-768x114.png 768w, https:\/\/www.opalclt.org\/wp-content\/uploads\/Screenshot-2024-11-04-101921-18x3.png 18w, https:\/\/www.opalclt.org\/wp-content\/uploads\/Screenshot-2024-11-04-101921.png 813w\" sizes=\"auto, (max-width: 699px) 100vw, 699px\" \/><\/a><\/p>\n<p><strong>Renta mensual estimada para solicitantes que ganen hasta 50% de AMI:<\/strong><\/p>\n<ul>\n<li>Studio: $888<\/li>\n<li>1 Bedroom: $951<\/li>\n<li>2 Bedroom: $1,142<\/li>\n<li>3 Bedroom: $1,319<\/li>\n<\/ul>\n<p><strong>Hay 20 unidades disponibles para los solicitantes que ganen hasta 60% de ingresos medios del \u00e1rea (AMI)<\/strong><\/p>\n<p>Para 2021, 60% de AMI es:<\/p>\n<p><a href=\"https:\/\/www.opalclt.org\/wp-content\/uploads\/Screenshot-2024-11-04-102147.png\"><img loading=\"lazy\" decoding=\"async\" class=\"alignnone wp-image-7919\" src=\"https:\/\/www.opalclt.org\/wp-content\/uploads\/Screenshot-2024-11-04-102147-300x45.png\" alt=\"\" width=\"691\" height=\"104\" srcset=\"https:\/\/www.opalclt.org\/wp-content\/uploads\/Screenshot-2024-11-04-102147-300x45.png 300w, https:\/\/www.opalclt.org\/wp-content\/uploads\/Screenshot-2024-11-04-102147-768x116.png 768w, https:\/\/www.opalclt.org\/wp-content\/uploads\/Screenshot-2024-11-04-102147-18x3.png 18w, https:\/\/www.opalclt.org\/wp-content\/uploads\/Screenshot-2024-11-04-102147.png 817w\" sizes=\"auto, (max-width: 691px) 100vw, 691px\" \/><\/a><\/p>\n<p><strong>Renta mensual estimada para solicitantes que ganen hasta 60% de AMI<\/strong><\/p>\n<ul>\n<li>Studio: $1,066<\/li>\n<li>1 Bedroom: $1,142<\/li>\n<li>2 Bedroom: $1,371<\/li>\n<li>3 Bedroom: $1,583<\/li>\n<\/ul>\n<p><strong>4 Unidades de Renta de Mercado (Sin l\u00edmite de ingresos) Renta Mensual Estimada<\/strong><\/p>\n<ul>\n<li>2 Dormitorios: $1,289<\/li>\n<li>3 Dormitorios: $1,511<\/li>\n<\/ul>\n<h3>2. Elegibilidad de los est\u00e1ndares de ocupaci\u00f3n:<\/h3>\n<p>Un m\u00ednimo de una persona por dormitorio.<\/p>\n<p>Un m\u00e1ximo de dos personas por habitaci\u00f3n m\u00e1s una persona adicional por unidad al momento de la mudanza.<\/p>\n<ul>\n<li>Estudio: 1-2 personas<\/li>\n<li>1 Dormitorio: 1-3 personas<\/li>\n<li>2 dormitorios: 2-5 personas<\/li>\n<li>3 dormitorios: 3-7 personas<\/li>\n<\/ul>\n<h3>3. Elegibilidad de los residentes del condado de San Juan:<\/h3>\n<p>En igualdad de condiciones, April&#039;s Grove priorizar\u00e1 para sus hogares de vivienda con al menos un miembro que haya residido en el condado de San Juan durante al menos un a\u00f1o anterior a la ocupaci\u00f3n o que sea empleado o tenga un contrato de trabajo con un empleador en San Condado Juan.<\/p>\n<h3>4. Verificaci\u00f3n del arrendador y elegibilidad de referencias:<\/h3>\n<p>Las referencias deben indicar una probabilidad de \u00e9xito como inquilino y deben reflejar una capacidad continua para pagar el alquiler. Un hogar debe ganar al menos dos veces el alquiler mensual de una casa adosada. <strong>Tanto la asistencia de alquiler a corto como a largo plazo puede estar disponible para ayudar a los hogares a ser elegibles.<\/strong><\/p>\n<h3>5. Elegibilidad de evaluaci\u00f3n de alquiler:<\/h3>\n<ul>\n<li>Debe tener un buen informe de un servicio de selecci\u00f3n de alquiler. Hay un cargo al solicitante por el costo real de este servicio.<\/li>\n<li>Debe presentar una solicitud completa sin omisiones y asistir al menos a una entrevista en persona.<\/li>\n<li>Debe tener buenas referencias de propietario\/buena limpieza.<\/li>\n<li>Debe tener buen cr\u00e9dito\/ser capaz de demostrar la capacidad de pagar el alquiler.<\/li>\n<li>Debe ser legalmente responsable para entrar en el contrato de arrendamiento.<\/li>\n<li>Debe ser capaz de llevar a cabo los requisitos de arrendamiento.<\/li>\n<li>No debe estar involucrado en ninguna actividad ilegal.<\/li>\n<li>Todo el historial de alquiler de los \u00faltimos 24 meses para todas las solicitudes de adultos se considerar\u00e1 en el contexto de la capacidad del solicitante para cumplir con las obligaciones del contrato de arrendamiento.<\/li>\n<\/ul>\n<h3 style=\"text-align: left;\">Para obtener m\u00e1s informaci\u00f3n, p\u00f3ngase en contacto:<\/h3>\n<p style=\"text-align: left;\">Personal de administraci\u00f3n Jeremy King o Erin Davis\u00a0<\/p>\n<p style=\"text-align: left;\">Oficina de April&#039;s Grove, PO Box 192 Eastsound, WA 98245<\/p>\n<p style=\"text-align: left;\">360-622-2011<\/p>\n<p style=\"text-align: left;\"><a href=\"mailto:Aprils.grove@ad-west.com\">Aprils.grove@ad-west.com<\/a><\/p>\n<p>Para obtener una copia del folleto de elegibilidad <a href=\"http:\/\/www.opalclt.org\/wp-content\/uploads\/Advertising-Aprils-Grove-Flyer-Feb-2020-OPAL-Update.pdf\">haga clic aqu\u00ed<\/a>.<\/p>\n<p>*Los l\u00edmites de ingresos pueden revisarse anualmente.<\/p>\n\n\n<p><\/p>","protected":false},"excerpt":{"rendered":"<p>April&#8217;s Grove Townhomes April\u2019s Grove is a cluster of 45 affordable rental townhomes. The property is across the street from Children\u2019s House and the Funhouse Commons and next to the public school \u2013 close enough for the kids who live there to be able to walk easily and safely. It\u2019s convenient for anyone who will [&hellip;]<\/p>","protected":false},"author":2,"featured_media":0,"parent":27,"menu_order":0,"comment_status":"closed","ping_status":"closed","template":"","meta":{"give_campaign_id":0,"_genesis_hide_title":false,"_genesis_hide_breadcrumbs":false,"_genesis_hide_singular_image":false,"_genesis_hide_footer_widgets":false,"_genesis_custom_body_class":"","_genesis_custom_post_class":"","_genesis_layout":"","footnotes":""},"class_list":{"0":"post-3855","1":"page","2":"type-page","3":"status-publish","5":"entry","6":"has-post-thumbnail"},"aioseo_notices":[],"campaignId":"","_links":{"self":[{"href":"http:\/\/www.opalclt.org\/es\/wp-json\/wp\/v2\/pages\/3855","targetHints":{"allow":["GET"]}}],"collection":[{"href":"http:\/\/www.opalclt.org\/es\/wp-json\/wp\/v2\/pages"}],"about":[{"href":"http:\/\/www.opalclt.org\/es\/wp-json\/wp\/v2\/types\/page"}],"author":[{"embeddable":true,"href":"http:\/\/www.opalclt.org\/es\/wp-json\/wp\/v2\/users\/2"}],"replies":[{"embeddable":true,"href":"http:\/\/www.opalclt.org\/es\/wp-json\/wp\/v2\/comments?post=3855"}],"version-history":[{"count":5,"href":"http:\/\/www.opalclt.org\/es\/wp-json\/wp\/v2\/pages\/3855\/revisions"}],"predecessor-version":[{"id":7920,"href":"http:\/\/www.opalclt.org\/es\/wp-json\/wp\/v2\/pages\/3855\/revisions\/7920"}],"up":[{"embeddable":true,"href":"http:\/\/www.opalclt.org\/es\/wp-json\/wp\/v2\/pages\/27"}],"wp:attachment":[{"href":"http:\/\/www.opalclt.org\/es\/wp-json\/wp\/v2\/media?parent=3855"}],"curies":[{"name":"wp","href":"https:\/\/api.w.org\/{rel}","templated":true}]}}