{"id":120,"date":"2015-07-17T15:32:57","date_gmt":"2015-07-17T15:32:57","guid":{"rendered":"http:\/\/www.opalclt.org\/?page_id=120"},"modified":"2025-01-08T14:28:12","modified_gmt":"2025-01-08T22:28:12","slug":"what-we-do","status":"publish","type":"page","link":"https:\/\/www.opalclt.org\/es\/about\/what-we-do\/","title":{"rendered":"lo que hacemos"},"content":{"rendered":"<h1>Creaci\u00f3n de viviendas asequibles<br \/>\n<em>para la Comunidad de la Isla Orcas<\/em><\/h1>\n<p>OPAL Community Land Trust est\u00e1 trabajando para mantener el car\u00e1cter, la vitalidad y la diversidad de la comunidad de Orcas Island respondiendo a la necesidad continua de viviendas asequibles de forma permanente.<\/p>\n<p><a href=\"http:\/\/www.opalclt.org\/wp-content\/uploads\/opal-residents-balloons.jpg\"><img loading=\"lazy\" decoding=\"async\" class=\"alignleft wp-image-313 size-full\" src=\"http:\/\/www.opalclt.org\/wp-content\/uploads\/opal-residents-balloons.jpg\" alt=\"opal residents\" width=\"300\" height=\"215\" \/><\/a>Nuestro trabajo ayuda a cerrar la brecha entre los altos valores de propiedad de la isla y los ingresos modestos de muchos de los que viven y trabajan aqu\u00ed, personas que son vitales para nuestra calidad de vida y el bienestar de nuestra comunidad.<\/p>\n<p>Los esfuerzos de OPAL marcan la diferencia en muchos niveles:<\/p>\n<ul>\n<li>Las familias trabajadoras, que obtienen ingresos de la isla, tienen la oportunidad de echar ra\u00edces y prosperar. <a href=\"https:\/\/vimeo.com\/138833133\">Conoce a dos familias en este breve video<\/a>.<\/li>\n<\/ul>\n<ul>\n<li>Los ni\u00f1os pueden crecer en hogares estables, seguros y saludables y en vecindarios solidarios. (Actualmente, 10% de los ni\u00f1os en edad escolar de Orcas Island viven en hogares OPAL).<\/li>\n<\/ul>\n<ul>\n<li><a href=\"http:\/\/www.opalclt.org\/wp-content\/uploads\/health-care-worker.jpg\"><img loading=\"lazy\" decoding=\"async\" class=\"alignright wp-image-314 size-full\" src=\"http:\/\/www.opalclt.org\/wp-content\/uploads\/health-care-worker.jpg\" alt=\"health care worker\" width=\"300\" height=\"204\" \/><\/a>Nuestra comunidad isle\u00f1a tiene acceso a viviendas que son asequibles para maestros, proveedores de atenci\u00f3n m\u00e9dica, empleados de tiendas y restaurantes, personal de oficina, propietarios de peque\u00f1as empresas, personas en los oficios de la construcci\u00f3n. Estos residentes brindan servicios esenciales y contribuyen a una econom\u00eda saludable.<\/li>\n<\/ul>\n<ul>\n<li>OPAL atiende a familias, solteros, personas mayores y discapacitados, ayudando a nuestra isla a permanecer equilibrada y completa, con j\u00f3venes y adultos, trabajadores y jubilados, y una amplia gama de ingresos. (Los hogares OPAL actualmente representan casi 5% de residencias de tiempo completo estimadas en Orcas).<\/li>\n<\/ul>\n<ul>\n<li><a href=\"http:\/\/www.opalclt.org\/wp-content\/uploads\/OPAL-Home-Construction-300x225.jpg\"><img loading=\"lazy\" decoding=\"async\" class=\"alignright size-full wp-image-316\" src=\"http:\/\/www.opalclt.org\/wp-content\/uploads\/OPAL-Home-Construction-300x225.jpg\" alt=\"contractors build opal home\" width=\"300\" height=\"225\" \/><\/a>Los proyectos de OPAL atraen millones de d\u00f3lares en subvenciones, brindan empleos a los trabajadores de la isla y apoyan a las empresas locales.<\/li>\n<\/ul>\n<ul>\n<li>Debido a que la vivienda OPAL sigue siendo permanentemente asequible, los d\u00f3lares p\u00fablicos y privados invertidos est\u00e1n protegidos a perpetuidad. Es un activo comunitario que beneficiar\u00e1 a los isle\u00f1os de Orcas durante generaciones.<\/li>\n<\/ul>\n<p>Fundado en 1989, OPAL (que significa &quot;Of People And Land&quot;) fue uno de los primeros fideicomisos de tierras comunitarias en el oeste y permanece a la vanguardia de la vivienda asequible perpetua. Nuestro trabajo se financia con donaciones privadas y subvenciones p\u00fablicas. OPAL es una corporaci\u00f3n sin fines de lucro 501(c)(3) registrada y basada en miembros.<\/p>\n<h2>Bienes de la comunidad bajo la administraci\u00f3n de OPAL:<\/h2>\n<ul>\n<li>8 barrios<\/li>\n<li>110 viviendas de propiedad permanentemente asequibles<\/li>\n<li>94 permanently affordable rental apartments<\/li>\n<li>204 households<\/li>\n<li>5 espacios de oficina en alquiler\/alquiler<\/li>\n<li>96.1 acres of land<\/li>\n<li>5 jardines comunitarios<\/li>\n<\/ul>\n<blockquote><p><i><a href=\"http:\/\/www.opalclt.org\/wp-content\/uploads\/OPAL-Families-225x300.jpg\"><img loading=\"lazy\" decoding=\"async\" class=\"alignleft wp-image-315\" src=\"http:\/\/www.opalclt.org\/wp-content\/uploads\/OPAL-Families-225x300.jpg\" alt=\"opal family\" width=\"260\" height=\"347\" \/><\/a>When I learned about the possibility of buying an OPAL house, it was like someone opened a window on the rest of my life. The insecurities were gone. My three daughters and I would have a roof over our heads and a home that I could afford. My children could grow up on the island where they belong. I would have neighbors I could count on for support. Even now it is hard to describe what OPAL offered us and what a difference it has made in our lives.\u201d<\/i> <b>\u2013 Expropietario de OPAL<\/b><\/p><\/blockquote>\n<p>Para obtener m\u00e1s informaci\u00f3n, visite <a title=\"Nuestras Propiedades\" href=\"http:\/\/www.opalclt.org\/es\/our-properties\/\">Nuestras Propiedades<\/a> y <a title=\"Involucrarse\" href=\"http:\/\/www.opalclt.org\/es\/get-involved\/join\/\">Involucrarse<\/a>. Tambi\u00e9n puede ver nuestro <a title=\"Casas en venta\" href=\"http:\/\/www.opalclt.org\/es\/buy-your-home\/homes-for-sale\/\">Casas en venta<\/a>, revisa el <a title=\"Pasos para aplicar\" href=\"http:\/\/www.opalclt.org\/es\/buy-your-home\/steps-to-apply\/\">Proceso de solicitud de propiedad de vivienda OPAL<\/a>y enviar un <a title=\"Aplica hoy\" href=\"http:\/\/www.opalclt.org\/es\/buy-your-home\/apply-today\/\">solicitud de propiedad de vivienda<\/a>.<\/p>\n<p><a title=\"C\u00f3mo funciona\" href=\"http:\/\/www.opalclt.org\/es\/about\/how-it-works\/\">Vea c\u00f3mo funciona el modelo de fideicomiso de tierras comunitarias.<\/a><\/p>\n<h4><strong>Mira una entrevista con Michael Sky<\/strong> en Peak Moment TV, que revela algunos de los principios b\u00e1sicos y la historia temprana de OPAL:<\/h4>\n<p><iframe loading=\"lazy\" src=\"\/\/www.youtube.com\/embed\/83xC1VVPcNY?rel=0\" width=\"640\" height=\"480\" frameborder=\"0\" allowfullscreen=\"allowfullscreen\"><\/iframe><\/p>","protected":false},"excerpt":{"rendered":"<p>Creating Affordable Homes for the Orcas Island Community OPAL Community Land Trust is working to maintain the character, vibrancy and diversity of the Orcas Island community by answering the ongoing need for permanently affordable housing. Our work helps bridge the gap between the island\u2019s high property values and the modest incomes of many who live [&hellip;]<\/p>\n","protected":false},"author":2,"featured_media":0,"parent":25,"menu_order":0,"comment_status":"closed","ping_status":"closed","template":"","meta":{"give_campaign_id":0,"_genesis_hide_title":true,"_genesis_hide_breadcrumbs":false,"_genesis_hide_singular_image":false,"_genesis_hide_footer_widgets":false,"_genesis_custom_body_class":"","_genesis_custom_post_class":"","_genesis_layout":"","footnotes":""},"class_list":{"0":"post-120","1":"page","2":"type-page","3":"status-publish","5":"entry","6":"has-post-thumbnail"},"aioseo_notices":[],"campaignId":"","_links":{"self":[{"href":"https:\/\/www.opalclt.org\/es\/wp-json\/wp\/v2\/pages\/120","targetHints":{"allow":["GET"]}}],"collection":[{"href":"https:\/\/www.opalclt.org\/es\/wp-json\/wp\/v2\/pages"}],"about":[{"href":"https:\/\/www.opalclt.org\/es\/wp-json\/wp\/v2\/types\/page"}],"author":[{"embeddable":true,"href":"https:\/\/www.opalclt.org\/es\/wp-json\/wp\/v2\/users\/2"}],"replies":[{"embeddable":true,"href":"https:\/\/www.opalclt.org\/es\/wp-json\/wp\/v2\/comments?post=120"}],"version-history":[{"count":5,"href":"https:\/\/www.opalclt.org\/es\/wp-json\/wp\/v2\/pages\/120\/revisions"}],"predecessor-version":[{"id":7977,"href":"https:\/\/www.opalclt.org\/es\/wp-json\/wp\/v2\/pages\/120\/revisions\/7977"}],"up":[{"embeddable":true,"href":"https:\/\/www.opalclt.org\/es\/wp-json\/wp\/v2\/pages\/25"}],"wp:attachment":[{"href":"https:\/\/www.opalclt.org\/es\/wp-json\/wp\/v2\/media?parent=120"}],"curies":[{"name":"wp","href":"https:\/\/api.w.org\/{rel}","templated":true}]}}