{"id":122,"date":"2015-07-17T15:35:19","date_gmt":"2015-07-17T15:35:19","guid":{"rendered":"http:\/\/www.opalclt.org\/?page_id=122"},"modified":"2024-02-27T13:57:13","modified_gmt":"2024-02-27T21:57:13","slug":"the-need","status":"publish","type":"page","link":"https:\/\/www.opalclt.org\/es\/about\/the-need\/","title":{"rendered":"La necesidad"},"content":{"rendered":"<h1>La vivienda asequible sigue siendo una necesidad apremiante para las orcas<\/h1>\n<p>La Isla Orcas tiene una reputaci\u00f3n de clase mundial como destino tur\u00edstico, pero es una distinci\u00f3n que conlleva desaf\u00edos: una econom\u00eda de servicios estacionales con muchos trabajos mal pagados, viviendas de alquiler que son costosas y, a menudo, est\u00e1n disponibles solo una parte del a\u00f1o, muchas fuera -propietarios de islas y residentes a tiempo parcial, y altos valores de propiedad que est\u00e1n fuera del alcance de los asalariados locales.<\/p>\n<blockquote><p><i> \u201cLo que OPAL hace por las Orcas es fundamental.\u201d<\/i><\/p>\n<p><i>\u201cSin OPAL, la cantidad de trabajadores que viven aqu\u00ed ser\u00eda significativamente menor\u201d.<\/i><\/p>\n<p><i>\u201cOPAL les da a las personas una oportunidad justa de vivir, trabajar y prosperar en la isla\u201d.<\/i><\/p>\n<p>\u00ad<b>\u2013 Comentarios de entrevistas con miembros de la comunidad Orcas<\/b><\/p><\/blockquote>\n<h2>Cerrando la brecha<\/h2>\n<p>OPAL Community Land Trust se fund\u00f3 para responder a la persistente &quot;brecha de asequibilidad de la vivienda&quot; que existe entre los salarios promedio y los precios medios de las viviendas en el condado de San Juan. <em>(Datos recopilados del Censo de EE. UU., el Centro de Investigaci\u00f3n de Bienes Ra\u00edces de Washington, el Departamento de Trabajo e Industrias de Washington y el Departamento de Trabajo de EE. UU.)<\/em><\/p>\n<p style=\"text-align: center;\"><img loading=\"lazy\" decoding=\"async\" class=\"alignnone wp-image-4991\" src=\"http:\/\/www.opalclt.org\/wp-content\/uploads\/Housing-price-chart-300x160.jpg\" alt=\"\" width=\"477\" height=\"254\" srcset=\"https:\/\/www.opalclt.org\/wp-content\/uploads\/Housing-price-chart-300x160.jpg 300w, https:\/\/www.opalclt.org\/wp-content\/uploads\/Housing-price-chart.jpg 671w\" sizes=\"auto, (max-width: 477px) 100vw, 477px\" \/><\/p>\n<ul>\n<li>De 1970 a 2019, el salario promedio en el condado de San Juan aument\u00f3 496% mientras que el valor de tasaci\u00f3n promedio de la propiedad aument\u00f3 4,186%. Los costos de vivienda han superado con creces la capacidad de muchos asalariados locales para pagarlos.<\/li>\n<\/ul>\n<ul>\n<li>El condado de San Juan, con altos valores inmobiliarios y bajos salarios, tiene constantemente la brecha de asequibilidad m\u00e1s alta en el estado de Washington. Comprar una casa de precio medio requiere un pago inicial de 20% m\u00e1s un ingreso de m\u00e1s de $100,000, sin embargo, el trabajador isle\u00f1o promedio gana $38,100 al a\u00f1o. Un hogar con dos adultos trabajando a tiempo completo, ganando el salario promedio, no puede pagar la casa de precio medio.<\/li>\n<\/ul>\n<ul>\n<li>La vivienda asequible sigue siendo una de las necesidades m\u00e1s b\u00e1sicas de Orcas Island. Consistentemente, hay m\u00e1s de 25 hogares que califican y esperan, o est\u00e1n en proceso de calificar, para comprar una casa OPAL. Adem\u00e1s, existe una enorme demanda de los 82 apartamentos de OPAL con alquileres asequibles para familias de bajos ingresos.<\/li>\n<\/ul>","protected":false},"excerpt":{"rendered":"<p>Affordable Housing Remains a Pressing Need on Orcas Orcas Island has a world-class reputation as a travel destination, but it is a distinction that comes with challenges: a seasonal service economy with many low-paying jobs, rental housing that is expensive and often available only part of the year, many off-island owners and part-time residents, and [&hellip;]<\/p>","protected":false},"author":2,"featured_media":0,"parent":25,"menu_order":0,"comment_status":"closed","ping_status":"closed","template":"","meta":{"give_campaign_id":0,"_genesis_hide_title":true,"_genesis_hide_breadcrumbs":false,"_genesis_hide_singular_image":false,"_genesis_hide_footer_widgets":false,"_genesis_custom_body_class":"","_genesis_custom_post_class":"","_genesis_layout":"","footnotes":""},"class_list":{"0":"post-122","1":"page","2":"type-page","3":"status-publish","5":"entry","6":"has-post-thumbnail"},"aioseo_notices":[],"campaignId":"","_links":{"self":[{"href":"https:\/\/www.opalclt.org\/es\/wp-json\/wp\/v2\/pages\/122","targetHints":{"allow":["GET"]}}],"collection":[{"href":"https:\/\/www.opalclt.org\/es\/wp-json\/wp\/v2\/pages"}],"about":[{"href":"https:\/\/www.opalclt.org\/es\/wp-json\/wp\/v2\/types\/page"}],"author":[{"embeddable":true,"href":"https:\/\/www.opalclt.org\/es\/wp-json\/wp\/v2\/users\/2"}],"replies":[{"embeddable":true,"href":"https:\/\/www.opalclt.org\/es\/wp-json\/wp\/v2\/comments?post=122"}],"version-history":[{"count":5,"href":"https:\/\/www.opalclt.org\/es\/wp-json\/wp\/v2\/pages\/122\/revisions"}],"predecessor-version":[{"id":7541,"href":"https:\/\/www.opalclt.org\/es\/wp-json\/wp\/v2\/pages\/122\/revisions\/7541"}],"up":[{"embeddable":true,"href":"https:\/\/www.opalclt.org\/es\/wp-json\/wp\/v2\/pages\/25"}],"wp:attachment":[{"href":"https:\/\/www.opalclt.org\/es\/wp-json\/wp\/v2\/media?parent=122"}],"curies":[{"name":"wp","href":"https:\/\/api.w.org\/{rel}","templated":true}]}}