{"id":124,"date":"2015-07-17T16:04:47","date_gmt":"2015-07-17T16:04:47","guid":{"rendered":"http:\/\/www.opalclt.org\/?page_id=124"},"modified":"2024-02-27T13:59:50","modified_gmt":"2024-02-27T21:59:50","slug":"how-it-works","status":"publish","type":"page","link":"https:\/\/www.opalclt.org\/es\/about\/how-it-works\/","title":{"rendered":"C\u00f3mo funciona"},"content":{"rendered":"<h1>C\u00f3mo funciona el fideicomiso de tierras comunitarias OPAL<\/h1>\n<p>OPAL re\u00fane donaciones privadas, subvenciones estatales y federales, pr\u00e9stamos hipotecarios a bajo inter\u00e9s e innumerables horas de personal y voluntarios para hacer que las viviendas asequibles estables y permanentes est\u00e9n disponibles para los residentes de Orcas que califican y cuyas necesidades no son satisfechas por el mercado tradicional.<\/p>\n<p>\u00bfC\u00f3mo funciona la propiedad de la vivienda? A trav\u00e9s de una estructura de propiedad alternativa que permite a OPAL reducir el precio inicial de una vivienda y mantener ese precio asequible para las generaciones futuras. La tierra es propiedad del fideicomiso de tierras comunitarias y est\u00e1 arrendada a cada propietario, que debe calificar para una hipoteca para comprar la casa. OPAL se compromete a ser due\u00f1o del terreno a perpetuidad.<\/p>\n<p>OPAL adquiere terrenos con fondos de donaciones privadas y subvenciones; tambi\u00e9n aceptamos donaciones de terrenos. Una parte importante de nuestra misi\u00f3n es desarrollar la tierra de una manera ambiental y socialmente responsable.<\/p>\n<p><a href=\"http:\/\/www.opalclt.org\/wp-content\/uploads\/Sources-Funds-for-Construction.jpg\"><img loading=\"lazy\" decoding=\"async\" class=\"aligncenter size-full wp-image-301\" src=\"http:\/\/www.opalclt.org\/wp-content\/uploads\/Sources-Funds-for-Construction.jpg\" alt=\"sources of funds for construction\" width=\"450\" height=\"295\" srcset=\"https:\/\/www.opalclt.org\/wp-content\/uploads\/Sources-Funds-for-Construction.jpg 450w, https:\/\/www.opalclt.org\/wp-content\/uploads\/Sources-Funds-for-Construction-300x197.jpg 300w\" sizes=\"auto, (max-width: 450px) 100vw, 450px\" \/><\/a><\/p>\n<p>En la mayor\u00eda de los casos, OPAL dise\u00f1a y construye las casas que vendemos. En algunos casos, las casas existentes, ya sean compradas o donadas, se renuevan (y se reubican si es necesario). El dise\u00f1o, la construcci\u00f3n y la renovaci\u00f3n siguen las pautas de construcci\u00f3n ecol\u00f3gica de OPAL para que las estructuras sean saludables, duraderas y energ\u00e9ticamente eficientes.<\/p>\n<p><a href=\"http:\/\/www.opalclt.org\/wp-content\/uploads\/Cost-to-Deliver-Home.jpg\"><img loading=\"lazy\" decoding=\"async\" class=\"aligncenter size-full wp-image-300\" src=\"http:\/\/www.opalclt.org\/wp-content\/uploads\/Cost-to-Deliver-Home.jpg\" alt=\"cost to deliver opal home\" width=\"450\" height=\"295\" srcset=\"https:\/\/www.opalclt.org\/wp-content\/uploads\/Cost-to-Deliver-Home.jpg 450w, https:\/\/www.opalclt.org\/wp-content\/uploads\/Cost-to-Deliver-Home-300x197.jpg 300w\" sizes=\"auto, (max-width: 450px) 100vw, 450px\" \/><\/a><\/p>\n<p>Los solicitantes no pueden tener ingresos y\/o activos que les permitan comprar una casa a bajo precio en el mercado tradicional. Los solicitantes deben ser solventes y haber vivido en el condado de San Juan durante tres a\u00f1os (no los \u00faltimos tres a\u00f1os consecutivos), a menos que no haya una lista de espera.<\/p>\n<h2>Las casas OPAL siguen siendo asequibles para las generaciones futuras.<\/h2>\n<p>Cuando se vende una vivienda OPAL, el precio de venta se determina mediante una f\u00f3rmula en el contrato de arrendamiento del terreno. La f\u00f3rmula est\u00e1 dise\u00f1ada para equilibrar la ganancia de capital para el propietario al mismo tiempo que establece un precio de reventa asequible para los futuros compradores.<\/p>\n<p>Leer un <a href=\"http:\/\/www.opalclt.org\/wp-content\/uploads\/Resale-Formula-Example1.pdf\" target=\"_blank\" rel=\"noopener noreferrer\">breve descripci\u00f3n de c\u00f3mo funciona la f\u00f3rmula de reventa de OPAL<\/a>.<\/p>\n<p>Los fideicomisos de tierras comunitarias en todo el pa\u00eds utilizan diferentes f\u00f3rmulas de reventa. El fideicomiso comunitario de tierras m\u00e1s grande del pa\u00eds, Champlain CLT en Burlington, Vermont, complet\u00f3 una evaluaci\u00f3n de desempe\u00f1o de sus primeras 97 viviendas vendidas a nuevos propietarios. Los resultados han sido publicados y presentados en este <a href=\"http:\/\/www.opalclt.org\/wp-content\/uploads\/Champlain-Resale-Study-Exec.-Summary.pdf\" target=\"_blank\" rel=\"noopener noreferrer\">Resumen ejecutivo<\/a>.<\/p>\n<h3>Para obtener m\u00e1s informaci\u00f3n sobre los fideicomisos de tierras comunitarias:<\/h3>\n<ul>\n<li><a href=\"https:\/\/shelterforce.org\/2021\/07\/12\/understanding-community-land-trusts\/\">Revista Shelterforce: Comprender los fideicomisos de tierras comunitarias<\/a><\/li>\n<li><a href=\"https:\/\/groundedsolutions.org\/\">Red de soluciones conectadas a tierra<\/a><\/li>\n<li><a href=\"http:\/\/www.cltroots.org\/\">Historia de los fideicomisos de tierras comunitarias: ra\u00edces y ramas<\/a><\/li>\n<\/ul>","protected":false},"excerpt":{"rendered":"<p>How OPAL Community Land Trust Works OPAL brings together private donations, state and federal grants, low-interest mortgage loans, and countless staff and volunteer hours to make stable, permanently affordable housing available to qualifying Orcas residents whose needs are not met by the traditional market. How does homeownership work? Through an alternative ownership structure that enables [&hellip;]<\/p>","protected":false},"author":2,"featured_media":0,"parent":25,"menu_order":0,"comment_status":"closed","ping_status":"closed","template":"","meta":{"give_campaign_id":0,"_genesis_hide_title":true,"_genesis_hide_breadcrumbs":false,"_genesis_hide_singular_image":false,"_genesis_hide_footer_widgets":false,"_genesis_custom_body_class":"","_genesis_custom_post_class":"","_genesis_layout":"","footnotes":""},"class_list":{"0":"post-124","1":"page","2":"type-page","3":"status-publish","5":"entry","6":"has-post-thumbnail"},"aioseo_notices":[],"campaignId":"","_links":{"self":[{"href":"https:\/\/www.opalclt.org\/es\/wp-json\/wp\/v2\/pages\/124","targetHints":{"allow":["GET"]}}],"collection":[{"href":"https:\/\/www.opalclt.org\/es\/wp-json\/wp\/v2\/pages"}],"about":[{"href":"https:\/\/www.opalclt.org\/es\/wp-json\/wp\/v2\/types\/page"}],"author":[{"embeddable":true,"href":"https:\/\/www.opalclt.org\/es\/wp-json\/wp\/v2\/users\/2"}],"replies":[{"embeddable":true,"href":"https:\/\/www.opalclt.org\/es\/wp-json\/wp\/v2\/comments?post=124"}],"version-history":[{"count":5,"href":"https:\/\/www.opalclt.org\/es\/wp-json\/wp\/v2\/pages\/124\/revisions"}],"predecessor-version":[{"id":7542,"href":"https:\/\/www.opalclt.org\/es\/wp-json\/wp\/v2\/pages\/124\/revisions\/7542"}],"up":[{"embeddable":true,"href":"https:\/\/www.opalclt.org\/es\/wp-json\/wp\/v2\/pages\/25"}],"wp:attachment":[{"href":"https:\/\/www.opalclt.org\/es\/wp-json\/wp\/v2\/media?parent=124"}],"curies":[{"name":"wp","href":"https:\/\/api.w.org\/{rel}","templated":true}]}}