{"id":1390,"date":"2016-01-17T19:39:38","date_gmt":"2016-01-17T19:39:38","guid":{"rendered":"http:\/\/www.opalclt.org\/?page_id=1390"},"modified":"2016-08-05T22:10:28","modified_gmt":"2016-08-05T22:10:28","slug":"privacy-policy-opal-community-land-trust","status":"publish","type":"page","link":"https:\/\/www.opalclt.org\/es\/privacy-policy-opal-community-land-trust\/","title":{"rendered":"Pol\u00edtica de privacidad para OPAL Community Land Trust"},"content":{"rendered":"<h1>Pol\u00edtica de privacidad para OPAL Community Land Trust<\/h1>\n<p>Si necesita m\u00e1s informaci\u00f3n o tiene alguna pregunta sobre nuestra pol\u00edtica de privacidad, no dude en contactarnos por correo electr\u00f3nico a\u00a0<a href=\"mailto:office@opalclt.org\">oficina@opalclt.org<\/a>.<\/p>\n<p>En <a href=\"http:\/\/www.opalclt.org\/es\/\" target=\"_blank\">www.opalclt.org<\/a> consideramos que la privacidad de nuestros visitantes es extremadamente importante. Este documento de pol\u00edtica de privacidad describe en detalle los tipos de informaci\u00f3n personal recopilada y registrada por\u00a0<a href=\"http:\/\/www.opalclt.org\/es\/\" target=\"_blank\">www.opalclt.org<\/a> y c\u00f3mo lo usamos.<\/p>\n<h2>C\u00f3mo recopilamos y usamos la informaci\u00f3n<\/h2>\n<p>Recopilamos los siguientes tipos de informaci\u00f3n sobre usted:<\/p>\n<p><em>Informaci\u00f3n que nos proporciona directamente<\/em><\/p>\n<p>Solicitamos cierta informaci\u00f3n, como su nombre, direcci\u00f3n y direcci\u00f3n de correo electr\u00f3nico cuando se registra para recibir nuestro bolet\u00edn informativo o realiza una donaci\u00f3n a OPAL. Usamos esta informaci\u00f3n para comunicarnos con usted.<strong>\u00a0<\/strong><\/p>\n<p><em>Informaci\u00f3n anal\u00edtica<\/em><\/p>\n<p>Podemos recopilar directamente datos de an\u00e1lisis o usar herramientas y servicios de an\u00e1lisis de terceros para ayudarnos a medir el tr\u00e1fico y las tendencias de uso de nuestro sitio web. Estas herramientas recopilan informaci\u00f3n enviada por su navegador o dispositivo m\u00f3vil, incluidas las p\u00e1ginas que visita y otra informaci\u00f3n que nos ayuda a mejorar el sitio. Recopilamos y usamos esta informaci\u00f3n anal\u00edtica en forma agregada de modo que no pueda manipularse razonablemente para identificar a ning\u00fan usuario individual en particular.<\/p>\n<p><em>Informaci\u00f3n del archivo de registro<\/em><\/p>\n<p>Cada vez que accede a nuestro sitio web, su navegador o dispositivo m\u00f3vil informa autom\u00e1ticamente la informaci\u00f3n del archivo de registro y nuestro servidor registra la informaci\u00f3n. Los archivos de registro pueden incluir informaci\u00f3n an\u00f3nima, como su solicitud web, direcci\u00f3n de protocolo de Internet (IP), tipo de navegador, proveedor de servicios de Internet (ISP), sello de fecha\/hora, p\u00e1ginas de referencia\/salida y n\u00famero de clics. Usamos esta informaci\u00f3n para analizar c\u00f3mo interact\u00faa con el sitio, para que podamos identificar tendencias y realizar mejoras.<\/p>\n<p><em>Informaci\u00f3n de cookies<\/em><\/p>\n<p>Cuando visita nuestro sitio web, podemos enviar una cookie, un peque\u00f1o archivo de texto que contiene una cadena de caracteres alfanum\u00e9ricos, a su computadora. La cookie identifica de manera \u00fanica su navegador para ayudarlo a iniciar sesi\u00f3n m\u00e1s r\u00e1pido y navegar m\u00e1s f\u00e1cilmente por el sitio. Una cookie tambi\u00e9n puede transmitirnos informaci\u00f3n sobre c\u00f3mo usa el sitio (por ejemplo, las p\u00e1ginas que ve y los enlaces en los que hace clic) y nos permite rastrear su uso del sitio a lo largo del tiempo. Puede restablecer su navegador web para rechazar todas las cookies o para indicar cu\u00e1ndo se env\u00eda una cookie. Sin embargo, es posible que algunas funciones del sitio no funcionen correctamente si la capacidad de aceptar cookies est\u00e1 desactivada.<strong>\u00a0<\/strong><\/p>\n<p><em>Balizas web<\/em><\/p>\n<p>Podemos usar balizas web para rastrear de forma an\u00f3nima los patrones de uso en l\u00ednea de <a href=\"http:\/\/www.opalclt.org\/es\/\">www.opalclt.org<\/a> visitantes Tambi\u00e9n podemos usar balizas web en correos electr\u00f3nicos basados en HTML que se env\u00edan a nuestros miembros y simpatizantes para rastrear qu\u00e9 correos electr\u00f3nicos se abren y en qu\u00e9 enlaces hacen clic los destinatarios. Esta informaci\u00f3n nos permite informar con mayor precisi\u00f3n y mejorar nuestras actividades de divulgaci\u00f3n y comunicaci\u00f3n.<\/p>\n<p><em>Identificadores de dispositivos<\/em><\/p>\n<p>Cuando accede a nuestro sitio web a trav\u00e9s de un dispositivo m\u00f3vil (por ejemplo, un tel\u00e9fono inteligente o una tableta), podemos acceder, recopilar, monitorear o almacenar uno o m\u00e1s &quot;identificadores de dispositivos&quot;. Un identificador de dispositivo es un peque\u00f1o archivo de datos almacenado o asociado con su dispositivo, que lo identifica de manera \u00fanica. Un identificador de dispositivo puede transmitirnos informaci\u00f3n sobre c\u00f3mo navega y utiliza nuestro sitio web. Un identificador de dispositivo puede permanecer en su dispositivo para ayudarlo a iniciar sesi\u00f3n m\u00e1s r\u00e1pido y navegar por el sitio m\u00e1s f\u00e1cilmente. Es posible que algunas funciones del sitio no funcionen correctamente si el uso o la disponibilidad de los identificadores de dispositivos se ven afectados o deshabilitados.<\/p>\n<p><em>Datos de localizaci\u00f3n<\/em><\/p>\n<p>Cuando accede a nuestro sitio web a trav\u00e9s de un dispositivo m\u00f3vil, podemos acceder, recopilar, monitorear o almacenar &quot;datos de ubicaci\u00f3n&quot;, que pueden incluir coordenadas GPS (p. ej., latitud o longitud) o informaci\u00f3n similar sobre la ubicaci\u00f3n de su dispositivo. Los datos de ubicaci\u00f3n pueden transmitirnos informaci\u00f3n sobre c\u00f3mo navega y utiliza nuestro sitio web. Es posible que algunas funciones del sitio no funcionen correctamente si el uso o la disponibilidad de los datos de ubicaci\u00f3n se ven afectados o deshabilitados.<\/p>\n<p><em>Actividades de divulgaci\u00f3n y comunicaci\u00f3n<\/em><\/p>\n<p>Usamos la informaci\u00f3n que recopilamos o recibimos, como su direcci\u00f3n de correo electr\u00f3nico, para comunicarnos directamente con usted. Podemos enviarle correos electr\u00f3nicos que contengan boletines, invitaciones a reuniones o eventos, recibos de donaciones o solicitudes de recaudaci\u00f3n de fondos. Si no desea recibir dichos mensajes de correo electr\u00f3nico, se le dar\u00e1 la opci\u00f3n de optar por no participar o cambiar sus preferencias.<\/p>\n<h2>Compartir su informaci\u00f3n<\/h2>\n<p>No alquilaremos ni venderemos su informaci\u00f3n a terceros fuera de <a href=\"http:\/\/www.opalclt.org\/es\/\">www.opalclt.org<\/a> sin su consentimiento.<\/p>\n<h2>C\u00f3mo almacenamos y protegemos su informaci\u00f3n<\/h2>\n<p><em>Almacenamiento y Procesamiento<\/em><\/p>\n<p>Su informaci\u00f3n recopilada a trav\u00e9s de <a href=\"http:\/\/www.opalclt.org\/es\/\">www.opalclt.org<\/a> puede almacenarse y procesarse en los Estados Unidos. No transferimos la informaci\u00f3n que recopilamos sobre usted, incluida la informaci\u00f3n personal, a ninguna entidad o tercero a otros pa\u00edses o jurisdicciones de todo el mundo.<\/p>\n<p><em>Mantener su informaci\u00f3n segura<\/em><\/p>\n<p>Nos preocupamos por la seguridad de su informaci\u00f3n y utilizamos medidas de seguridad comercialmente razonables para preservar la integridad y seguridad de toda la informaci\u00f3n recopilada a trav\u00e9s de nuestro sitio web. Sin embargo, no podemos garantizar ni garantizar la seguridad de la informaci\u00f3n que transmita a <a href=\"http:\/\/www.opalclt.org\/es\/\">www.opalclt.org<\/a> o garantizar que dicha informaci\u00f3n no podr\u00e1 ser accedida, divulgada, alterada o destruida.<\/p>\n<p><em>Compromiso de la informaci\u00f3n<\/em><\/p>\n<p>En el caso de que cualquier informaci\u00f3n bajo nuestro control se vea comprometida como resultado de una violaci\u00f3n de la seguridad, tomaremos las medidas razonables para investigar la situaci\u00f3n y, cuando corresponda, notificar a las personas cuya informaci\u00f3n pueda haberse visto comprometida y tomar otras medidas, de acuerdo con leyes y reglamentos aplicables.<\/p>\n<h2>Sus opciones sobre su informaci\u00f3n<\/h2>\n<p>Puede actualizar su informaci\u00f3n y preferencias de comunicaci\u00f3n por correo electr\u00f3nico en cualquier momento poni\u00e9ndose en contacto con nosotros directamente en\u00a0<a href=\"mailto:office@opalclt.org\">oficina@opalclt.org<\/a>.<\/p>\n<p>Consulte la informaci\u00f3n t\u00e9cnica de su navegador o dispositivo m\u00f3vil para obtener instrucciones sobre c\u00f3mo eliminar y deshabilitar las cookies y otras herramientas de seguimiento\/grabaci\u00f3n. Si lo hace, puede desactivar algunas de las funciones disponibles a trav\u00e9s de nuestro sitio web.<\/p>\n<h2>Informaci\u00f3n para ni\u00f1os<\/h2>\n<p><a href=\"http:\/\/www.opalclt.org\/es\/\">www.opalclt.org<\/a> no recopila ni solicita a sabiendas ninguna informaci\u00f3n de ninguna persona menor de 13 a\u00f1os. Nuestro sitio web y su contenido no est\u00e1n dirigidos a ni\u00f1os menores de 13 a\u00f1os. En caso de que sepamos que hemos recopilado informaci\u00f3n personal de un ni\u00f1o menor de 13 a\u00f1os sin la verificaci\u00f3n del consentimiento de los padres, eliminaremos esa informaci\u00f3n lo m\u00e1s r\u00e1pido posible. Si cree que podr\u00edamos tener informaci\u00f3n de un ni\u00f1o menor de 13 a\u00f1os o sobre \u00e9l, comun\u00edquese con nosotros al\u00a0<a href=\"mailto:office@opalclt.org\">oficina@opalclt.org<\/a>.<\/p>","protected":false},"excerpt":{"rendered":"<p>Privacy Policy for OPAL Community Land Trust If you require any more information or have any questions about our privacy policy, please feel free to contact us by email at\u00a0office@opalclt.org. At www.opalclt.org we consider the privacy of our visitors to be extremely important. This privacy policy document describes in detail the types of personal information [&hellip;]<\/p>","protected":false},"author":2,"featured_media":0,"parent":0,"menu_order":0,"comment_status":"closed","ping_status":"closed","template":"","meta":{"give_campaign_id":0,"_genesis_hide_title":false,"_genesis_hide_breadcrumbs":false,"_genesis_hide_singular_image":false,"_genesis_hide_footer_widgets":false,"_genesis_custom_body_class":"","_genesis_custom_post_class":"","_genesis_layout":"full-width-content","footnotes":""},"class_list":{"0":"post-1390","1":"page","2":"type-page","3":"status-publish","5":"entry"},"aioseo_notices":[],"campaignId":"","_links":{"self":[{"href":"https:\/\/www.opalclt.org\/es\/wp-json\/wp\/v2\/pages\/1390","targetHints":{"allow":["GET"]}}],"collection":[{"href":"https:\/\/www.opalclt.org\/es\/wp-json\/wp\/v2\/pages"}],"about":[{"href":"https:\/\/www.opalclt.org\/es\/wp-json\/wp\/v2\/types\/page"}],"author":[{"embeddable":true,"href":"https:\/\/www.opalclt.org\/es\/wp-json\/wp\/v2\/users\/2"}],"replies":[{"embeddable":true,"href":"https:\/\/www.opalclt.org\/es\/wp-json\/wp\/v2\/comments?post=1390"}],"version-history":[{"count":5,"href":"https:\/\/www.opalclt.org\/es\/wp-json\/wp\/v2\/pages\/1390\/revisions"}],"predecessor-version":[{"id":1395,"href":"https:\/\/www.opalclt.org\/es\/wp-json\/wp\/v2\/pages\/1390\/revisions\/1395"}],"wp:attachment":[{"href":"https:\/\/www.opalclt.org\/es\/wp-json\/wp\/v2\/media?parent=1390"}],"curies":[{"name":"wp","href":"https:\/\/api.w.org\/{rel}","templated":true}]}}