{"id":1578,"date":"2016-04-26T16:00:41","date_gmt":"2016-04-26T16:00:41","guid":{"rendered":"https:\/\/www.opalclt.org\/?page_id=1578"},"modified":"2026-01-05T10:18:09","modified_gmt":"2026-01-05T18:18:09","slug":"opal-videos","status":"publish","type":"page","link":"https:\/\/www.opalclt.org\/es\/news\/opal-videos\/","title":{"rendered":"V\u00eddeos de \u00f3palo"},"content":{"rendered":"<h1 class=\"wp-block-heading\">V\u00eddeos de \u00f3palo<\/h1>\n\n\n\n<figure class=\"wp-block-video\"><video height=\"1920\" style=\"aspect-ratio: 1080 \/ 1920;\" width=\"1080\" controls src=\"https:\/\/www.opalclt.org\/wp-content\/uploads\/Board-thank-you.mp4\"><\/video><\/figure>\n\n\n\n<figure class=\"wp-block-embed is-type-video is-provider-vimeo wp-block-embed-vimeo wp-embed-aspect-16-9 wp-has-aspect-ratio\"><div class=\"wp-block-embed__wrapper\">\n<iframe loading=\"lazy\" title=\"Reuni\u00f3n Anual 2021.mp4\" src=\"https:\/\/player.vimeo.com\/video\/541874454?dnt=1&amp;app_id=122963\" width=\"500\" height=\"281\" frameborder=\"0\" allow=\"autoplay; fullscreen; picture-in-picture; clipboard-write; encrypted-media; web-share\" referrerpolicy=\"strict-origin-when-cross-origin\"><\/iframe>\n<\/div><\/figure>\n\n\n\n<p>\u00a1Venga a volar con nosotros a trav\u00e9s del sitio de April&#039;s Grove y vea c\u00f3mo ha progresado la construcci\u00f3n!<\/p>\n\n\n\n<figure class=\"wp-block-embed is-type-video is-provider-vimeo wp-block-embed-vimeo wp-embed-aspect-16-9 wp-has-aspect-ratio\"><div class=\"wp-block-embed__wrapper\">\n<iframe loading=\"lazy\" title=\"April&#039;s Grove Fly Through\" src=\"https:\/\/player.vimeo.com\/video\/432564819?dnt=1&amp;app_id=122963\" width=\"500\" height=\"281\" frameborder=\"0\" allow=\"autoplay; fullscreen; picture-in-picture; clipboard-write; encrypted-media; web-share\" referrerpolicy=\"strict-origin-when-cross-origin\"><\/iframe>\n<\/div><\/figure>\n\n\n\n<p>Si no pudo asistir a la Reuni\u00f3n Anual de OPAL en vivo por Zoom el 22 de abril de 2020, vea la grabaci\u00f3n aqu\u00ed.<\/p>\n\n\n\n<figure><iframe loading=\"lazy\" src=\"https:\/\/player.vimeo.com\/video\/411117901\" width=\"640\" height=\"320\" frameborder=\"0\" allowfullscreen=\"allowfullscreen\"><\/iframe><\/figure>\n\n\n\n<p>\u00a1Lisa nos lleva a un recorrido por el sitio de April&#039;s Grove!<\/p>\n\n\n\n<p><iframe loading=\"lazy\" src=\"https:\/\/player.vimeo.com\/video\/411121506\" width=\"640\" height=\"360\" frameborder=\"0\" allowfullscreen=\"allowfullscreen\">Vea el progreso en el sitio de construcci\u00f3n de April&#039;s Grove:<iframe loading=\"lazy\" src=\"https:\/\/player.vimeo.com\/video\/353426435\" width=\"640\" height=\"360\" frameborder=\"0\" allowfullscreen=\"allowfullscreen\"><\/iframe><\/p>\n\n\n\n<p><a href=\"https:\/\/vimeo.com\/353426435\">Progreso del sitio de April&#039;s Grove: 8 de agosto de 2019<\/a> desde <a href=\"https:\/\/vimeo.com\/user12765830\">Fideicomiso de tierras comunitarias OPAL<\/a> sobre <a href=\"https:\/\/vimeo.com\">Vimeo<\/a>.<\/p>\n\n\n\n<p>Conozca a algunos de nuestros compatriotas isle\u00f1os que se han visto afectados por la falta de viviendas de alquiler durante todo el a\u00f1o y descubra c\u00f3mo puede ayudar a duplicar la cantidad de viviendas de alquiler permanentemente asequibles en la isla Orcas:<\/p>\n\n\n\n<figure><iframe loading=\"lazy\" src=\"https:\/\/player.vimeo.com\/video\/288610059\" width=\"640\" height=\"360\" frameborder=\"0\" allowfullscreen=\"allowfullscreen\"><\/iframe><\/figure>\n\n\n\n<p><a href=\"https:\/\/vimeo.com\/288610059\">Vivienda de alquiler OPAL<\/a> desde <a href=\"https:\/\/vimeo.com\/user12765830\">Fideicomiso de tierras comunitarias OPAL<\/a> sobre <a href=\"https:\/\/vimeo.com\">Vimeo<\/a>.<\/p>\n\n\n\n<p><a id=\"takeatour\"><\/a>Vea una vista previa de April&#039;s Grove en este recorrido virtual animado:<\/p>\n\n\n\n<figure><iframe loading=\"lazy\" src=\"https:\/\/player.vimeo.com\/video\/277721911\" width=\"640\" height=\"360\" frameborder=\"0\" allowfullscreen=\"allowfullscreen\"><\/iframe><\/figure>\n\n\n\n<p>\u00bfQui\u00e9n vive en las casas OPAL? Conozca a cuatro compradores de vivienda de OPAL y escuche por qu\u00e9 es importante para ellos ser due\u00f1o de su propia casa.<\/p>\n\n\n\n<figure><iframe loading=\"lazy\" src=\"https:\/\/player.vimeo.com\/video\/138833133\" width=\"640\" height=\"360\" frameborder=\"0\" allowfullscreen=\"allowfullscreen\"><\/iframe><\/figure>\n\n\n\n<p><a href=\"https:\/\/vimeo.com\/138833133\">Viviendo en OPAL (versi\u00f3n corta)<\/a> desde <a href=\"https:\/\/vimeo.com\/orcasvideo\">v\u00eddeo de orcas<\/a> sobre <a href=\"https:\/\/vimeo.com\">Vimeo<\/a>.<\/p>\n\n\n\n<figure><iframe loading=\"lazy\" src=\"https:\/\/player.vimeo.com\/video\/138764882\" width=\"640\" height=\"360\" frameborder=\"0\" allowfullscreen=\"allowfullscreen\"><\/iframe><\/figure>\n\n\n\n<p><a href=\"https:\/\/vimeo.com\/138764882\">Viviendo en OPAL (longitud completa)<\/a> desde <a href=\"https:\/\/vimeo.com\/orcasvideo\">v\u00eddeo de orcas<\/a> sobre <a href=\"https:\/\/vimeo.com\">Vimeo<\/a>.<\/p>","protected":false},"excerpt":{"rendered":"<p>OPAL Videos Come fly with us through the April&#8217;s Grove site and see how construction has progressed! If you were unable to attend the OPAL Annual Meeting live on Zoom on April 22, 2020, watch the recording here. Lisa takes us on a tour of the April&#8217;s Grove site! Watch the progress on the April&#8217;s [&hellip;]<\/p>","protected":false},"author":2,"featured_media":0,"parent":35,"menu_order":0,"comment_status":"closed","ping_status":"closed","template":"","meta":{"give_campaign_id":0,"_genesis_hide_title":false,"_genesis_hide_breadcrumbs":false,"_genesis_hide_singular_image":false,"_genesis_hide_footer_widgets":false,"_genesis_custom_body_class":"","_genesis_custom_post_class":"","_genesis_layout":"","footnotes":""},"class_list":{"0":"post-1578","1":"page","2":"type-page","3":"status-publish","5":"entry"},"aioseo_notices":[],"campaignId":"","_links":{"self":[{"href":"https:\/\/www.opalclt.org\/es\/wp-json\/wp\/v2\/pages\/1578","targetHints":{"allow":["GET"]}}],"collection":[{"href":"https:\/\/www.opalclt.org\/es\/wp-json\/wp\/v2\/pages"}],"about":[{"href":"https:\/\/www.opalclt.org\/es\/wp-json\/wp\/v2\/types\/page"}],"author":[{"embeddable":true,"href":"https:\/\/www.opalclt.org\/es\/wp-json\/wp\/v2\/users\/2"}],"replies":[{"embeddable":true,"href":"https:\/\/www.opalclt.org\/es\/wp-json\/wp\/v2\/comments?post=1578"}],"version-history":[{"count":5,"href":"https:\/\/www.opalclt.org\/es\/wp-json\/wp\/v2\/pages\/1578\/revisions"}],"predecessor-version":[{"id":8560,"href":"https:\/\/www.opalclt.org\/es\/wp-json\/wp\/v2\/pages\/1578\/revisions\/8560"}],"up":[{"embeddable":true,"href":"https:\/\/www.opalclt.org\/es\/wp-json\/wp\/v2\/pages\/35"}],"wp:attachment":[{"href":"https:\/\/www.opalclt.org\/es\/wp-json\/wp\/v2\/media?parent=1578"}],"curies":[{"name":"wp","href":"https:\/\/api.w.org\/{rel}","templated":true}]}}