{"id":1695,"date":"2016-07-28T21:02:01","date_gmt":"2016-07-28T21:02:01","guid":{"rendered":"https:\/\/www.opalclt.org\/?page_id=1695"},"modified":"2017-09-08T20:07:04","modified_gmt":"2017-09-08T20:07:04","slug":"shortage-of-affordable-rentals","status":"publish","type":"page","link":"https:\/\/www.opalclt.org\/es\/shortage-of-affordable-rentals\/","title":{"rendered":"Escasez de alquileres asequibles"},"content":{"rendered":"<p>\u201cNo hay escasez de trabajo en la isla. Pero definitivamente hay escasez de alquileres asequibles. He tenido que vivir en una tienda de campa\u00f1a. Es absurdo sacrificar la plomer\u00eda interior, el agua caliente, la electricidad y las paredes para vivir y trabajar aqu\u00ed\u201d.<\/p>\n<p><em>\u2013 Mallory Hagel, directora ejecutiva de Wild Abundance Expeditions, educadora al aire libre en YMCA Camp Orkila, OIFR EMT, voluntaria comunitaria, ex cantinera en The Lower Tavern<br \/>\n<\/em><\/p>","protected":false},"excerpt":{"rendered":"<p>\u201cThere\u2019s no shortage of work on the island. But there is definitely a shortage of affordable rentals. I\u2019ve had to live in a tent. It\u2019s absurd to sacrifice indoor plumbing, hot water, electricity and walls to live and work here.\u201d \u2013 Mallory Hagel, executive director of Wild Abundance Expeditions, outdoor educator at YMCA Camp Orkila, [&hellip;]<\/p>\n","protected":false},"author":2,"featured_media":1696,"parent":0,"menu_order":0,"comment_status":"closed","ping_status":"closed","template":"","meta":{"give_campaign_id":0,"_genesis_hide_title":false,"_genesis_hide_breadcrumbs":false,"_genesis_hide_singular_image":false,"_genesis_hide_footer_widgets":false,"_genesis_custom_body_class":"","_genesis_custom_post_class":"","_genesis_layout":"","footnotes":""},"class_list":{"0":"post-1695","1":"page","2":"type-page","3":"status-publish","4":"has-post-thumbnail","6":"entry"},"aioseo_notices":[],"campaignId":"","_links":{"self":[{"href":"https:\/\/www.opalclt.org\/es\/wp-json\/wp\/v2\/pages\/1695","targetHints":{"allow":["GET"]}}],"collection":[{"href":"https:\/\/www.opalclt.org\/es\/wp-json\/wp\/v2\/pages"}],"about":[{"href":"https:\/\/www.opalclt.org\/es\/wp-json\/wp\/v2\/types\/page"}],"author":[{"embeddable":true,"href":"https:\/\/www.opalclt.org\/es\/wp-json\/wp\/v2\/users\/2"}],"replies":[{"embeddable":true,"href":"https:\/\/www.opalclt.org\/es\/wp-json\/wp\/v2\/comments?post=1695"}],"version-history":[{"count":2,"href":"https:\/\/www.opalclt.org\/es\/wp-json\/wp\/v2\/pages\/1695\/revisions"}],"predecessor-version":[{"id":2272,"href":"https:\/\/www.opalclt.org\/es\/wp-json\/wp\/v2\/pages\/1695\/revisions\/2272"}],"wp:featuredmedia":[{"embeddable":true,"href":"https:\/\/www.opalclt.org\/es\/wp-json\/wp\/v2\/media\/1696"}],"wp:attachment":[{"href":"https:\/\/www.opalclt.org\/es\/wp-json\/wp\/v2\/media?parent=1695"}],"curies":[{"name":"wp","href":"https:\/\/api.w.org\/{rel}","templated":true}]}}