{"id":1708,"date":"2016-07-28T21:41:29","date_gmt":"2016-07-28T21:41:29","guid":{"rendered":"https:\/\/www.opalclt.org\/?page_id=1708"},"modified":"2016-07-28T21:55:11","modified_gmt":"2016-07-28T21:55:11","slug":"alternative-mortgage-financing","status":"publish","type":"page","link":"https:\/\/www.opalclt.org\/es\/alternative-mortgage-financing\/","title":{"rendered":"Financiamiento Hipotecario Alternativo"},"content":{"rendered":"<h3><em>para que m\u00e1s residentes puedan comprar casas y echar ra\u00edces<\/em><\/h3>\n<p>\u201cDebido a que quer\u00eda comprar una propiedad no conforme, no hab\u00eda posibilidad de obtener un pr\u00e9stamo de un banco. Sin respaldo privado, ni siquiera podr\u00eda hacer una oferta. Tengo una gran oferta y poco a poco la estoy convirtiendo en una casa leg\u00edtima. No tendr\u00e9 problemas para pagar mi pr\u00e9stamo\u201d.<\/p>\n<p><em>\u2013 Andy Nigretto, isle\u00f1o de quinta generaci\u00f3n, es copropietario de Sticks and Stones Outdoor Services y compite profesionalmente en artes marciales mixtas<\/em><\/p>","protected":false},"excerpt":{"rendered":"<p>so more residents can buy homes and put down roots \u201cBecause I wanted to buy a nonconforming property, there was no chance of getting a loan from a bank. Without private backing, I couldn\u2019t even make an offer. I got a great deal and I\u2019m slowly making it a legitimate house. I\u2019ll have no trouble [&hellip;]<\/p>\n","protected":false},"author":2,"featured_media":1711,"parent":0,"menu_order":0,"comment_status":"closed","ping_status":"closed","template":"","meta":{"give_campaign_id":0,"_genesis_hide_title":false,"_genesis_hide_breadcrumbs":false,"_genesis_hide_singular_image":false,"_genesis_hide_footer_widgets":false,"_genesis_custom_body_class":"","_genesis_custom_post_class":"","_genesis_layout":"","footnotes":""},"class_list":{"0":"post-1708","1":"page","2":"type-page","3":"status-publish","4":"has-post-thumbnail","6":"entry"},"aioseo_notices":[],"campaignId":"","_links":{"self":[{"href":"https:\/\/www.opalclt.org\/es\/wp-json\/wp\/v2\/pages\/1708","targetHints":{"allow":["GET"]}}],"collection":[{"href":"https:\/\/www.opalclt.org\/es\/wp-json\/wp\/v2\/pages"}],"about":[{"href":"https:\/\/www.opalclt.org\/es\/wp-json\/wp\/v2\/types\/page"}],"author":[{"embeddable":true,"href":"https:\/\/www.opalclt.org\/es\/wp-json\/wp\/v2\/users\/2"}],"replies":[{"embeddable":true,"href":"https:\/\/www.opalclt.org\/es\/wp-json\/wp\/v2\/comments?post=1708"}],"version-history":[{"count":4,"href":"https:\/\/www.opalclt.org\/es\/wp-json\/wp\/v2\/pages\/1708\/revisions"}],"predecessor-version":[{"id":1713,"href":"https:\/\/www.opalclt.org\/es\/wp-json\/wp\/v2\/pages\/1708\/revisions\/1713"}],"wp:featuredmedia":[{"embeddable":true,"href":"https:\/\/www.opalclt.org\/es\/wp-json\/wp\/v2\/media\/1711"}],"wp:attachment":[{"href":"https:\/\/www.opalclt.org\/es\/wp-json\/wp\/v2\/media?parent=1708"}],"curies":[{"name":"wp","href":"https:\/\/api.w.org\/{rel}","templated":true}]}}