{"id":173,"date":"2015-07-17T21:14:50","date_gmt":"2015-07-17T21:14:50","guid":{"rendered":"http:\/\/www.opalclt.org\/?page_id=173"},"modified":"2016-04-20T17:52:37","modified_gmt":"2016-04-20T17:52:37","slug":"affordability-and-more","status":"publish","type":"page","link":"https:\/\/www.opalclt.org\/es\/buy-your-home\/affordability-and-more\/","title":{"rendered":"Asequibilidad y m\u00e1s"},"content":{"rendered":"<h1>Cada casa OPAL viene con un precio asequible y ayuda con el financiamiento<\/h1>\n<p>\u00bfHa pensado que nunca podr\u00eda darse el lujo de ser propietario de una casa en Orcas? OPAL Community Land Trust ofrece un camino hacia la propiedad de vivienda para los isle\u00f1os que tienen precios fuera del mercado inmobiliario. Cuando se asocia con OPAL para comprar su casa OPAL, obtiene la casa en la isla que est\u00e1 buscando, adem\u00e1s...<\/p>\n<ul>\n<li><b><i><b><a href=\"http:\/\/www.opalclt.org\/wp-content\/uploads\/wild-rose-meadow-family.jpg\"><img loading=\"lazy\" decoding=\"async\" class=\"alignright size-full wp-image-349\" src=\"http:\/\/www.opalclt.org\/wp-content\/uploads\/wild-rose-meadow-family.jpg\" alt=\"residents of wild rose meadow\" width=\"225\" height=\"304\" srcset=\"https:\/\/www.opalclt.org\/wp-content\/uploads\/wild-rose-meadow-family.jpg 225w, https:\/\/www.opalclt.org\/wp-content\/uploads\/wild-rose-meadow-family-222x300.jpg 222w\" sizes=\"auto, (max-width: 225px) 100vw, 225px\" \/><\/a><\/b>Un precio que puede pagar.<\/i><\/b> Esto significa un pago mensual asequible. OPAL combina subvenciones p\u00fablicas y donaciones privadas para reducir el precio de una casa OPAL muy por debajo de los precios de mercado. Muchos propietarios de OPAL pagan lo mismo o menos para ser propietarios de sus casas que lo que pagan por el alquiler.<\/li>\n<\/ul>\n<ul>\n<li><b><i>Pr\u00e9stamos seguros y ayuda para conseguir financiaci\u00f3n.<\/i><\/b> El personal de OPAL trabaja con usted para ayudarlo a encontrar financiamiento que sea asequible y seguro.<\/li>\n<\/ul>\n<ul>\n<li><b><i>Soporte continuo si lo necesita.<\/i><\/b> Un miembro del personal de OPAL siempre est\u00e1 disponible para usted, incluso despu\u00e9s de que se haya mudado. OPAL brinda asesoramiento sobre vivienda, presupuesto y gesti\u00f3n financiera, y asesoramiento sobre incumplimientos a todos los solicitantes y propietarios de viviendas.<\/li>\n<\/ul>\n<ul>\n<li><b><i>La oportunidad de generar equidad.<\/i><\/b> Las casas OPAL se aprecian modestamente seg\u00fan una f\u00f3rmula de reventa. La f\u00f3rmula le permite ganar una cantidad razonable de dinero en su casa cuando decide venderla, y mantiene el precio asequible para que otra familia pueda comprar la misma casa a un precio asequible en el futuro cuando decida venderla. La f\u00f3rmula de reventa le permite extender al pr\u00f3ximo comprador la misma oportunidad que recibi\u00f3.<\/li>\n<\/ul>\n<h2><a href=\"http:\/\/www.opalclt.org\/wp-content\/uploads\/scattered-site-2663.jpg\"><img loading=\"lazy\" decoding=\"async\" class=\"alignright size-full wp-image-348\" src=\"http:\/\/www.opalclt.org\/wp-content\/uploads\/scattered-site-2663.jpg\" alt=\"family at scattered site residence\" width=\"300\" height=\"225\" \/><\/a>\u00bfQu\u00e9 hace que las casas OPAL sean diferentes?<\/h2>\n<p>Cuando compra una casa OPAL, compra el edificio y firma un contrato de arrendamiento del terreno por 99 a\u00f1os. El contrato de arrendamiento le brinda la seguridad que necesita y le brinda a OPAL algunas garant\u00edas de que ayudar\u00e1 a perpetuar la misi\u00f3n:<\/p>\n<ul>\n<li>Mientras sea due\u00f1o de la casa, usted y\/o su familia vivir\u00e1n all\u00ed a tiempo completo.<\/li>\n<\/ul>\n<ul>\n<li>Mantendr\u00e1s la casa y la mantendr\u00e1s en buen estado.<\/li>\n<\/ul>\n<ul>\n<li>Usted acepta vender la casa a un precio que se calcula de acuerdo con la f\u00f3rmula de reventa del contrato de arrendamiento para que la casa siga siendo asequible para el pr\u00f3ximo comprador.<\/li>\n<\/ul>\n<ul>\n<li>Se lo vender\u00e1 a otra familia con ingresos elegibles.<\/li>\n<\/ul>\n<p>&nbsp;<\/p>\n<h2><a href=\"http:\/\/www.opalclt.org\/wp-content\/uploads\/girl-pink-dress-flowers-220x300.jpg\"><img loading=\"lazy\" decoding=\"async\" class=\"alignleft wp-image-347 size-full\" src=\"http:\/\/www.opalclt.org\/wp-content\/uploads\/girl-pink-dress-flowers-220x300.jpg\" alt=\"girl in pink dress\" width=\"220\" height=\"300\" \/><\/a>\u00bfCu\u00e1les son tus siguientes pasos?<\/h2>\n<p><a href=\"\/es\/buy-your-home\/are-you-eligible\/\">Averig\u00fce si es elegible para el programa<\/a>.<br \/>\n<a href=\"\/es\/buy-your-home\/steps-to-apply\/\">Revisa los pasos para aplicar.<\/a><br \/>\n<a href=\"\/es\/buy-your-home\/apply-today\/\">Complete una solicitud.<\/a><br \/>\n<a href=\"http:\/\/www.opalclt.org\/es\/buy-your-home\/shop-for-your-house\/\">Compre una casa OPAL.<\/a><br \/>\n<a href=\"\/es\/buy-your-home\/apply-for-your-mortgage\/\">Solicitar una hipoteca.<\/a><br \/>\n<a href=\"http:\/\/www.opalclt.org\/es\/buy-your-home\/close-on-your-new-home\/\">Cierre en su casa OPAL.<\/a><\/p>","protected":false},"excerpt":{"rendered":"<p>Every OPAL House Comes With an Affordable Price and Help With Financing Have you thought you could never afford to own a home on Orcas? OPAL Community Land Trust offers a path to homeownership for islanders who are priced out of the real estate market. When you partner with OPAL to buy your OPAL house, [&hellip;]<\/p>\n","protected":false},"author":2,"featured_media":0,"parent":29,"menu_order":0,"comment_status":"closed","ping_status":"closed","template":"","meta":{"give_campaign_id":0,"_genesis_hide_title":false,"_genesis_hide_breadcrumbs":false,"_genesis_hide_singular_image":false,"_genesis_hide_footer_widgets":false,"_genesis_custom_body_class":"","_genesis_custom_post_class":"","_genesis_layout":"","footnotes":""},"class_list":{"0":"post-173","1":"page","2":"type-page","3":"status-publish","5":"entry","6":"has-post-thumbnail"},"aioseo_notices":[],"campaignId":"","_links":{"self":[{"href":"https:\/\/www.opalclt.org\/es\/wp-json\/wp\/v2\/pages\/173","targetHints":{"allow":["GET"]}}],"collection":[{"href":"https:\/\/www.opalclt.org\/es\/wp-json\/wp\/v2\/pages"}],"about":[{"href":"https:\/\/www.opalclt.org\/es\/wp-json\/wp\/v2\/types\/page"}],"author":[{"embeddable":true,"href":"https:\/\/www.opalclt.org\/es\/wp-json\/wp\/v2\/users\/2"}],"replies":[{"embeddable":true,"href":"https:\/\/www.opalclt.org\/es\/wp-json\/wp\/v2\/comments?post=173"}],"version-history":[{"count":1,"href":"https:\/\/www.opalclt.org\/es\/wp-json\/wp\/v2\/pages\/173\/revisions"}],"predecessor-version":[{"id":1497,"href":"https:\/\/www.opalclt.org\/es\/wp-json\/wp\/v2\/pages\/173\/revisions\/1497"}],"up":[{"embeddable":true,"href":"https:\/\/www.opalclt.org\/es\/wp-json\/wp\/v2\/pages\/29"}],"wp:attachment":[{"href":"https:\/\/www.opalclt.org\/es\/wp-json\/wp\/v2\/media?parent=173"}],"curies":[{"name":"wp","href":"https:\/\/api.w.org\/{rel}","templated":true}]}}