{"id":189,"date":"2015-07-17T23:00:00","date_gmt":"2015-07-17T23:00:00","guid":{"rendered":"http:\/\/www.opalclt.org\/?page_id=189"},"modified":"2021-06-28T12:27:26","modified_gmt":"2021-06-28T19:27:26","slug":"loan-fund","status":"publish","type":"page","link":"https:\/\/www.opalclt.org\/es\/in-the-works\/loan-fund\/","title":{"rendered":"Fondo de pr\u00e9stamo de la isla"},"content":{"rendered":"<h1>Island Loan Fund: pr\u00e9stamos comunitarios<\/h1>\n<p>A lo largo de los a\u00f1os, muchos habitantes de las islas Orcas han comprado su casa o han financiado alg\u00fan aspecto de la expansi\u00f3n de su negocio con pr\u00e9stamos de particulares, en lugar de bancos. Estos pr\u00e9stamos se han basado en gran medida en las relaciones personales, pero algunos prestamistas han hecho pr\u00e9stamos porque lo ven como una parte importante de la sostenibilidad econ\u00f3mica de la isla.<\/p>\n<p><a href=\"http:\/\/www.opalclt.org\/wp-content\/uploads\/loan-fund-dinner1.jpg\"><img loading=\"lazy\" decoding=\"async\" class=\"alignleft size-medium wp-image-806\" src=\"http:\/\/www.opalclt.org\/wp-content\/uploads\/loan-fund-dinner1-300x225.jpg\" alt=\"loan fund dinner\" width=\"300\" height=\"225\" srcset=\"https:\/\/www.opalclt.org\/wp-content\/uploads\/loan-fund-dinner1-300x225.jpg 300w, https:\/\/www.opalclt.org\/wp-content\/uploads\/loan-fund-dinner1.jpg 650w\" sizes=\"auto, (max-width: 300px) 100vw, 300px\" \/><\/a>Island Loan Fund, que se est\u00e1 incubando como un programa de OPAL, continuar\u00e1 con esta tradici\u00f3n de unir a las personas que desean prestar dinero con las personas que desean pedir prestado al proporcionar un intermediario sin fines de lucro con las habilidades para suscribir a los prestatarios y brindar asistencia t\u00e9cnica para que los prestatarios tener \u00e9xito.<\/p>\n<p>La misi\u00f3n del Island Loan Fund es fomentar el desarrollo econ\u00f3mico y ayudar a mantener la diversidad econ\u00f3mica y demogr\u00e1fica en Orcas. El Fondo de Pr\u00e9stamos otorgar\u00e1 pr\u00e9stamos para vivienda a personas solventes que no cumplan con los est\u00e1ndares de pr\u00e9stamos bancarios. Los banqueros locales, que comprenden las limitaciones de sus instituciones tradicionales, son socios en esta empresa. En el futuro, Island Loan Fund tambi\u00e9n puede ofrecer una l\u00ednea de cr\u00e9dito para organizaciones locales sin fines de lucro.<\/p>\n<p><em><a href=\"http:\/\/www.opalclt.org\/wp-content\/uploads\/loan-fund-dinner2.jpg\"><img loading=\"lazy\" decoding=\"async\" class=\"alignright size-medium wp-image-807\" src=\"http:\/\/www.opalclt.org\/wp-content\/uploads\/loan-fund-dinner2-300x279.jpg\" alt=\"loan fund dinner\" width=\"300\" height=\"279\" srcset=\"https:\/\/www.opalclt.org\/wp-content\/uploads\/loan-fund-dinner2-300x279.jpg 300w, https:\/\/www.opalclt.org\/wp-content\/uploads\/loan-fund-dinner2.jpg 650w\" sizes=\"auto, (max-width: 300px) 100vw, 300px\" \/><\/a>\u00bfExiste un precedente para fondos estructurados de manera similar?<\/em><\/p>\n<ul>\n<li>Hay cientos de fondos de pr\u00e9stamos comunitarios exitosos en todo el pa\u00eds, pero pocos se dedican a los pr\u00e9stamos hipotecarios y ninguno que hayamos encontrado que combine la inversi\u00f3n de impacto social con los pr\u00e9stamos hipotecarios. Esto significa que podemos tomar prestadas las mejores pr\u00e1cticas de los fondos de pr\u00e9stamos que han tenido \u00e9xito, al mismo tiempo que innovamos para incorporar nuevos elementos al modelo.<\/li>\n<\/ul>\n<p><em>\u00bfQu\u00e9 tipos de pr\u00e9stamos har\u00e1 el fondo?<\/em><\/p>\n<ul>\n<li>Island Loan Fund proporcionar\u00e1 pr\u00e9stamos hipotecarios basados en bienes ra\u00edces para individuos y organizaciones sin fines de lucro. Es posible que en una etapa posterior se ampl\u00ede la oferta de productos.<\/li>\n<\/ul>\n<p><em>\u00bfQu\u00e9 beneficios presenta el Fondo de Pr\u00e9stamo para los prestatarios y los inversionistas del fondo?<\/em><\/p>\n<ul>\n<li>Los miembros de la comunidad que no puedan acceder a la financiaci\u00f3n bancaria tradicional se beneficiar\u00e1n del pr\u00e9stamo de capital para comprar una vivienda o completar las reparaciones de la vivienda.<\/li>\n<li>Los inversores del fondo se beneficiar\u00e1n de una iniciativa centrada en la comunidad que proporciona un rendimiento de inversi\u00f3n razonable, junto con un valor significativo para nuestra comunidad local.<\/li>\n<\/ul>\n<p><em>\u00bfQu\u00e9 tiene que suceder antes de que se lance Island Loan Fund?<\/em><\/p>\n<ul>\n<li>Estamos trabajando para adoptar las pol\u00edticas y los procedimientos que siguen los requisitos reglamentarios apropiados supervisados por el Departamento de Instituciones Financieras del Estado de Washington.<\/li>\n<li><a href=\"http:\/\/www.opalclt.org\/wp-content\/uploads\/FINAL-opal-loan-fund-facts-2017-v5.pdf\">Informaci\u00f3n sobre el Fondo de Pr\u00e9stamo de la Isla<\/a><\/li>\n<\/ul>\n<p><em>Grupo de Trabajo del Fondo de Pr\u00e9stamo<\/em>:<\/p>\n<ul>\n<li>Eros Beliveau, propietario de OPAL<\/li>\n<li>Julie Brunner, Gerente de Vivienda de OPAL<\/li>\n<li>Lisa Byers, directora ejecutiva de OPAL<\/li>\n<li>Jamie Cier, gerente de sucursal, Washington Federal, Eastsound<\/li>\n<li>Alex Conrad, Consultor de Negocios Internacionales (l\u00edder en el Desarrollo del Plan de Negocios de Fondos de Pr\u00e9stamos)<\/li>\n<li>George Zweibel, abogado jubilado<\/li>\n<\/ul>\n<p>Consejeros:<\/p>\n<ul>\n<li>Michael Brennan, inversor<\/li>\n<li>Ken Katz, propietario de una peque\u00f1a empresa<\/li>\n<li>Allen Smith, director ejecutivo jubilado<\/li>\n<\/ul>","protected":false},"excerpt":{"rendered":"<p>Island Loan Fund: community lending Through the years, many Orcas Islanders have purchased their home or financed some aspect of their business expansion by borrowing from individuals, rather than banks. These loans have largely been based on personal relationships, but some lenders have made loans because they view it as an important part of the [&hellip;]<\/p>\n","protected":false},"author":2,"featured_media":0,"parent":185,"menu_order":0,"comment_status":"closed","ping_status":"closed","template":"","meta":{"give_campaign_id":0,"_genesis_hide_title":false,"_genesis_hide_breadcrumbs":false,"_genesis_hide_singular_image":false,"_genesis_hide_footer_widgets":false,"_genesis_custom_body_class":"","_genesis_custom_post_class":"","_genesis_layout":"","footnotes":""},"class_list":{"0":"post-189","1":"page","2":"type-page","3":"status-publish","5":"entry","6":"has-post-thumbnail"},"aioseo_notices":[],"campaignId":"","_links":{"self":[{"href":"https:\/\/www.opalclt.org\/es\/wp-json\/wp\/v2\/pages\/189","targetHints":{"allow":["GET"]}}],"collection":[{"href":"https:\/\/www.opalclt.org\/es\/wp-json\/wp\/v2\/pages"}],"about":[{"href":"https:\/\/www.opalclt.org\/es\/wp-json\/wp\/v2\/types\/page"}],"author":[{"embeddable":true,"href":"https:\/\/www.opalclt.org\/es\/wp-json\/wp\/v2\/users\/2"}],"replies":[{"embeddable":true,"href":"https:\/\/www.opalclt.org\/es\/wp-json\/wp\/v2\/comments?post=189"}],"version-history":[{"count":5,"href":"https:\/\/www.opalclt.org\/es\/wp-json\/wp\/v2\/pages\/189\/revisions"}],"predecessor-version":[{"id":5696,"href":"https:\/\/www.opalclt.org\/es\/wp-json\/wp\/v2\/pages\/189\/revisions\/5696"}],"up":[{"embeddable":true,"href":"https:\/\/www.opalclt.org\/es\/wp-json\/wp\/v2\/pages\/185"}],"wp:attachment":[{"href":"https:\/\/www.opalclt.org\/es\/wp-json\/wp\/v2\/media?parent=189"}],"curies":[{"name":"wp","href":"https:\/\/api.w.org\/{rel}","templated":true}]}}