{"id":1937,"date":"2017-03-27T21:41:03","date_gmt":"2017-03-27T21:41:03","guid":{"rendered":"https:\/\/www.opalclt.org\/membership-join\/"},"modified":"2017-03-27T22:56:24","modified_gmt":"2017-03-27T22:56:24","slug":"membership-join","status":"publish","type":"page","link":"https:\/\/www.opalclt.org\/es\/membership-join\/","title":{"rendered":"\u00danete a nosotros"},"content":{"rendered":"<h1>\u00bfBuscando el \u00c1rea de Miembros de la Junta?<\/h1>\n<p>Si es miembro de la Junta Directiva de OPAL y tiene problemas para iniciar sesi\u00f3n en el \u00e1rea privada de la junta, comun\u00edquese con Elaine al 376-3191 o <a href=\"mailto:office@opalclt.org\">oficina@opalclt.org<\/a>.<\/p>\n<p>\u00a1Gracias!<\/p>\n<p><span style=\"border-radius: 2px; text-indent: 20px; width: auto; padding: 0px 4px 0px 0px; text-align: center; font: bold 11px\/20px 'Helvetica Neue',Helvetica,sans-serif; color: #ffffff; background: #bd081c no-repeat scroll 3px 50% \/ 14px 14px; position: absolute; opacity: 1; z-index: 8675309; display: none; cursor: pointer;\">Ahorrar<\/span><\/p>\n<p><span style=\"border-radius: 2px; text-indent: 20px; width: auto; padding: 0px 4px 0px 0px; text-align: center; font: bold 11px\/20px 'Helvetica Neue',Helvetica,sans-serif; color: #ffffff; background: #bd081c no-repeat scroll 3px 50% \/ 14px 14px; position: absolute; opacity: 1; z-index: 8675309; display: none; cursor: pointer;\">Ahorrar<\/span><\/p>","protected":false},"excerpt":{"rendered":"<p>Looking for the Board Member Area? If you are a member of the OPAL Board of Trustees and are having trouble logging into the board&#8217;s private area, please contact Elaine at 376-3191 or office@opalclt.org. Thank you! Save Save<\/p>","protected":false},"author":2,"featured_media":0,"parent":0,"menu_order":0,"comment_status":"closed","ping_status":"closed","template":"","meta":{"give_campaign_id":0,"_genesis_hide_title":false,"_genesis_hide_breadcrumbs":false,"_genesis_hide_singular_image":false,"_genesis_hide_footer_widgets":false,"_genesis_custom_body_class":"","_genesis_custom_post_class":"","_genesis_layout":"full-width-content","footnotes":""},"class_list":{"0":"post-1937","1":"page","2":"type-page","3":"status-publish","5":"entry"},"aioseo_notices":[],"campaignId":"","_links":{"self":[{"href":"https:\/\/www.opalclt.org\/es\/wp-json\/wp\/v2\/pages\/1937","targetHints":{"allow":["GET"]}}],"collection":[{"href":"https:\/\/www.opalclt.org\/es\/wp-json\/wp\/v2\/pages"}],"about":[{"href":"https:\/\/www.opalclt.org\/es\/wp-json\/wp\/v2\/types\/page"}],"author":[{"embeddable":true,"href":"https:\/\/www.opalclt.org\/es\/wp-json\/wp\/v2\/users\/2"}],"replies":[{"embeddable":true,"href":"https:\/\/www.opalclt.org\/es\/wp-json\/wp\/v2\/comments?post=1937"}],"version-history":[{"count":5,"href":"https:\/\/www.opalclt.org\/es\/wp-json\/wp\/v2\/pages\/1937\/revisions"}],"predecessor-version":[{"id":1958,"href":"https:\/\/www.opalclt.org\/es\/wp-json\/wp\/v2\/pages\/1937\/revisions\/1958"}],"wp:attachment":[{"href":"https:\/\/www.opalclt.org\/es\/wp-json\/wp\/v2\/media?parent=1937"}],"curies":[{"name":"wp","href":"https:\/\/api.w.org\/{rel}","templated":true}]}}