{"id":1938,"date":"2017-03-27T21:41:04","date_gmt":"2017-03-27T21:41:04","guid":{"rendered":"https:\/\/www.opalclt.org\/membership-join\/membership-registration\/"},"modified":"2017-05-04T15:29:27","modified_gmt":"2017-05-04T15:29:27","slug":"membership-registration","status":"publish","type":"page","link":"https:\/\/www.opalclt.org\/es\/membership-join\/membership-registration\/","title":{"rendered":"Registration"},"content":{"rendered":"<p>Free membership is disabled on this site. Please make a payment from the <a href=\"https:\/\/www.opalclt.org\/es\/membership-join\/\">\u00danete a nosotros<\/a>p\u00e1gina para pagar una membres\u00eda premium. <\/p><p>Recibir\u00e1 un enlace \u00fanico por correo electr\u00f3nico despu\u00e9s del pago. Podr\u00e1 usar ese enlace para completar el registro de membres\u00eda premium.<\/p>","protected":false},"excerpt":{"rendered":"","protected":false},"author":2,"featured_media":0,"parent":1937,"menu_order":0,"comment_status":"closed","ping_status":"closed","template":"","meta":{"give_campaign_id":0,"_genesis_hide_title":false,"_genesis_hide_breadcrumbs":false,"_genesis_hide_singular_image":false,"_genesis_hide_footer_widgets":false,"_genesis_custom_body_class":"","_genesis_custom_post_class":"","_genesis_layout":"","footnotes":""},"class_list":{"0":"post-1938","1":"page","2":"type-page","3":"status-publish","5":"entry"},"aioseo_notices":[],"campaignId":"","_links":{"self":[{"href":"https:\/\/www.opalclt.org\/es\/wp-json\/wp\/v2\/pages\/1938","targetHints":{"allow":["GET"]}}],"collection":[{"href":"https:\/\/www.opalclt.org\/es\/wp-json\/wp\/v2\/pages"}],"about":[{"href":"https:\/\/www.opalclt.org\/es\/wp-json\/wp\/v2\/types\/page"}],"author":[{"embeddable":true,"href":"https:\/\/www.opalclt.org\/es\/wp-json\/wp\/v2\/users\/2"}],"replies":[{"embeddable":true,"href":"https:\/\/www.opalclt.org\/es\/wp-json\/wp\/v2\/comments?post=1938"}],"version-history":[{"count":1,"href":"https:\/\/www.opalclt.org\/es\/wp-json\/wp\/v2\/pages\/1938\/revisions"}],"predecessor-version":[{"id":2153,"href":"https:\/\/www.opalclt.org\/es\/wp-json\/wp\/v2\/pages\/1938\/revisions\/2153"}],"up":[{"embeddable":true,"href":"https:\/\/www.opalclt.org\/es\/wp-json\/wp\/v2\/pages\/1937"}],"wp:attachment":[{"href":"https:\/\/www.opalclt.org\/es\/wp-json\/wp\/v2\/media?parent=1938"}],"curies":[{"name":"wp","href":"https:\/\/api.w.org\/{rel}","templated":true}]}}