{"id":27,"date":"2015-07-09T19:48:53","date_gmt":"2015-07-09T19:48:53","guid":{"rendered":"http:\/\/www.opalclt.org\/?page_id=27"},"modified":"2025-01-08T14:07:04","modified_gmt":"2025-01-08T22:07:04","slug":"our-properties","status":"publish","type":"page","link":"https:\/\/www.opalclt.org\/es\/our-properties\/","title":{"rendered":"Nuestras Propiedades"},"content":{"rendered":"<h1>Vecindarios bien planificados y dise\u00f1os de edificios bien pensados<\/h1>\n<p><img loading=\"lazy\" decoding=\"async\" class=\"alignright size-medium wp-image-133\" src=\"http:\/\/www.opalclt.org\/wp-content\/uploads\/lisa-hardhats-300x250.jpg\" alt=\"lisa-hardhats\" width=\"300\" height=\"250\" srcset=\"https:\/\/www.opalclt.org\/wp-content\/uploads\/lisa-hardhats-300x250.jpg 300w, https:\/\/www.opalclt.org\/wp-content\/uploads\/lisa-hardhats.jpg 350w\" sizes=\"auto, (max-width: 300px) 100vw, 300px\" \/>Para dise\u00f1ar un nuevo vecindario, OPAL Community Land Trust trabaja en estrecha colaboraci\u00f3n con la comunidad y los posibles propietarios e inquilinos. La mayor\u00eda de las casas OPAL est\u00e1n ubicadas en Eastsound, cerca de trabajos, escuelas y tiendas. Pero continuamos buscando oportunidades para ubicar viviendas cerca de Doe Bay, Olga, Orcas Landing, Rosario, West Sound y Deer Harbor, para ayudar a mantener la diversidad econ\u00f3mica en todas las \u00e1reas geogr\u00e1ficas de Orcas Island.<\/p>\n<p>Los dise\u00f1os de sitios de OPAL se esfuerzan por minimizar el impacto en la tierra y adaptarse a los vecindarios existentes. Con cada desarrollo sucesivo, nuestra construcci\u00f3n se ha vuelto m\u00e1s duradera, sostenible y energ\u00e9ticamente eficiente.<\/p>\n<p>Cada vecindario (Bonnie Brae, Lahari Ridge, Oberon Meadow y Oberon Wood, Opal Commons y Wild Rose Meadow) tiene su propio car\u00e1cter, incluido su propio conjunto de acuerdos sobre actividades permitidas (Condiciones, Convenios y Restricciones) que est\u00e1n escritos, supervisados , y modificado con el tiempo por los propietarios. Los residentes de cada vecindario manejan sus propios asuntos comerciales, pero los miembros del personal de OPAL est\u00e1n disponibles para ayudar con proyectos especiales o para facilitar reuniones, cuando as\u00ed se solicite.<\/p>\n<p>Since 1989, OPAL supporters and government funders have enabled OPAL to build or renovate 110 single-family homes, 94 rental apartments, 3,600 square feet of rental office space, and five community gardens.<\/p>\n<h4>M\u00e1s informaci\u00f3n sobre cada barrio:<\/h4>\n<h5>Propiedades de propiedad de la vivienda<\/h5>\n<ul>\n<li><a href=\"https:\/\/www.opalclt.org\/es\/our-properties\/bonnie-brae\/\">bonnie brae<\/a><\/li>\n<li><a href=\"https:\/\/www.opalclt.org\/es\/our-properties\/lahari-ridge\/\">Cresta de Lahari<\/a><\/li>\n<li><a href=\"https:\/\/www.opalclt.org\/es\/our-properties\/oberon-wood-and-oberon-meadow\/\">Oberon Wood y Oberon Meadow<\/a><\/li>\n<li><a href=\"https:\/\/www.opalclt.org\/es\/our-properties\/opal-commons\/\">Comunes de \u00f3palo<\/a><\/li>\n<li><a href=\"https:\/\/www.opalclt.org\/es\/our-properties\/orcas-village\/\">Pueblo de orcas<\/a><\/li>\n<li><a href=\"https:\/\/www.opalclt.org\/es\/our-properties\/scattered-sites\/\">Sitios dispersos<\/a><\/li>\n<li><a href=\"https:\/\/www.opalclt.org\/es\/our-properties\/wild-rose-meadow\/\">Prado de rosas silvestres<\/a><\/li>\n<\/ul>\n<h5>Propiedades para alquilar<\/h5>\n<ul>\n<li><a href=\"https:\/\/www.opalclt.org\/es\/our-properties\/aprils-grove\/\">Casas adosadas de April&#039;s Grove<\/a><\/li>\n<li><a href=\"https:\/\/www.opalclt.org\/es\/our-properties\/our-properties-lavender-hollow\/\">Lavanda Hollow Apartamentos<\/a><\/li>\n<li><a href=\"https:\/\/www.opalclt.org\/es\/our-properties\/reddick-apartments-and-offices\/\">Reddick Apartamentos y Oficinas<\/a><\/li>\n<\/ul>\n\n\n<p><\/p>","protected":false},"excerpt":{"rendered":"<p>Well-Planned Neighborhoods and Thoughtful Building Designs To design a new neighborhood, OPAL Community Land Trust works closely with the community and prospective homeowners and tenants. Most OPAL homes are located in Eastsound, close to jobs, schools, and stores. But we continue to look for opportunities to locate housing near Doe Bay, Olga, Orcas Landing, Rosario, [&hellip;]<\/p>","protected":false},"author":2,"featured_media":0,"parent":0,"menu_order":0,"comment_status":"closed","ping_status":"closed","template":"","meta":{"give_campaign_id":0,"_genesis_hide_title":true,"_genesis_hide_breadcrumbs":false,"_genesis_hide_singular_image":false,"_genesis_hide_footer_widgets":false,"_genesis_custom_body_class":"","_genesis_custom_post_class":"","_genesis_layout":"","footnotes":""},"class_list":{"0":"post-27","1":"page","2":"type-page","3":"status-publish","5":"entry","6":"has-post-thumbnail"},"aioseo_notices":[],"campaignId":"","_links":{"self":[{"href":"https:\/\/www.opalclt.org\/es\/wp-json\/wp\/v2\/pages\/27","targetHints":{"allow":["GET"]}}],"collection":[{"href":"https:\/\/www.opalclt.org\/es\/wp-json\/wp\/v2\/pages"}],"about":[{"href":"https:\/\/www.opalclt.org\/es\/wp-json\/wp\/v2\/types\/page"}],"author":[{"embeddable":true,"href":"https:\/\/www.opalclt.org\/es\/wp-json\/wp\/v2\/users\/2"}],"replies":[{"embeddable":true,"href":"https:\/\/www.opalclt.org\/es\/wp-json\/wp\/v2\/comments?post=27"}],"version-history":[{"count":5,"href":"https:\/\/www.opalclt.org\/es\/wp-json\/wp\/v2\/pages\/27\/revisions"}],"predecessor-version":[{"id":7974,"href":"https:\/\/www.opalclt.org\/es\/wp-json\/wp\/v2\/pages\/27\/revisions\/7974"}],"wp:attachment":[{"href":"https:\/\/www.opalclt.org\/es\/wp-json\/wp\/v2\/media?parent=27"}],"curies":[{"name":"wp","href":"https:\/\/api.w.org\/{rel}","templated":true}]}}