{"id":2871,"date":"2018-03-16T23:40:07","date_gmt":"2018-03-16T23:40:07","guid":{"rendered":"https:\/\/www.opalclt.org\/?page_id=2871"},"modified":"2018-03-16T23:43:04","modified_gmt":"2018-03-16T23:43:04","slug":"loan-fund","status":"publish","type":"page","link":"https:\/\/www.opalclt.org\/es\/loans\/loan-fund\/","title":{"rendered":"Fondo de pr\u00e9stamo"},"content":{"rendered":"<h1>Island Loan Fund: pr\u00e9stamos comunitarios<\/h1>\n<p>Island Loan Fund proporciona pr\u00e9stamos inmobiliarios y asistencia t\u00e9cnica a los habitantes de las islas Orcas que necesitan un pr\u00e9stamo hipotecario y son solventes, pero a\u00fan no son elegibles para un pr\u00e9stamo bancario. El fondo es capitalizado por personas que desean invertir localmente para ayudar a la comunidad isle\u00f1a a conservar su diversidad econ\u00f3mica.<\/p>\n<p><a href=\"http:\/\/www.opalclt.org\/es\/loans\/borrow\/\">prestatarios<\/a> del fondo son los isle\u00f1os de las orcas. Por lo general, son familias isle\u00f1as trabajadoras que a\u00fan no cumplen con los est\u00e1ndares requeridos por un banco para comprar una casa o pedir prestado para hacer modificaciones a su casa actual. Para obtener m\u00e1s informaci\u00f3n, haga clic en <a href=\"http:\/\/www.opalclt.org\/es\/loans\/borrow\/\"><u>aqu\u00ed<\/u><\/a>.<\/p>\n<p><a href=\"http:\/\/www.opalclt.org\/es\/loans\/invest\/\">inversores<\/a> en el fondo hay personas que buscan una inversi\u00f3n de estilo de impacto social que atienda las necesidades de Orcas Island. Quieren invertir sus fondos localmente para ayudar a sus vecinos y contrarrestar la creciente desigualdad de ingresos de la isla. Para obtener m\u00e1s informaci\u00f3n, haga clic en <a href=\"http:\/\/www.opalclt.org\/es\/loans\/invest\/\"><u>aqu\u00ed<\/u><\/a>.<\/p>","protected":false},"excerpt":{"rendered":"<p>Island Loan Fund: Community Lending The Island Loan Fund provides real estate loans and technical assistance to Orcas Islanders who need a mortgage loan and are creditworthy, but are not yet eligible for a bank loan. The fund is capitalized by individuals who want to invest locally in order to help the island community retain [&hellip;]<\/p>\n","protected":false},"author":2,"featured_media":0,"parent":2852,"menu_order":0,"comment_status":"closed","ping_status":"closed","template":"","meta":{"give_campaign_id":0,"_genesis_hide_title":false,"_genesis_hide_breadcrumbs":false,"_genesis_hide_singular_image":false,"_genesis_hide_footer_widgets":false,"_genesis_custom_body_class":"","_genesis_custom_post_class":"","_genesis_layout":"","footnotes":""},"class_list":{"0":"post-2871","1":"page","2":"type-page","3":"status-publish","5":"entry"},"aioseo_notices":[],"campaignId":"","_links":{"self":[{"href":"https:\/\/www.opalclt.org\/es\/wp-json\/wp\/v2\/pages\/2871","targetHints":{"allow":["GET"]}}],"collection":[{"href":"https:\/\/www.opalclt.org\/es\/wp-json\/wp\/v2\/pages"}],"about":[{"href":"https:\/\/www.opalclt.org\/es\/wp-json\/wp\/v2\/types\/page"}],"author":[{"embeddable":true,"href":"https:\/\/www.opalclt.org\/es\/wp-json\/wp\/v2\/users\/2"}],"replies":[{"embeddable":true,"href":"https:\/\/www.opalclt.org\/es\/wp-json\/wp\/v2\/comments?post=2871"}],"version-history":[{"count":1,"href":"https:\/\/www.opalclt.org\/es\/wp-json\/wp\/v2\/pages\/2871\/revisions"}],"predecessor-version":[{"id":2872,"href":"https:\/\/www.opalclt.org\/es\/wp-json\/wp\/v2\/pages\/2871\/revisions\/2872"}],"up":[{"embeddable":true,"href":"https:\/\/www.opalclt.org\/es\/wp-json\/wp\/v2\/pages\/2852"}],"wp:attachment":[{"href":"https:\/\/www.opalclt.org\/es\/wp-json\/wp\/v2\/media?parent=2871"}],"curies":[{"name":"wp","href":"https:\/\/api.w.org\/{rel}","templated":true}]}}