{"id":2973,"date":"2018-05-10T14:30:51","date_gmt":"2018-05-10T21:30:51","guid":{"rendered":"https:\/\/www.opalclt.org\/?page_id=2973"},"modified":"2020-01-28T13:15:16","modified_gmt":"2020-01-28T21:15:16","slug":"new-homeownership","status":"publish","type":"page","link":"https:\/\/www.opalclt.org\/es\/in-the-works\/new-homeownership\/","title":{"rendered":"Nueva propiedad de vivienda"},"content":{"rendered":"<h1>Nuevas oportunidades de propiedad de vivienda<\/h1>\n<p>En diciembre de 2019, OPAL recibi\u00f3 una subvenci\u00f3n de $205,000 del Fondo Fiduciario de Vivienda del Estado de Washington para continuar con nuestro exitoso programa de sitios dispersos. Este premio de subvenci\u00f3n ser\u00e1 el financiamiento fundamental para que OPAL agregue cuatro viviendas m\u00e1s mediante la compra de viviendas existentes o la mudanza de viviendas a nuevas ubicaciones y su conversi\u00f3n a la forma de propiedad de fideicomiso de tierras comunitarias.<\/p>\n<p>OPAL comprar\u00e1 casas que est\u00e9n en buenas condiciones ya un precio moderado. OPAL luego revender\u00e1 la casa, utilizando fondos de subvenciones y algunas donaciones para reducir el precio de modo que sea asequible para un comprador de bajos ingresos. A trav\u00e9s de la transacci\u00f3n, OPAL conservar\u00e1 la propiedad del terreno y lo arrendar\u00e1 al nuevo propietario. El arrendamiento del terreno permitir\u00e1 que la casa siga siendo asequible de forma permanente.<\/p>","protected":false},"excerpt":{"rendered":"<p>New Homeownership Opportunities In December 2019, OPAL was awarded grant funding of $205,000 from the Washington State Housing Trust Fund to continue our successful scattered site program. This grant award will be the foundational funding for OPAL to add four more homes by either purchasing existing homes or moving homes to new locations and converting [&hellip;]<\/p>\n","protected":false},"author":2,"featured_media":0,"parent":185,"menu_order":0,"comment_status":"closed","ping_status":"closed","template":"","meta":{"give_campaign_id":0,"_genesis_hide_title":false,"_genesis_hide_breadcrumbs":false,"_genesis_hide_singular_image":false,"_genesis_hide_footer_widgets":false,"_genesis_custom_body_class":"","_genesis_custom_post_class":"","_genesis_layout":"","footnotes":""},"class_list":{"0":"post-2973","1":"page","2":"type-page","3":"status-publish","5":"entry"},"aioseo_notices":[],"campaignId":"","_links":{"self":[{"href":"https:\/\/www.opalclt.org\/es\/wp-json\/wp\/v2\/pages\/2973","targetHints":{"allow":["GET"]}}],"collection":[{"href":"https:\/\/www.opalclt.org\/es\/wp-json\/wp\/v2\/pages"}],"about":[{"href":"https:\/\/www.opalclt.org\/es\/wp-json\/wp\/v2\/types\/page"}],"author":[{"embeddable":true,"href":"https:\/\/www.opalclt.org\/es\/wp-json\/wp\/v2\/users\/2"}],"replies":[{"embeddable":true,"href":"https:\/\/www.opalclt.org\/es\/wp-json\/wp\/v2\/comments?post=2973"}],"version-history":[{"count":5,"href":"https:\/\/www.opalclt.org\/es\/wp-json\/wp\/v2\/pages\/2973\/revisions"}],"predecessor-version":[{"id":3857,"href":"https:\/\/www.opalclt.org\/es\/wp-json\/wp\/v2\/pages\/2973\/revisions\/3857"}],"up":[{"embeddable":true,"href":"https:\/\/www.opalclt.org\/es\/wp-json\/wp\/v2\/pages\/185"}],"wp:attachment":[{"href":"https:\/\/www.opalclt.org\/es\/wp-json\/wp\/v2\/media?parent=2973"}],"curies":[{"name":"wp","href":"https:\/\/api.w.org\/{rel}","templated":true}]}}