{"id":355,"date":"2015-07-24T19:54:18","date_gmt":"2015-07-24T19:54:18","guid":{"rendered":"http:\/\/www.opalclt.org\/?page_id=355"},"modified":"2024-11-01T16:48:50","modified_gmt":"2024-11-01T23:48:50","slug":"steps-to-apply","status":"publish","type":"page","link":"https:\/\/www.opalclt.org\/es\/buy-your-home\/steps-to-apply\/","title":{"rendered":"Pasos para aplicar"},"content":{"rendered":"<h1>Pasos para aplicar y comprar una casa OPAL<\/h1>\n<p><a href=\"http:\/\/www.opalclt.org\/wp-content\/uploads\/older-couple-sitting-on-steps.jpg\"><img loading=\"lazy\" decoding=\"async\" class=\"alignright size-full wp-image-403\" src=\"http:\/\/www.opalclt.org\/wp-content\/uploads\/older-couple-sitting-on-steps.jpg\" alt=\"couple on steps of opal home\" width=\"225\" height=\"333\" srcset=\"https:\/\/www.opalclt.org\/wp-content\/uploads\/older-couple-sitting-on-steps.jpg 225w, https:\/\/www.opalclt.org\/wp-content\/uploads\/older-couple-sitting-on-steps-203x300.jpg 203w\" sizes=\"auto, (max-width: 225px) 100vw, 225px\" \/><\/a>Los pasos en el proceso de compra de vivienda de OPAL Community Land Trust est\u00e1n dise\u00f1ados para garantizar que OPAL tenga toda la informaci\u00f3n que necesitamos para ayudarlo a obtener una hipoteca y comprar su vivienda OPAL con \u00e9xito.<\/p>\n<p>Nuestro proceso tambi\u00e9n est\u00e1 dise\u00f1ado para asegurarnos de que tenga toda la informaci\u00f3n <i>Uds<\/i> necesita sentirse seguro de que si\/cuando toma la decisi\u00f3n real de comprar una casa, sabe exactamente lo que est\u00e1 involucrado.<\/p>\n<p>Como puede ver, hemos incluido oportunidades para que hable con otras personas adem\u00e1s del personal de OPAL sobre c\u00f3mo es ser propietario de una vivienda de OPAL.<\/p>\n<h2>Pasos para convertirse en propietario de una vivienda OPAL:<\/h2>\n<ol>\n<li><b><i>Determina si eres o no <a href=\"http:\/\/www.opalclt.org\/es\/buy-your-home\/are-you-eligible\/\"><span style=\"text-decoration: underline;\">elegible<\/span><\/a><\/i><\/b><a href=\"http:\/\/www.opalclt.org\/es\/buy-your-home\/are-you-eligible\/\"><b>.<\/b><\/a><\/li>\n<li><b><i>Submit your application<\/i><\/b><b>.<\/b> Once you have completed the <span style=\"text-decoration: underline;\"><strong><a href=\"https:\/\/application.opalclt.org\/screening\/7017V000001V5Xf\" target=\"_blank\" rel=\"noopener\">inquiry form<\/a><\/strong><\/span> you will receive an invitation to fill out an application online. If you have trouble with the online the application, contact OPAL to setup a time to get help.<\/li>\n<li><b><i>Pay your application fee ($30.00).<\/i><\/b><\/li>\n<li><b><i>Once you have submitted your application, meet with OPAL staff<\/i><\/b> to learn more about OPAL and the home-buying process.<\/li>\n<li><b><i>ver un video<\/i><\/b> Para obtener m\u00e1s informaci\u00f3n sobre los fideicomisos de tierras comunitarias:<br \/>\n\u2022 YouTube \u2014 Hogares y manos: la historia de \u00e9xito de los CLT, partes 1 a 4\u00a0<a href=\"http:\/\/www.cltnetwork.org\/index.php?fuseaction=Blog.dspBlogPost&amp;postID=85\"><br \/>\n<\/a>\u2022 Entrevista con uno de los fundadores de OPAL, Michael Sky<\/li>\n<li><b><i>Revisar una copia de los CC&amp;R<\/i><\/b> para el barrio correspondiente. Cada vecindario OPAL desarrolla sus propios Convenios, Condiciones y Restricciones (CC&amp;R), que rigen lo que se debe y lo que no se debe hacer en ese vecindario. Puede encontrar una copia de los documentos de cada vecindario en <a href=\"http:\/\/opalhomes.org\" target=\"_blank\" rel=\"noopener noreferrer\"><span style=\"text-decoration: underline;\">www.opalhomes.org.<\/span><\/a><\/li>\n<li><b><i>Re\u00fanase con un propietario de OPAL<\/i><\/b><i> <\/i>para obtener su perspectiva sobre c\u00f3mo es comprar y ser propietario de una casa OPAL. Si a\u00fan no conoce a un propietario de OPAL, solicite al personal de OPAL algunos nombres y n\u00fameros de tel\u00e9fono para programar una reuni\u00f3n.<\/li>\n<li><b><i>Attend an OPAL board of trustee or neighborhood meeting<\/i><\/b><b>.<\/b> The OPAL board meets monthly, and each OPAL neighborhood has regular meetings. It is best to attend a meeting in the neighborhood where you hope to live.<\/li>\n<li><b><i>Firmar acuerdo de intenci\u00f3n de compra<\/i><\/b><b>.<\/b> Si todo se ve bien y est\u00e1 seguro de que le gustar\u00eda seguir adelante con la compra de una vivienda OPAL, firme el Acuerdo y pague la tarifa $200 asociada. Esta tarifa no es reembolsable y est\u00e1 destinada a demostrar que se toma en serio la compra de una casa OPAL. <a href=\"https:\/\/buy.stripe.com\/cN2bJeexV6871QkdQQ\">Click here to pay the $200 commitment fee.<\/a><\/li>\n<\/ol>\n<p>Una vez que haya completado todos estos pasos, estar\u00e1 oficialmente en el grupo de solicitantes de OPAL. Cuando una casa est\u00e1 disponible para la venta, todos los hogares en el grupo de solicitantes con un tama\u00f1o de hogar apropiado para esa casa son notificados y el hogar con la fecha de solicitud m\u00e1s antigua en el grupo de solicitantes tiene prioridad para comprar la casa.<\/p>","protected":false},"excerpt":{"rendered":"<p>Steps to Apply and Buy an OPAL House The steps in OPAL Community Land Trust\u2019s home-buying process are designed to make sure OPAL has all the information we need in order to help you successfully obtain a mortgage and buy your OPAL home. Our process is also designed to make sure you have all the [&hellip;]<\/p>\n","protected":false},"author":2,"featured_media":0,"parent":29,"menu_order":0,"comment_status":"closed","ping_status":"closed","template":"","meta":{"give_campaign_id":0,"_genesis_hide_title":false,"_genesis_hide_breadcrumbs":false,"_genesis_hide_singular_image":false,"_genesis_hide_footer_widgets":false,"_genesis_custom_body_class":"","_genesis_custom_post_class":"","_genesis_layout":"","footnotes":""},"class_list":{"0":"post-355","1":"page","2":"type-page","3":"status-publish","5":"entry","6":"has-post-thumbnail"},"aioseo_notices":[],"campaignId":"","_links":{"self":[{"href":"https:\/\/www.opalclt.org\/es\/wp-json\/wp\/v2\/pages\/355","targetHints":{"allow":["GET"]}}],"collection":[{"href":"https:\/\/www.opalclt.org\/es\/wp-json\/wp\/v2\/pages"}],"about":[{"href":"https:\/\/www.opalclt.org\/es\/wp-json\/wp\/v2\/types\/page"}],"author":[{"embeddable":true,"href":"https:\/\/www.opalclt.org\/es\/wp-json\/wp\/v2\/users\/2"}],"replies":[{"embeddable":true,"href":"https:\/\/www.opalclt.org\/es\/wp-json\/wp\/v2\/comments?post=355"}],"version-history":[{"count":5,"href":"https:\/\/www.opalclt.org\/es\/wp-json\/wp\/v2\/pages\/355\/revisions"}],"predecessor-version":[{"id":7914,"href":"https:\/\/www.opalclt.org\/es\/wp-json\/wp\/v2\/pages\/355\/revisions\/7914"}],"up":[{"embeddable":true,"href":"https:\/\/www.opalclt.org\/es\/wp-json\/wp\/v2\/pages\/29"}],"wp:attachment":[{"href":"https:\/\/www.opalclt.org\/es\/wp-json\/wp\/v2\/media?parent=355"}],"curies":[{"name":"wp","href":"https:\/\/api.w.org\/{rel}","templated":true}]}}