{"id":359,"date":"2015-07-24T19:55:19","date_gmt":"2015-07-24T19:55:19","guid":{"rendered":"http:\/\/www.opalclt.org\/?page_id=359"},"modified":"2016-04-20T17:56:44","modified_gmt":"2016-04-20T17:56:44","slug":"shop-for-your-house","status":"publish","type":"page","link":"https:\/\/www.opalclt.org\/es\/buy-your-home\/shop-for-your-house\/","title":{"rendered":"Compre para su casa"},"content":{"rendered":"<h1>Compre su casa OPAL<\/h1>\n<p><b><a href=\"http:\/\/www.opalclt.org\/wp-content\/uploads\/wild-rose-meadow-sign.jpg\"><img loading=\"lazy\" decoding=\"async\" class=\"alignright size-full wp-image-394\" src=\"http:\/\/www.opalclt.org\/wp-content\/uploads\/wild-rose-meadow-sign.jpg\" alt=\"sign at wild rose meadow\" width=\"350\" height=\"233\" srcset=\"https:\/\/www.opalclt.org\/wp-content\/uploads\/wild-rose-meadow-sign.jpg 350w, https:\/\/www.opalclt.org\/wp-content\/uploads\/wild-rose-meadow-sign-300x200.jpg 300w\" sizes=\"auto, (max-width: 350px) 100vw, 350px\" \/><\/a><\/b>Una vez que haya enviado su solicitud, se haya reunido con el personal de OPAL y est\u00e9 trabajando en los otros pasos para comprar una casa de OPAL, su nombre se agregar\u00e1 a nuestra lista de correo electr\u00f3nico. A continuaci\u00f3n, recibir\u00e1 avisos de casas OPAL que est\u00e1n a la venta.<\/p>\n<p>Si ve algo que le interesa y es el momento adecuado para seguir adelante con la compra de una casa, debe...<\/p>\n<ol>\n<li><b><i>Echale un vistazo<\/i><\/b><b>.<\/b> Si una casa parece ser de su inter\u00e9s, llame al propietario y programe una cita para ver la casa.<\/li>\n<li><b><i>Aseg\u00farate de que esta es la casa para ti.<\/i><\/b><b>.<\/b> Comprar una casa es una gran decisi\u00f3n y un gran compromiso; aseg\u00farese de estar satisfecho con su elecci\u00f3n.<\/li>\n<li><b><i>Haz las matematicas. \u00bfPuedes pagarlo?<\/i><\/b><i> <\/i>Cuando sigui\u00f3 los pasos para solicitar una casa, el personal de OPAL se reuni\u00f3 con usted para analizar qu\u00e9 pod\u00eda comprar, dados sus ingresos en ese momento. Ahora que tiene una casa espec\u00edfica en mente, es una buena idea volver a consultar con el personal de OPAL para revisar los n\u00fameros nuevamente. En esta reuni\u00f3n, actualizar\u00e1 sus ingresos, aprender\u00e1 qu\u00e9 opciones de pr\u00e9stamo est\u00e1n disponibles actualmente, averiguar\u00e1 si realmente puede calificar para un pr\u00e9stamo para comprar esta casa en particular y obtendr\u00e1 un pago mensual estimado.<\/li>\n<li><b><i>Lea los CCR del vecindario<\/i><\/b>. Una vez que haya identificado una casa que desea comprar, aseg\u00farese de volver a leer los CCR de ese vecindario en particular para estar al tanto de cualquier limitaci\u00f3n que pueda hacerle reconsiderar su deseo de vivir all\u00ed.<\/li>\n<li><b><i>\u00a1Decide si quieres comprarlo!<\/i><\/b><i> <\/i>Si le gusta la casa, si puede pagarla y si califica como comprador, inf\u00f3rmele a OPAL. El personal de OPAL redactar\u00e1 un acuerdo de compra y venta para que usted y el vendedor lo ejecuten. Una vez que haya hecho esto y haya pagado el dep\u00f3sito de arras de $500, \u00a1est\u00e1 oficialmente bajo contrato para comprar la casa!<\/li>\n<\/ol>\n<h1><\/h1>\n<p>&nbsp;<\/p>","protected":false},"excerpt":{"rendered":"<p>Shop for Your OPAL House Once you have submitted your application, have met with OPAL staff, and are working on the other steps to buy an OPAL house, your name will be added to our email list. You will then receive notices of OPAL houses that are for sale. If you see something you are [&hellip;]<\/p>\n","protected":false},"author":2,"featured_media":0,"parent":29,"menu_order":0,"comment_status":"closed","ping_status":"closed","template":"","meta":{"give_campaign_id":0,"_genesis_hide_title":false,"_genesis_hide_breadcrumbs":false,"_genesis_hide_singular_image":false,"_genesis_hide_footer_widgets":false,"_genesis_custom_body_class":"","_genesis_custom_post_class":"","_genesis_layout":"","footnotes":""},"class_list":{"0":"post-359","1":"page","2":"type-page","3":"status-publish","5":"entry","6":"has-post-thumbnail"},"aioseo_notices":[],"campaignId":"","_links":{"self":[{"href":"https:\/\/www.opalclt.org\/es\/wp-json\/wp\/v2\/pages\/359","targetHints":{"allow":["GET"]}}],"collection":[{"href":"https:\/\/www.opalclt.org\/es\/wp-json\/wp\/v2\/pages"}],"about":[{"href":"https:\/\/www.opalclt.org\/es\/wp-json\/wp\/v2\/types\/page"}],"author":[{"embeddable":true,"href":"https:\/\/www.opalclt.org\/es\/wp-json\/wp\/v2\/users\/2"}],"replies":[{"embeddable":true,"href":"https:\/\/www.opalclt.org\/es\/wp-json\/wp\/v2\/comments?post=359"}],"version-history":[{"count":1,"href":"https:\/\/www.opalclt.org\/es\/wp-json\/wp\/v2\/pages\/359\/revisions"}],"predecessor-version":[{"id":1499,"href":"https:\/\/www.opalclt.org\/es\/wp-json\/wp\/v2\/pages\/359\/revisions\/1499"}],"up":[{"embeddable":true,"href":"https:\/\/www.opalclt.org\/es\/wp-json\/wp\/v2\/pages\/29"}],"wp:attachment":[{"href":"https:\/\/www.opalclt.org\/es\/wp-json\/wp\/v2\/media?parent=359"}],"curies":[{"name":"wp","href":"https:\/\/api.w.org\/{rel}","templated":true}]}}