{"id":361,"date":"2015-07-24T19:56:05","date_gmt":"2015-07-24T19:56:05","guid":{"rendered":"http:\/\/www.opalclt.org\/?page_id=361"},"modified":"2016-04-20T17:57:30","modified_gmt":"2016-04-20T17:57:30","slug":"apply-for-your-mortgage","status":"publish","type":"page","link":"https:\/\/www.opalclt.org\/es\/buy-your-home\/apply-for-your-mortgage\/","title":{"rendered":"Solicite su hipoteca"},"content":{"rendered":"<h1>Solicite su pr\u00e9stamo hipotecario<\/h1>\n<p>Una vez que haya firmado un contrato de compraventa para comprar su casa OPAL, es hora de reunir toda la informaci\u00f3n que necesita para solicitar un pr\u00e9stamo hipotecario. Esto incluye traer lo siguiente a la oficina de OPAL y reunirse con el personal:<\/p>\n<ol>\n<li>Formulario de solicitud de pr\u00e9stamo completado<\/li>\n<li>Formularios USDA completos (si corresponde)<br \/>\n\u2022 Autorizaci\u00f3n para divulgar informaci\u00f3n<br \/>\n\u2022 Formulario de certificaci\u00f3n de ingresos y bienes<\/li>\n<li>Dos (2) talones de pago m\u00e1s recientes de todos los adultos en su hogar<\/li>\n<li>Cualquier otra documentaci\u00f3n de ingresos aplicable, como:<br \/>\n\u2022 Evidencia de manutenci\u00f3n infantil<br \/>\n\u2022 Un estado de p\u00e9rdidas y ganancias del a\u00f1o hasta la fecha si trabaja por cuenta propia<br \/>\n\u2022 Estados de cuenta actuales del Seguro Social o SSI<br \/>\n\u2022 Cualquier otra documentaci\u00f3n de ingresos<\/li>\n<li>Dos (2) a\u00f1os de <span style=\"text-decoration: underline;\">firmado<\/span> declaraciones de impuestos<\/li>\n<li>Tres (3) meses de estados de cuenta bancarios para todas las cuentas bancarias, de jubilaci\u00f3n o de inversi\u00f3n<\/li>\n<li>Copias de licencias de conducir y tarjetas de Seguro Social para todos los adultos en el hogar<\/li>\n<li>Sentencia de divorcio (si corresponde)<\/li>\n<li>Evidencia de gastos de cuidado de ni\u00f1os (si corresponde)<\/li>\n<\/ol>\n<p>Despu\u00e9s de proporcionar toda la informaci\u00f3n y documentaci\u00f3n anteriores, el personal de OPAL la revisar\u00e1, solicitar\u00e1 cualquier informaci\u00f3n complementaria necesaria y armar\u00e1 un paquete para enviar a su prestamista. Si todo se ve bien, entonces deber\u00e1:<\/p>\n<ul>\n<li><b><i>Ordenar una inspecci\u00f3n de la casa.<\/i><\/b> El costo de la inspecci\u00f3n se puede pagar al cierre.<\/li>\n<\/ul>\n<ul>\n<li><b><i>Compre un seguro de propietario de vivienda.<\/i><\/b> El personal de OPAL le informar\u00e1 cu\u00e1les son los requisitos de seguro para su casa en particular.<\/li>\n<\/ul>\n<ul>\n<li><b><i>Complete su clase de educaci\u00f3n para compradores de vivienda.<\/i><\/b><\/li>\n<\/ul>\n<p>&nbsp;<\/p>","protected":false},"excerpt":{"rendered":"<p>Apply for Your Mortgage Loan Once you have signed a purchase and sale contract to buy your OPAL home, it is time to pull together all the information you need to apply for a mortgage loan. This includes bringing the following to the OPAL office and meeting with staff: Completed loan application form Completed USDA [&hellip;]<\/p>","protected":false},"author":2,"featured_media":0,"parent":29,"menu_order":0,"comment_status":"closed","ping_status":"closed","template":"","meta":{"give_campaign_id":0,"_genesis_hide_title":false,"_genesis_hide_breadcrumbs":false,"_genesis_hide_singular_image":false,"_genesis_hide_footer_widgets":false,"_genesis_custom_body_class":"","_genesis_custom_post_class":"","_genesis_layout":"","footnotes":""},"class_list":{"0":"post-361","1":"page","2":"type-page","3":"status-publish","5":"entry"},"aioseo_notices":[],"campaignId":"","_links":{"self":[{"href":"https:\/\/www.opalclt.org\/es\/wp-json\/wp\/v2\/pages\/361","targetHints":{"allow":["GET"]}}],"collection":[{"href":"https:\/\/www.opalclt.org\/es\/wp-json\/wp\/v2\/pages"}],"about":[{"href":"https:\/\/www.opalclt.org\/es\/wp-json\/wp\/v2\/types\/page"}],"author":[{"embeddable":true,"href":"https:\/\/www.opalclt.org\/es\/wp-json\/wp\/v2\/users\/2"}],"replies":[{"embeddable":true,"href":"https:\/\/www.opalclt.org\/es\/wp-json\/wp\/v2\/comments?post=361"}],"version-history":[{"count":1,"href":"https:\/\/www.opalclt.org\/es\/wp-json\/wp\/v2\/pages\/361\/revisions"}],"predecessor-version":[{"id":1500,"href":"https:\/\/www.opalclt.org\/es\/wp-json\/wp\/v2\/pages\/361\/revisions\/1500"}],"up":[{"embeddable":true,"href":"https:\/\/www.opalclt.org\/es\/wp-json\/wp\/v2\/pages\/29"}],"wp:attachment":[{"href":"https:\/\/www.opalclt.org\/es\/wp-json\/wp\/v2\/media?parent=361"}],"curies":[{"name":"wp","href":"https:\/\/api.w.org\/{rel}","templated":true}]}}