{"id":363,"date":"2015-07-24T19:56:25","date_gmt":"2015-07-24T19:56:25","guid":{"rendered":"http:\/\/www.opalclt.org\/?page_id=363"},"modified":"2021-05-11T14:51:02","modified_gmt":"2021-05-11T21:51:02","slug":"close-on-your-new-home","status":"publish","type":"page","link":"https:\/\/www.opalclt.org\/es\/buy-your-home\/close-on-your-new-home\/","title":{"rendered":"Cerrar en su nuevo hogar"},"content":{"rendered":"<h1><a href=\"http:\/\/www.opalclt.org\/wp-content\/uploads\/sign-closing-papers.jpg\"><img loading=\"lazy\" decoding=\"async\" class=\"alignright size-medium wp-image-879\" src=\"http:\/\/www.opalclt.org\/wp-content\/uploads\/sign-closing-papers-225x300.jpg\" alt=\"sign closing papers\" width=\"225\" height=\"300\" \/><\/a>Cierre en su hogar OPAL<\/h1>\n<p>Una vez que el prestamista recibe su solicitud de pr\u00e9stamo y toda la informaci\u00f3n asociada, puede tomar de <b>de dos a cuatro meses<\/b> para cerrar su pr\u00e9stamo hipotecario y completar la compra de su casa. Durante este tiempo, deber\u00e1:<\/p>\n<ul>\n<li>Re\u00fanete con un residente del vecindario en el que planeas vivir para hacer una <b><i>Orientaci\u00f3n CCR<\/i><\/b>.<\/li>\n<\/ul>\n<ul>\n<li><b><i>Asistir a cualquier reuni\u00f3n de vecinos.<\/i><\/b> que tienen lugar en su nuevo vecindario mientras est\u00e1 en proceso de comprar su casa.<\/li>\n<\/ul>\n<ul>\n<li><b><i>Actualice al personal de OPAL con cualquier cambio<\/i><\/b> en ingresos o deudas. Recuerde, este no es un buen momento para renunciar a su trabajo, asumir nuevas deudas o gastar sus ahorros.<\/li>\n<\/ul>\n<ul>\n<li><b><i>Re\u00fanase con un abogado<\/i><\/b><i> <\/i>para revisar el Arrendamiento de Terreno OPAL y los CCR del vecindario.<\/li>\n<\/ul>\n<ul>\n<li><b><i>Complete la Orientaci\u00f3n del USDA<\/i><\/b><i> <\/i>(si es aplicable).<\/li>\n<\/ul>\n<ul>\n<li><b><i>Aseg\u00farese de tener el efectivo necesario para el cierre. <\/i><\/b><\/li>\n<\/ul>\n<ul>\n<li><b><i>Reunirse con el personal de OPAL<\/i><\/b><i> <\/i>para su reuni\u00f3n previa al cierre para establecer la fecha\/hora y asegurarse de que todo est\u00e9 en su lugar.<\/li>\n<\/ul>\n<p>Cuando finalmente sea hora de cerrar, dir\u00edjase a San Juan Title (detr\u00e1s de Banner Bank) en la fecha\/hora designada; traer una identificaci\u00f3n con foto. All\u00ed revisar\u00e1 todo con el personal de OPAL por \u00faltima vez, firmar\u00e1 todos los documentos pertinentes y luego se dirigir\u00e1 al banco para obtener un cheque de caja por la cantidad correcta de dinero necesaria para cerrar. Ahora es propietario de una casa OPAL. <i>\u00a1Felicidades!<\/i><\/p>","protected":false},"excerpt":{"rendered":"<p>Close on Your OPAL Home Once the lender receives your loan application and all the associated information, it may take from two to four months to close on your mortgage loan and complete the purchase of your home. During this time, you will need to: Meet with a resident in the neighborhood in which you [&hellip;]<\/p>\n","protected":false},"author":2,"featured_media":0,"parent":29,"menu_order":0,"comment_status":"closed","ping_status":"closed","template":"","meta":{"give_campaign_id":0,"_genesis_hide_title":false,"_genesis_hide_breadcrumbs":false,"_genesis_hide_singular_image":false,"_genesis_hide_footer_widgets":false,"_genesis_custom_body_class":"","_genesis_custom_post_class":"","_genesis_layout":"","footnotes":""},"class_list":{"0":"post-363","1":"page","2":"type-page","3":"status-publish","5":"entry","6":"has-post-thumbnail"},"aioseo_notices":[],"campaignId":"","_links":{"self":[{"href":"https:\/\/www.opalclt.org\/es\/wp-json\/wp\/v2\/pages\/363","targetHints":{"allow":["GET"]}}],"collection":[{"href":"https:\/\/www.opalclt.org\/es\/wp-json\/wp\/v2\/pages"}],"about":[{"href":"https:\/\/www.opalclt.org\/es\/wp-json\/wp\/v2\/types\/page"}],"author":[{"embeddable":true,"href":"https:\/\/www.opalclt.org\/es\/wp-json\/wp\/v2\/users\/2"}],"replies":[{"embeddable":true,"href":"https:\/\/www.opalclt.org\/es\/wp-json\/wp\/v2\/comments?post=363"}],"version-history":[{"count":3,"href":"https:\/\/www.opalclt.org\/es\/wp-json\/wp\/v2\/pages\/363\/revisions"}],"predecessor-version":[{"id":5353,"href":"https:\/\/www.opalclt.org\/es\/wp-json\/wp\/v2\/pages\/363\/revisions\/5353"}],"up":[{"embeddable":true,"href":"https:\/\/www.opalclt.org\/es\/wp-json\/wp\/v2\/pages\/29"}],"wp:attachment":[{"href":"https:\/\/www.opalclt.org\/es\/wp-json\/wp\/v2\/media?parent=363"}],"curies":[{"name":"wp","href":"https:\/\/api.w.org\/{rel}","templated":true}]}}