{"id":365,"date":"2015-07-24T19:56:55","date_gmt":"2015-07-24T19:56:55","guid":{"rendered":"http:\/\/www.opalclt.org\/?page_id=365"},"modified":"2024-05-17T14:02:08","modified_gmt":"2024-05-17T21:02:08","slug":"frequently-asked-questions","status":"publish","type":"page","link":"https:\/\/www.opalclt.org\/es\/buy-your-home\/frequently-asked-questions\/","title":{"rendered":"Preguntas frecuentes"},"content":{"rendered":"<h1>Preguntas frecuentes<\/h1>\n<p><b><i>1. <\/i><\/b><b><i>\u00bfSoy elegible para comprar una casa OPAL?<\/i><\/b><br \/>\nIr <a title=\"\u00bfEres elegible?\" href=\"http:\/\/dev.opalclt.org\/buy-your-home\/are-you-eligible\/\"><span style=\"text-decoration: underline;\">\u00bfEres elegible?<\/span> <\/a>para todos los detalles sobre la elegibilidad.<\/p>\n<p><b><i>2. <\/i><\/b><b><i>\u00bfCu\u00e1nto dinero necesito poner?<\/i><\/b><br \/>\nNecesita al menos $1,500 en efectivo para comprar su casa. Si tiene m\u00e1s dinero para depositar, ciertamente puede hacerlo.<\/p>\n<p><b><i>3. <\/i><\/b><b><i>\u00bfCu\u00e1l es el puntaje de cr\u00e9dito m\u00ednimo necesario para calificar para un pr\u00e9stamo hipotecario?<\/i><\/b><br \/>\nA los prestamistas generalmente les gusta ver un puntaje de cr\u00e9dito de al menos 640. Si no tiene puntaje de cr\u00e9dito o tiene un puntaje m\u00e1s bajo, podemos crear un historial de cr\u00e9dito alternativo para usted al documentar los pagos regulares de sus servicios p\u00fablicos, seguro, alquiler, etc. cobros o juicios pendientes, comun\u00edquese con el personal de OPAL para elaborar un plan para mejorar su cr\u00e9dito para que pueda calificar para comprar una casa.<\/p>\n<p><b><i>4. <\/i><\/b><b><i>\u00bfCu\u00e1nta deuda puedo tener y todav\u00eda calificar?<\/i><\/b><br \/>\nLos pagos totales de su deuda, incluido el pago de su casa (principal, intereses, impuestos, seguro y tarifa de arrendamiento) no pueden exceder 41% a 44% de su ingreso mensual bruto, seg\u00fan su hipoteca.<\/p>\n<p><b><i>5. <\/i><\/b><b><i>\u00bfAlguien puede heredar mi casa OPAL?<\/i><\/b><br \/>\nS\u00ed, como con cualquier propiedad inmobiliaria, puede legar su vivienda OPAL a quien desee. Si deja su hogar a su hijo, c\u00f3nyuge o alguien que ha estado viviendo con usted durante el \u00faltimo a\u00f1o, \u00e9l\/ella puede heredar el hogar y vivir en \u00e9l siempre que est\u00e9 dispuesto a aceptar los t\u00e9rminos del contrato de arrendamiento. Si leg\u00f3 su casa a otra persona, y esa persona tiene ingresos elegibles, \u00e9l\/ella tambi\u00e9n puede heredar su casa y vivir en ella siempre que est\u00e9 dispuesto a aceptar los t\u00e9rminos del contrato de arrendamiento. Si la persona a la que le deja su casa no es una de estas personas o no re\u00fane los requisitos de ingresos, su patrimonio vender\u00e1 la casa y la persona que haya designado recibir\u00e1 el dinero de la venta. Al igual que con cualquier propiedad inmobiliaria, su hipoteca deber\u00e1 pagarse antes de que la casa pueda transferirse a sus herederos, por lo que cualquier heredero que desee quedarse con la casa<ins cite=\"mailto:Julie%20Brunner\" datetime=\"2013-06-19T14:29\"> <\/ins>tendr\u00e1 que ser capaz de pagar un pr\u00e9stamo por su cuenta para pagar cualquier parte de la hipoteca que a\u00fan est\u00e9 pendiente.<\/p>\n<p><b><i>6. <\/i><\/b><b><i>\u00bfCu\u00e1l es la cantidad m\u00ednima de tiempo que necesitar\u00eda para vivir en mi casa OPAL antes de poder considerar venderla?<\/i><\/b><br \/>\nDepende. Por lo general, no es una buena idea comprar una casa si no tiene la intenci\u00f3n de vivir en ella durante al menos cinco a\u00f1os. Es caro comprar y vender bienes ra\u00edces; los costos de cierre pueden oscilar entre $6,000 y $9,000, seg\u00fan su fuente de financiamiento. Entonces, si compra una casa con solo $1,500 en efectivo, pedir\u00e1 dinero prestado a trav\u00e9s de su hipoteca para pagar algunos de los costos de cierre. Esto significa que pasar\u00e1n al menos algunos a\u00f1os antes de que haya ganado suficiente capital para cubrir esa deuda adicional. Tambi\u00e9n hay costos de cierre cuando vende. Esto significa que debe vivir en su casa algunos a\u00f1os m\u00e1s antes de que haya ganado suficiente capital para pagar los costos de cierre como vendedor.<\/p>\n<p><b><i>7. <\/i><\/b><b><i>\u00bfQu\u00e9 tama\u00f1o de casa puedo comprar?<\/i><\/b><\/p>\n<p>OPAL strives to make the best use of its limited resources, so to that end we adopted minimum occupancy requirements. For OPAL\u2019s upcoming Kidder Way neighborhood, the minimum occupancy is equal to the number of bedrooms. So one-bedroom homes can be purchased by households of one or more, and two bedrooms home can be purchased by households of two or more.<\/p>\n<p>When an OPAL home is resold, the minimum occupancy is equal to the number of bedrooms minus one. So two-bedroom resales can be purchased by households of one or more, and three-bedroom resales can be purchased by households of two or more etc.<\/p>\n<p>If an OPAL house is for sale and there is no interested buyer with the correct household size, this restriction may be waived<\/p>","protected":false},"excerpt":{"rendered":"<p>Frequently Asked Questions 1. Am I eligible to purchase an OPAL house? Go to Are You Eligible? for all the details on eligibility. 2. How much money do I need to put down? You need at least $1,500 in cash to purchase your home. If you have more money to put down, you may certainly [&hellip;]<\/p>","protected":false},"author":2,"featured_media":0,"parent":29,"menu_order":0,"comment_status":"closed","ping_status":"closed","template":"","meta":{"give_campaign_id":0,"_genesis_hide_title":false,"_genesis_hide_breadcrumbs":false,"_genesis_hide_singular_image":false,"_genesis_hide_footer_widgets":false,"_genesis_custom_body_class":"","_genesis_custom_post_class":"","_genesis_layout":"","footnotes":""},"class_list":{"0":"post-365","1":"page","2":"type-page","3":"status-publish","5":"entry"},"aioseo_notices":[],"campaignId":"","_links":{"self":[{"href":"https:\/\/www.opalclt.org\/es\/wp-json\/wp\/v2\/pages\/365","targetHints":{"allow":["GET"]}}],"collection":[{"href":"https:\/\/www.opalclt.org\/es\/wp-json\/wp\/v2\/pages"}],"about":[{"href":"https:\/\/www.opalclt.org\/es\/wp-json\/wp\/v2\/types\/page"}],"author":[{"embeddable":true,"href":"https:\/\/www.opalclt.org\/es\/wp-json\/wp\/v2\/users\/2"}],"replies":[{"embeddable":true,"href":"https:\/\/www.opalclt.org\/es\/wp-json\/wp\/v2\/comments?post=365"}],"version-history":[{"count":2,"href":"https:\/\/www.opalclt.org\/es\/wp-json\/wp\/v2\/pages\/365\/revisions"}],"predecessor-version":[{"id":7693,"href":"https:\/\/www.opalclt.org\/es\/wp-json\/wp\/v2\/pages\/365\/revisions\/7693"}],"up":[{"embeddable":true,"href":"https:\/\/www.opalclt.org\/es\/wp-json\/wp\/v2\/pages\/29"}],"wp:attachment":[{"href":"https:\/\/www.opalclt.org\/es\/wp-json\/wp\/v2\/media?parent=365"}],"curies":[{"name":"wp","href":"https:\/\/api.w.org\/{rel}","templated":true}]}}