{"id":37,"date":"2015-07-09T19:50:12","date_gmt":"2015-07-09T19:50:12","guid":{"rendered":"http:\/\/www.opalclt.org\/?page_id=37"},"modified":"2026-02-07T16:25:02","modified_gmt":"2026-02-08T00:25:02","slug":"donate","status":"publish","type":"page","link":"https:\/\/www.opalclt.org\/es\/donate\/","title":{"rendered":"Donar"},"content":{"rendered":"<h1 class=\"wp-block-heading\">\u00a1Ayude a que la vivienda suceda!<\/h1>\n\n\n\n<p>Your generous tax-deductible donation will help make affordable housing happen on Orcas Island, bridging the gap between the island\u2019s high property values and the modest incomes of many who live and work here. Please contribute to OPAL today via our secure payment forms. &nbsp;<\/p>\n\n\n\n<p>To support all of OPAL\u2019s housing, click the&nbsp;<strong>Donate to OPAL<\/strong>&nbsp;boton de abajo.<\/p>\n\n\n\n<div style=\"clear:both\"><a href=\"https:\/\/www.opalclt.org\/es\/donate\/donate-now\/\" class=\"button medium orange\"><center>DONATE TO OPAL<\/center><\/a><\/div>\n\n\n\n<div style=\"height:19px\" aria-hidden=\"true\" class=\"wp-block-spacer\"><\/div>\n\n\n\n<p>To direct your donation to the Pea Patch Community Campus, a collaboration between OPAL, the Food Bank and the Resource Center, click the&nbsp;<strong>Donate to the Pea Patch Campus&nbsp;<\/strong>boton de abajo.&nbsp;<\/p>\n\n\n\n<div style=\"clear:both\"><a href=\"https:\/\/www.opalclt.org\/es\/donate\/donate-to-the-pea-patch-campus\/\" class=\"button medium orange\"><center>DONATE TO THE PEA PATCH CAMPUS<\/center><\/a><\/div>\n\n\n\n<div class=\"wp-block-columns is-layout-flex wp-container-core-columns-is-layout-9d6595d7 wp-block-columns-is-layout-flex\">\n<div class=\"wp-block-column is-layout-flow wp-block-column-is-layout-flow\" style=\"flex-basis:50%\"><\/div>\n\n\n\n<div class=\"wp-block-column is-layout-flow wp-block-column-is-layout-flow\" style=\"flex-basis:50%\"><\/div>\n<\/div>\n\n\n\n<script>var _msdaf_id= 'ba603014db143'<\/script> <script src=\"https:\/\/app.dafwidget.com\/api\/js\/source.js\"><\/script>\n\n\n\n<div style=\"height:15px\" aria-hidden=\"true\" class=\"wp-block-spacer\"><\/div>\n\n\n\n<p>Cada a\u00f1o, casi 25% del apoyo financiero de OPAL, o un promedio de $500,000, proviene de personas. En los \u00faltimos a\u00f1os, cerca de 15% de los hogares de la isla han contribuido a ayudar a OPAL a implementar sus programas.<\/p>\n\n\n\n<p>Con su ayuda, podemos comprar propiedades adecuadas, construir o renovar viviendas duraderas y eficientes energ\u00e9ticamente, y administrar las 135 viviendas isle\u00f1as que ya hemos creado.<\/p>\n\n\n\n<p>Tu regalo dice que la salud y la diversidad de las orcas IMPORTAN. Su donaci\u00f3n hace posible que m\u00e1s familias trabajadoras vivan y prosperen en Orcas.<\/p>\n\n\n\n<p>Obtenga m\u00e1s informaci\u00f3n sobre c\u00f3mo donar a OPAL descargando y leyendo nuestro folleto de campa\u00f1a actual,&nbsp;<a href=\"http:\/\/www.opalclt.org\/wp-content\/uploads\/Major-Donor-Brochure-2018-v3.pdf\">La vivienda toca a todos<\/a>. O haga clic <g class=\"gr_ gr_4 gr-alert gr_spell gr_inline_cards gr_disable_anim_appear ContextualSpelling ins-del\" id=\"4\" data-gr-id=\"4\">sobre<\/g> uno de los enlaces a continuaci\u00f3n para obtener m\u00e1s informaci\u00f3n sobre otras formas de donaci\u00f3n. <\/p>\n\n\n\n<p><a href=\"http:\/\/www.opalclt.org\/es\/donate\/give-through-your-will\/\">Dar a trav\u00e9s de su testamento<\/a><\/p>\n\n\n\n<p><a href=\"http:\/\/www.opalclt.org\/es\/donate\/give-through-your-ira\/\">Done a trav\u00e9s de su IRA<\/a><\/p>\n\n\n\n<p><a href=\"http:\/\/www.opalclt.org\/es\/donate\/donate-securities\/\">Donar Valores<\/a><\/p>\n\n\n\n<p><a href=\"http:\/\/www.opalclt.org\/es\/donate\/donate-property\/\">Dona tu terreno o casa<\/a><\/p>\n\n\n\n<p>Para donar, por favor haga clic en el <strong>Done ahora<\/strong> button to enter our secure payment area. Or if you prefer, you may mail a check to OPAL Community Land Trust at P.O. Box 1133, Eastsound, WA 98245.<\/p>\n\n\n\n<div style=\"clear:both\"><a href=\"http:\/\/www.opalclt.org\/es\/donate\/donate-now\/\" class=\"button medium orange\"><center>DONATE NOW<\/center><\/a><\/div>\n\n\n\n<div style=\"height:22px\" aria-hidden=\"true\" class=\"wp-block-spacer\"><\/div>\n\n\n\n\n\n<p>OPAL CLT es una corporaci\u00f3n sin fines de lucro 501(c)(3) registrada con una membres\u00eda abierta y una junta directiva elegida democr\u00e1ticamente.<\/p>\n\n\n\n<p><\/p>","protected":false},"excerpt":{"rendered":"<p>Help Make Housing Happen! Your generous tax-deductible donation will help make affordable housing happen on Orcas Island, bridging the gap between the island\u2019s high property values and the modest incomes of many who live and work here. Please contribute to OPAL today via our secure payment forms. &nbsp; To support all of OPAL\u2019s housing, click [&hellip;]<\/p>\n","protected":false},"author":2,"featured_media":0,"parent":0,"menu_order":0,"comment_status":"closed","ping_status":"closed","template":"","meta":{"give_campaign_id":0,"_genesis_hide_title":false,"_genesis_hide_breadcrumbs":false,"_genesis_hide_singular_image":false,"_genesis_hide_footer_widgets":false,"_genesis_custom_body_class":"","_genesis_custom_post_class":"","_genesis_layout":"","footnotes":""},"class_list":{"0":"post-37","1":"page","2":"type-page","3":"status-publish","5":"entry"},"aioseo_notices":[],"campaignId":"","_links":{"self":[{"href":"https:\/\/www.opalclt.org\/es\/wp-json\/wp\/v2\/pages\/37","targetHints":{"allow":["GET"]}}],"collection":[{"href":"https:\/\/www.opalclt.org\/es\/wp-json\/wp\/v2\/pages"}],"about":[{"href":"https:\/\/www.opalclt.org\/es\/wp-json\/wp\/v2\/types\/page"}],"author":[{"embeddable":true,"href":"https:\/\/www.opalclt.org\/es\/wp-json\/wp\/v2\/users\/2"}],"replies":[{"embeddable":true,"href":"https:\/\/www.opalclt.org\/es\/wp-json\/wp\/v2\/comments?post=37"}],"version-history":[{"count":5,"href":"https:\/\/www.opalclt.org\/es\/wp-json\/wp\/v2\/pages\/37\/revisions"}],"predecessor-version":[{"id":8552,"href":"https:\/\/www.opalclt.org\/es\/wp-json\/wp\/v2\/pages\/37\/revisions\/8552"}],"wp:attachment":[{"href":"https:\/\/www.opalclt.org\/es\/wp-json\/wp\/v2\/media?parent=37"}],"curies":[{"name":"wp","href":"https:\/\/api.w.org\/{rel}","templated":true}]}}