{"id":416,"date":"2015-07-25T04:46:15","date_gmt":"2015-07-25T04:46:15","guid":{"rendered":"http:\/\/www.opalclt.org\/?page_id=416"},"modified":"2016-04-21T04:02:14","modified_gmt":"2016-04-21T04:02:14","slug":"house-rules","status":"publish","type":"page","link":"https:\/\/www.opalclt.org\/es\/rent-an-apartment\/house-rules\/","title":{"rendered":"Reglas de casa"},"content":{"rendered":"<h1>OPAL Reddick Apartamentos<\/h1>\n<h2>Reglas de casa<\/h2>\n<p>Las reglas de la casa se adjuntar\u00e1n a cada contrato de arrendamiento y ser\u00e1n firmadas por cada inquilino antes de la ocupaci\u00f3n. El prop\u00f3sito de las reglas de la casa es aclarar las expectativas tanto para OPAL Community Land Trust como para el inquilino.<\/p>\n<ol>\n<li>Solo se permiten animales de asistencia personal. No se permiten otras mascotas o animales de ning\u00fan tipo.<\/li>\n<li>No se permite fumar dentro de las unidades en ning\u00fan momento. Se permite fumar fuera de las unidades. <b>SOLO<\/b> en el \u00e1rea designada para fumadores ubicada en el banco adjunto al cobertizo del jard\u00edn. Fumar dentro de una unidad de vivienda da\u00f1a la propiedad y se aplican los da\u00f1os monetarios correspondientes.<\/li>\n<li>El uso, posesi\u00f3n, fabricaci\u00f3n o venta de drogas ilegales resultar\u00e1 en la terminaci\u00f3n del arrendamiento.<\/li>\n<li>La actividad ilegal es causa de terminaci\u00f3n del arrendamiento.<\/li>\n<li>Se recomienda encarecidamente a los residentes que reciclen. Junto con este documento se distribuir\u00e1 una copia de los art\u00edculos reciclables aceptables.<\/li>\n<li>Se proh\u00edbe la acumulaci\u00f3n de basura dentro o fuera de un apartamento que atraiga plagas, provoque infestaciones o presente un riesgo de incendio.<\/li>\n<li>Se pueden colocar letreros o avisos si el administrador de la propiedad lo aprueba.<\/li>\n<li>Dado que esta propiedad est\u00e1 conectada a un sistema de alcantarillado que utiliza un tanque s\u00e9ptico, nada debe caer por el desag\u00fce o el inodoro que pueda da\u00f1ar el sistema, como caf\u00e9 molido, suciedad\/polvo y productos de higiene femenina.<\/li>\n<li>Los residentes pueden instalar cuadros, estantes y soportes para colgar. Los residentes deben parchar todos los agujeros antes de mudarse o arriesgarse a perder su dep\u00f3sito. OPAL permite pintar o empapelar con autorizaci\u00f3n previa. No se permiten otros cambios o modificaciones a las unidades sin el consentimiento por escrito de OPAL.<\/li>\n<li>Las horas de silencio son entre las 9 pm y las 9 am Se alienta a los residentes a comunicarse con sus vecinos si tienen circunstancias especiales que requieren una excepci\u00f3n. Durante las horas no tranquilas, se proh\u00edben los ruidos fuertes, duraderos o repetitivos.<\/li>\n<li>Robo\/destrucci\u00f3n de propiedad; acoso verbal o f\u00edsico de los residentes; y el comportamiento que ponga en riesgo la seguridad inmediata, la seguridad o los derechos de otros residentes resultar\u00e1 en la terminaci\u00f3n del arrendamiento.<\/li>\n<li>Est\u00e1 prohibido subarrendar.<\/li>\n<li>Solo las personas que figuran en el contrato de arrendamiento pueden ser residentes de la unidad. Si un hogar desea agregar un nuevo adulto, la persona debe solicitar la residencia; si se acepta la solicitud, se modificar\u00e1 el contrato de arrendamiento, se establecer\u00e1 un nuevo ingreso familiar y el alquiler se ajustar\u00e1 en consecuencia. Las unidades de alquiler OPAL tienen un l\u00edmite m\u00e1ximo de ocupaci\u00f3n de adultos de un adulto m\u00e1s que el n\u00famero de dormitorios en la unidad.<\/li>\n<li>Los hu\u00e9spedes pueden permanecer s\u00f3lo 30 d\u00edas. Las personas que permanezcan m\u00e1s de 30 d\u00edas se considerar\u00e1n compa\u00f1eros de casa y deber\u00e1n solicitar la residencia a menos que el residente y OPAL hayan hecho arreglos especiales.<\/li>\n<li>Los miembros adultos del hogar son responsables del comportamiento y las acciones de todos los miembros del hogar y de los invitados\/visitantes. Todos los visitantes est\u00e1n sujetos a las reglas de la casa. El incumplimiento puede resultar en la denegaci\u00f3n permanente del acceso a las instalaciones.<\/li>\n<li>Los ingresos se volver\u00e1n a verificar anualmente; ajustes correspondientes a<b> <\/b>el alquiler se har\u00e1 en ese momento.<b> <\/b><\/li>\n<li>A cada unidad se le asigna un espacio de estacionamiento. Los estacionamientos techados servir\u00e1n como espacio asignado para las unidades C 1-3 y D 1-3. Los espacios adicionales pueden estar disponibles por un cargo adicional y se pueden solicitar.<\/li>\n<li>Los invitados deben estacionarse en el extremo norte del estacionamiento durante el horario comercial (lunes a viernes, de 8 am a 6 pm).<\/li>\n<li>No se puede dejar ning\u00fan autom\u00f3vil u otro veh\u00edculo en ning\u00fan espacio de estacionamiento a menos que tenga licencia y est\u00e9 en condiciones de funcionamiento.<\/li>\n<li>Las pertenencias personales no se pueden almacenar fuera del apartamento, a menos que los art\u00edculos quepan en los estantes del estacionamiento techado. No se deben almacenar otros art\u00edculos en los estacionamientos techados, \u00e1reas p\u00fablicas o estacionamiento sin el consentimiento por escrito de OPAL (incluidos muebles, cajas u otros art\u00edculos grandes que no quepan en los estantes del estacionamiento techado).<\/li>\n<li>Los estacionamientos techados deben mantenerse limpios y libres de escombros. Los estacionamientos techados no se pueden usar para almacenamiento, excepto para art\u00edculos que quepan en los estantes y veh\u00edculos.<\/li>\n<li>Plantar o alterar el paisaje en las \u00e1reas comunes requiere aprobaci\u00f3n. Cada unidad de vivienda tendr\u00e1 un \u00e1rea espec\u00edfica donde se podr\u00e1n plantar flores, hortalizas y arbustos de porte bajo.<\/li>\n<li>Las instalaciones de lavander\u00eda est\u00e1n disponibles para los inquilinos de las unidades C1, C3, D1, D3 y B201. Estas instalaciones son para uso exclusivo de los inquilinos de Reddick Apartments, no de sus invitados. El costo de la lavander\u00eda se transfiere a los inquilinos como parte de su alquiler; si los costos de limpieza y mantenimiento de las instalaciones contin\u00faan aumentando, las m\u00e1quinas ser\u00e1n reemplazadas por modelos que funcionan con monedas.<\/li>\n<li>Los inquilinos pueden trabajar una parcela en el jard\u00edn comunitario solicitando espacio al Comit\u00e9 de Jardines y adhiri\u00e9ndose a las reglas del Jard\u00edn Comunitario.<\/li>\n<\/ol>\n<p>&nbsp;<\/p>","protected":false},"excerpt":{"rendered":"<p>OPAL Reddick Apartments House Rules The house rules shall be an attachment to each lease agreement and signed by each tenant prior to occupancy. The purpose of the house rules is to clarify expectations for both OPAL Community Land Trust and the tenant. Only personal assistance animals are allowed. No other pets or animals of [&hellip;]<\/p>","protected":false},"author":2,"featured_media":0,"parent":31,"menu_order":0,"comment_status":"closed","ping_status":"closed","template":"","meta":{"give_campaign_id":0,"_genesis_hide_title":false,"_genesis_hide_breadcrumbs":false,"_genesis_hide_singular_image":false,"_genesis_hide_footer_widgets":false,"_genesis_custom_body_class":"","_genesis_custom_post_class":"","_genesis_layout":"","footnotes":""},"class_list":{"0":"post-416","1":"page","2":"type-page","3":"status-publish","5":"entry"},"aioseo_notices":[],"campaignId":"","_links":{"self":[{"href":"https:\/\/www.opalclt.org\/es\/wp-json\/wp\/v2\/pages\/416","targetHints":{"allow":["GET"]}}],"collection":[{"href":"https:\/\/www.opalclt.org\/es\/wp-json\/wp\/v2\/pages"}],"about":[{"href":"https:\/\/www.opalclt.org\/es\/wp-json\/wp\/v2\/types\/page"}],"author":[{"embeddable":true,"href":"https:\/\/www.opalclt.org\/es\/wp-json\/wp\/v2\/users\/2"}],"replies":[{"embeddable":true,"href":"https:\/\/www.opalclt.org\/es\/wp-json\/wp\/v2\/comments?post=416"}],"version-history":[{"count":1,"href":"https:\/\/www.opalclt.org\/es\/wp-json\/wp\/v2\/pages\/416\/revisions"}],"predecessor-version":[{"id":1510,"href":"https:\/\/www.opalclt.org\/es\/wp-json\/wp\/v2\/pages\/416\/revisions\/1510"}],"up":[{"embeddable":true,"href":"https:\/\/www.opalclt.org\/es\/wp-json\/wp\/v2\/pages\/31"}],"wp:attachment":[{"href":"https:\/\/www.opalclt.org\/es\/wp-json\/wp\/v2\/media?parent=416"}],"curies":[{"name":"wp","href":"https:\/\/api.w.org\/{rel}","templated":true}]}}