{"id":418,"date":"2015-07-25T04:47:09","date_gmt":"2015-07-25T04:47:09","guid":{"rendered":"http:\/\/www.opalclt.org\/?page_id=418"},"modified":"2017-08-09T22:59:48","modified_gmt":"2017-08-09T22:59:48","slug":"frequently-asked-questions","status":"publish","type":"page","link":"https:\/\/www.opalclt.org\/es\/rent-an-apartment\/frequently-asked-questions\/","title":{"rendered":"Preguntas frecuentes"},"content":{"rendered":"<h1>OPAL Reddick Apartamentos<\/h1>\n<h2>Preguntas frecuentes<\/h2>\n<ol>\n<li><strong>CONTACTO:<\/strong> En la mayor\u00eda de los casos, su primera persona de contacto es el Gerente de la oficina de OPAL, a quien puede contactar en el 376-3191, de lunes a viernes de 9:00 a. m. a 3:30 p. m. En caso de emergencias durante el horario comercial habitual, comun\u00edquese con la oficina de OPAL al 376-3191. Para emergencias de mantenimiento fuera del horario de atenci\u00f3n, comun\u00edquese con la persona de mantenimiento de Reddick de OPAL.<\/li>\n<li><strong>FINANCIERO:<\/strong> Si tiene alguna pregunta sobre pagos o tarifas, comun\u00edquese con el Gerente de la Oficina al 376-3191.<\/li>\n<li><strong>REFACCI\u00d3N:<\/strong> Si necesita reparaciones en su unidad, complete un formulario de orden de trabajo. Los formularios se encuentran en el estante de la puerta de entrada a la oficina de OPAL. Una vez completado, entregue el formulario al Gerente de la Oficina.<\/li>\n<li><strong>QUEJAS:<\/strong>\u00a0Env\u00ede cualquier queja al gerente de la oficina por escrito, por correo electr\u00f3nico a office@opalclt.org o por correo de voz al 376-3191.<\/li>\n<li><strong>LAVADORAS\/SECADORAS:<\/strong>\u00a0 Si est\u00e1 alquilando un apartamento de una habitaci\u00f3n, se le entregar\u00e1 una llave para la lavander\u00eda, que se encuentra detr\u00e1s de la oficina de OPAL. Las lavadoras y secadoras son para uso exclusivo de los inquilinos. Para ayudar a asegurar la longevidad de las m\u00e1quinas, vac\u00ede sus bolsillos antes de lavar\/secar y limpie la trampa de pelusas de la secadora entre usos. Mantenga el cuarto de lavado limpio para el pr\u00f3ximo inquilino. El costo de reemplazo por una llave perdida es $15.<\/li>\n<li><strong>BASURA:<\/strong> Hay dos contenedores de basura para uso de los inquilinos de Reddick. Uno es para la basura dom\u00e9stica; el otro es para reciclar. Se le entregar\u00e1 una llave para los candados en ambos contenedores de basura. El costo de reemplazo por una llave perdida es $15. Consulte al Gerente de la oficina de OPAL si tiene preguntas sobre los tipos de art\u00edculos que son aceptables para reciclar.<\/li>\n<li><strong>CORREO:<\/strong> Es posible que le entreguen el correo en su apartamento. La direcci\u00f3n postal es: Apt. #___, 286 Enchanted Forest Road, Eastsound, WA 98245.<\/li>\n<li><strong>JARD\u00cdN:<\/strong> El jard\u00edn de la propiedad Reddick es de uso comunitario. Si desea participar en el jard\u00edn, solicite m\u00e1s informaci\u00f3n al Gerente de la oficina de OPAL.<\/li>\n<li><strong>ESTACIONAMIENTO:<\/strong> Se permite un coche por apartamento. Estacione su autom\u00f3vil en su estacionamiento techado asignado. Si desea mantener un segundo autom\u00f3vil en el sitio, solicite permiso al gerente de la oficina de OPAL. Hay una tarifa adicional de $20 por mes para el segundo autom\u00f3vil. Estacione el segundo autom\u00f3vil en el extremo norte del estacionamiento, cerca del cobertizo del jard\u00edn. El estacionamiento junto a las oficinas est\u00e1 reservado para los clientes de la oficina. Aconseje a sus visitantes que se estacionen en el extremo norte del estacionamiento.<\/li>\n<li><strong>COCHERAS:<\/strong> Mantenga su cochera organizada y ordenada. Si hay un problema, se le avisar\u00e1 antes de que se tomen medidas para minimizar el desorden.<\/li>\n<li><strong>INQUILINOS ADICIONALES:<\/strong> Si, despu\u00e9s de firmar su contrato de arrendamiento de alquiler, desea agregar una persona adicional a su contrato de arrendamiento, informe de inmediato al gerente de la oficina de OPAL y proporcione la informaci\u00f3n requerida sobre la persona adicional. Su alquiler puede aumentar, seg\u00fan los ingresos de la persona adicional.<\/li>\n<li><strong>MASCOTAS:<\/strong>\u00a0No se permiten mascotas en los apartamentos en ning\u00fan momento. Si tiene visitas con mascotas, p\u00eddales que las mantengan fuera de los apartamentos. No se permiten mascotas en el jard\u00edn. (Nota: los animales de servicio no se consideran mascotas).<\/li>\n<li><strong>MEJORAS DEL HOGAR:<\/strong> Si desea agregar o quitar algo de su apartamento, primero debe consultar con el Gerente de la Oficina OPAL. Se espera que deje su unidad en las mismas condiciones que cuando se mud\u00f3.<\/li>\n<li><strong>TELEVISI\u00d3N SATELITAL:<\/strong> Se permite la televisi\u00f3n por sat\u00e9lite siempre que el equipo no est\u00e9 conectado al edificio. Consulte con el gerente de mantenimiento antes de programar la instalaci\u00f3n para determinar la ubicaci\u00f3n adecuada para el equipo.<\/li>\n<li><strong>DE FUMAR:<\/strong>\u00a0No se permite fumar en los apartamentos. Si fuma o tiene visitas que fuman, recuerde que el <strong>SOLO<\/strong>\u00a0El \u00e1rea designada para fumar en la propiedad de Reddick es el banco adjunto al cobertizo del jard\u00edn. Abst\u00e9ngase de arrojar colillas de cigarrillos en el estacionamiento o en cualquier otro lugar de la propiedad de Reddick.<\/li>\n<li><strong>FIBRA \u00d3PTICA: \u00a0<\/strong>El servicio de Internet de fibra \u00f3ptica y VOIP (Voice Over Internet Protocol) est\u00e1 disponible en Reddick Apartments de Rock Island a una tarifa con descuento. Consulte al Gerente de la oficina de OPAL si est\u00e1 interesado.<\/li>\n<\/ol>","protected":false},"excerpt":{"rendered":"<p>OPAL Reddick Apartments Frequently Asked Questions CONTACT: In most cases, your first contact person is OPAL\u2019s Office Manager, who can be reached at 376-3191, Monday through Friday from 9:00 AM to 3:30 PM. In case of emergencies during regular business hours, please contact the OPAL office at 376-3191. For after-hours maintenance emergencies, contact OPAL\u2019s Reddick [&hellip;]<\/p>\n","protected":false},"author":2,"featured_media":0,"parent":31,"menu_order":0,"comment_status":"closed","ping_status":"closed","template":"","meta":{"give_campaign_id":0,"_genesis_hide_title":false,"_genesis_hide_breadcrumbs":false,"_genesis_hide_singular_image":false,"_genesis_hide_footer_widgets":false,"_genesis_custom_body_class":"","_genesis_custom_post_class":"","_genesis_layout":"","footnotes":""},"class_list":{"0":"post-418","1":"page","2":"type-page","3":"status-publish","5":"entry"},"aioseo_notices":[],"campaignId":"","_links":{"self":[{"href":"https:\/\/www.opalclt.org\/es\/wp-json\/wp\/v2\/pages\/418","targetHints":{"allow":["GET"]}}],"collection":[{"href":"https:\/\/www.opalclt.org\/es\/wp-json\/wp\/v2\/pages"}],"about":[{"href":"https:\/\/www.opalclt.org\/es\/wp-json\/wp\/v2\/types\/page"}],"author":[{"embeddable":true,"href":"https:\/\/www.opalclt.org\/es\/wp-json\/wp\/v2\/users\/2"}],"replies":[{"embeddable":true,"href":"https:\/\/www.opalclt.org\/es\/wp-json\/wp\/v2\/comments?post=418"}],"version-history":[{"count":5,"href":"https:\/\/www.opalclt.org\/es\/wp-json\/wp\/v2\/pages\/418\/revisions"}],"predecessor-version":[{"id":2210,"href":"https:\/\/www.opalclt.org\/es\/wp-json\/wp\/v2\/pages\/418\/revisions\/2210"}],"up":[{"embeddable":true,"href":"https:\/\/www.opalclt.org\/es\/wp-json\/wp\/v2\/pages\/31"}],"wp:attachment":[{"href":"https:\/\/www.opalclt.org\/es\/wp-json\/wp\/v2\/media?parent=418"}],"curies":[{"name":"wp","href":"https:\/\/api.w.org\/{rel}","templated":true}]}}