{"id":478,"date":"2015-07-25T21:41:24","date_gmt":"2015-07-25T21:41:24","guid":{"rendered":"http:\/\/www.opalclt.org\/?page_id=478"},"modified":"2026-04-10T12:55:57","modified_gmt":"2026-04-10T19:55:57","slug":"annual-report","status":"publish","type":"page","link":"https:\/\/www.opalclt.org\/es\/annual-report\/","title":{"rendered":"Informes anuales"},"content":{"rendered":"<h1>Informes anuales<\/h1>\n<h3><\/h3>\n<h3><a href=\"https:\/\/www.opalclt.org\/wp-content\/uploads\/2025-OPAL-Annual-Report.pdf\" target=\"_blank\" rel=\"noopener\">2025 Annual Report<\/a><\/h3>\n<ul>\n<li>OPAL&#8217;s Paradox: Years of Experience and Yet Also Beginners<\/li>\n<li>Muchas gracias a nuestros generosos seguidores<\/li>\n<li>Financials for 2025<\/li>\n<\/ul>\n<h3><a href=\"https:\/\/www.opalclt.org\/wp-content\/uploads\/2024-OPAL-Annual-Report_Final.pdf\" target=\"_blank\" rel=\"noopener\">2024 Annual Report<\/a><\/h3>\n<ul>\n<li>Back to Business<\/li>\n<li>Muchas gracias a nuestros generosos seguidores<\/li>\n<li>Financials for 2024<\/li>\n<\/ul>\n<h3><a href=\"https:\/\/www.opalclt.org\/wp-content\/uploads\/2023-OPAL-Annual-Report.pdf\" target=\"_blank\" rel=\"noopener\">2023 Annual Report<\/a><\/h3>\n<ul>\n<li>Surprise, Surprise! 2023 did not turn out the way we planned<\/li>\n<li>Muchas gracias a nuestros generosos seguidores<\/li>\n<li>Financials for 2023<\/li>\n<\/ul>\n<h3><a href=\"http:\/\/www.opalclt.org\/wp-content\/uploads\/2022-OPAL-Annual-Report.pdf\" target=\"_blank\" rel=\"noopener\">2022 Annual Report<\/a><\/h3>\n<ul>\n<li>Strong and Vulnerable<\/li>\n<li>Muchas gracias a nuestros generosos seguidores<\/li>\n<li>Financials for 2022<\/li>\n<\/ul>\n<h3><a href=\"http:\/\/www.opalclt.org\/wp-content\/uploads\/2021-OPAL-Annual-Report.pdf\" target=\"_blank\" rel=\"noopener\">2021 Annual Report<\/a><\/h3>\n<ul>\n<li>2021: An Extra-ordinary Year in Un-ordinary Times<\/li>\n<li>Muchas gracias a nuestros generosos seguidores<\/li>\n<li>Financials for 2021<\/li>\n<\/ul>\n<h3><a href=\"http:\/\/www.opalclt.org\/wp-content\/uploads\/2020-OPAL-Annual-Report.pdf\" target=\"_blank\" rel=\"noopener\">Informe Anual 2020<\/a><\/h3>\n<ul>\n<li>Construyendo sobre la confianza: el poder de la colaboraci\u00f3n<\/li>\n<li>Muchas gracias a nuestros generosos seguidores<\/li>\n<li>Finanzas para 2020<\/li>\n<\/ul>\n<h3><a href=\"http:\/\/www.opalclt.org\/wp-content\/uploads\/2019-OPAL-Annual-Report-FINAL.pdf\" target=\"_blank\" rel=\"noopener noreferrer\">Informe Anual 2019<\/a><\/h3>\n<ul>\n<li>Vivienda de alquiler de April&#039;s Grove en construcci\u00f3n<\/li>\n<li>Muchas gracias a nuestros generosos seguidores<\/li>\n<li>Finanzas para 2019<\/li>\n<\/ul>\n<h3><a href=\"http:\/\/www.opalclt.org\/wp-content\/uploads\/2018-OPAL-Annual-Report-FINAL.pdf\" target=\"_blank\" rel=\"noopener noreferrer\">Informe Anual 2018<\/a><\/h3>\n<ul>\n<li>M\u00e1s isle\u00f1os encontraron hogares de formas sorprendentes en 2018<\/li>\n<li>Muchas gracias a nuestros generosos seguidores<\/li>\n<li>Finanzas para 2018<\/li>\n<\/ul>\n<h3><a href=\"http:\/\/www.opalclt.org\/wp-content\/uploads\/2017-OPAL-Annual-Report-FINAL.pdf\" target=\"_blank\" rel=\"noopener noreferrer\">Informe Anual 2017<\/a><\/h3>\n<ul>\n<li>C\u00f3mo ayud\u00f3 a la comunidad de la isla Orcas: resumen de OPAL para 2017<\/li>\n<li>Nuestras vidas fueron tocadas por el ciclo de la vida este a\u00f1o<\/li>\n<li>Muchas gracias a nuestros generosos seguidores<\/li>\n<li>Finanzas para 2017<\/li>\n<\/ul>\n<h3><a href=\"http:\/\/www.opalclt.org\/wp-content\/uploads\/2016-OPAL-Annnual-Report-FINAL.pdf\" target=\"_blank\" rel=\"noopener noreferrer\">Informe Anual 2016<\/a><\/h3>\n<ul>\n<li>Tim Fuller: lo que aprend\u00ed sobre la necesidad de alquileres asequibles<\/li>\n<li>Titulares de OPAL para 2016: Lo visible y lo no tan visible<\/li>\n<li>Muchas gracias a nuestros generosos seguidores<\/li>\n<li>Finanzas para 2016<\/li>\n<\/ul>\n<h3><a href=\"http:\/\/www.opalclt.org\/wp-content\/uploads\/2015-OPAL-Annnual-Report-FINAL.pdf\" target=\"_blank\" rel=\"noopener noreferrer\">Informe Anual 2015<\/a><\/h3>\n<ul>\n<li>C\u00f3mo ayudaste a la comunidad de la isla Orcas<\/li>\n<li>Resumen de OPAL para 2015<\/li>\n<li>Otro a\u00f1o ocupado: ventas, reventas y nuevas familias<\/li>\n<li>Gracias a nuestros generosos seguidores<\/li>\n<\/ul>\n<h3><a href=\"http:\/\/www.opalclt.org\/wp-content\/uploads\/2014-OPAL-Annual-Report1.pdf\" target=\"_blank\" rel=\"noopener noreferrer\">Informe Anual 2014<\/a><\/h3>\n<ul>\n<li>Helen Bee en el a\u00f1o del 25 aniversario de OPAL<\/li>\n<li>Las responsabilidades de administraci\u00f3n de OPAL contin\u00faan creciendo<\/li>\n<li>Prevenci\u00f3n de ejecuciones hipotecarias: la diferencia OPAL<\/li>\n<li>\u00bfSon las casas OPAL realmente asequibles de forma permanente?<\/li>\n<li>Lisa Byers sobre la evoluci\u00f3n a partir de una base s\u00f3lida<\/li>\n<\/ul>\n<h3><a href=\"http:\/\/www.opalclt.org\/wp-content\/uploads\/OPAL-2013-Annual-Report-FINAL.pdf\" target=\"_blank\" rel=\"noopener noreferrer\">Informe Anual 2013<\/a><\/h3>\n<ul>\n<li>Allen Smith reflexiona sobre el significado de OPAL para la comunidad isle\u00f1a<\/li>\n<li>Encuesta de Actividades en 2013<\/li>\n<li>Apreciando a Bob Henigson<\/li>\n<li>OPAL por los n\u00fameros en sus primeros 25 a\u00f1os<\/li>\n<\/ul>\n<h3><a href=\"http:\/\/www.opalclt.org\/wp-content\/uploads\/FINAL-Page-Order-OPAL_13-Spring-Newsletter-and-Annual-Report-for-2012.pdf\" target=\"_blank\" rel=\"noopener noreferrer\">Informe Anual 2012 y Bolet\u00edn Primavera 2013<\/a><\/h3>\n<ul>\n<li>Nueva subvenci\u00f3n abre la puerta a m\u00e1s casas OPAL<\/li>\n<li>Informe Anual OPAL 2012<\/li>\n<li>Entonces, \u00bfc\u00f3mo est\u00e1 OPAL? Decidimos Preguntar<\/li>\n<li>Dos casas m\u00e1s donadas, \u00a1y terrenos tambi\u00e9n!<\/li>\n<\/ul>\n<h3><a href=\"http:\/\/www.opalclt.org\/wp-content\/uploads\/FINAL-OPAL_12-Spring-Newsletter-and-Annual-Report-for-2011-small1.pdf\" target=\"_blank\" rel=\"noopener noreferrer\">Informe Anual 2011 y Bolet\u00edn Primavera 2012<\/a><\/h3>\n<ul>\n<li>Contratista local seleccionado para renovar Lavender Hollow<\/li>\n<li>Subvenci\u00f3n estatal para ayudar a cuatro nuevos compradores de vivienda OPAL<\/li>\n<li>Informe Anual OPAL 2011<\/li>\n<li>Planificaci\u00f3n a largo plazo en tiempos de corto plazo<\/li>\n<li>Guarde las fechas: reuni\u00f3n anual: mi\u00e9rcoles 28 de marzo a las 5 pm en The Orcas Senior Center; Cena ben\u00e9fica y de gala anual de OPAL: s\u00e1bado 22 de septiembre en Orcas Center<\/li>\n<\/ul>\n<h3><a href=\"http:\/\/www.opalclt.org\/wp-content\/uploads\/2010-Annual-Report-spring-2011-Newsletter1.pdf\" target=\"_blank\" rel=\"noopener noreferrer\">Informe Anual 2010 y Bolet\u00edn Primavera 2011<\/a><\/h3>\n<ul>\n<li>Aprovechando Oportunidades Inesperadas: Dos Casas Donadas a OPAL<\/li>\n<li>Revisi\u00f3n de las actividades de 2010<\/li>\n<li>Informe Financiero 2010<\/li>\n<li>Un mes en la vida de la ajetreada oficina de OPAL<\/li>\n<\/ul>","protected":false},"excerpt":{"rendered":"<p>Annual Reports 2025 Annual Report OPAL&#8217;s Paradox: Years of Experience and Yet Also Beginners Many Thanks to Our Generous Supporters Financials for 2025 2024 Annual Report Back to Business Many Thanks to Our Generous Supporters Financials for 2024 2023 Annual Report Surprise, Surprise! 2023 did not turn out the way we planned Many Thanks to [&hellip;]<\/p>\n","protected":false},"author":2,"featured_media":0,"parent":0,"menu_order":0,"comment_status":"closed","ping_status":"closed","template":"","meta":{"give_campaign_id":0,"_genesis_hide_title":false,"_genesis_hide_breadcrumbs":false,"_genesis_hide_singular_image":false,"_genesis_hide_footer_widgets":false,"_genesis_custom_body_class":"","_genesis_custom_post_class":"","_genesis_layout":"","footnotes":""},"class_list":{"0":"post-478","1":"page","2":"type-page","3":"status-publish","5":"entry"},"aioseo_notices":[],"campaignId":"","_links":{"self":[{"href":"https:\/\/www.opalclt.org\/es\/wp-json\/wp\/v2\/pages\/478","targetHints":{"allow":["GET"]}}],"collection":[{"href":"https:\/\/www.opalclt.org\/es\/wp-json\/wp\/v2\/pages"}],"about":[{"href":"https:\/\/www.opalclt.org\/es\/wp-json\/wp\/v2\/types\/page"}],"author":[{"embeddable":true,"href":"https:\/\/www.opalclt.org\/es\/wp-json\/wp\/v2\/users\/2"}],"replies":[{"embeddable":true,"href":"https:\/\/www.opalclt.org\/es\/wp-json\/wp\/v2\/comments?post=478"}],"version-history":[{"count":5,"href":"https:\/\/www.opalclt.org\/es\/wp-json\/wp\/v2\/pages\/478\/revisions"}],"predecessor-version":[{"id":8601,"href":"https:\/\/www.opalclt.org\/es\/wp-json\/wp\/v2\/pages\/478\/revisions\/8601"}],"wp:attachment":[{"href":"https:\/\/www.opalclt.org\/es\/wp-json\/wp\/v2\/media?parent=478"}],"curies":[{"name":"wp","href":"https:\/\/api.w.org\/{rel}","templated":true}]}}