{"id":5329,"date":"2021-04-29T14:08:31","date_gmt":"2021-04-29T21:08:31","guid":{"rendered":"https:\/\/www.opalclt.org\/?page_id=5329"},"modified":"2021-05-05T12:41:10","modified_gmt":"2021-05-05T19:41:10","slug":"stewardship","status":"publish","type":"page","link":"https:\/\/www.opalclt.org\/es\/in-the-works\/stewardship\/","title":{"rendered":"Administraci\u00f3n"},"content":{"rendered":"<h1 class=\"wp-block-heading\">Mayordom\u00eda: la fase m\u00e1s cr\u00edtica<\/h1>\n\n\n\n<p>Las responsabilidades de OPAL no terminan con la venta de una casa o la construcci\u00f3n de una nueva propiedad de alquiler. Ese punto es un nuevo comienzo. Es, de hecho, la fase m\u00e1s cr\u00edtica: la mayordom\u00eda. La labor de Mayordom\u00eda es cuidar la tierra y apoyar a las personas que viven en los hogares.<\/p>\n\n\n\n<p>En este rol de custodio, OPAL brinda orientaci\u00f3n a los propietarios que mantienen sus casas, apoyo administrativo y de capacitaci\u00f3n a las juntas de vecinos; facilita la reventa, compra y financiaci\u00f3n de sucesivos compradores de vivienda; defensores de pol\u00edticas y pr\u00e1cticas que aseguren que las viviendas permanezcan permanentemente asequibles; y administra nuestras propiedades de alquiler.<\/p>\n\n\n\n<p>\u00bfPor qu\u00e9 es importante la mayordom\u00eda? Porque es a trav\u00e9s de una administraci\u00f3n efectiva que la tierra y los vecindarios de OPAL se vuelven parte del tejido de Orcas. El desarrollo construye casas; la administraci\u00f3n ayuda a mantener a las personas como parte de nuestra comunidad isle\u00f1a.<\/p>","protected":false},"excerpt":{"rendered":"<p>Stewardship &#8211; The Most Critical Phase OPAL\u2019s responsibilities do not end with the sale of a house or the construction of a new rental property. That point is a new beginning. It is, in fact, the most critical phase &#8211; Stewardship. The work of Stewardship is caring for the land and supporting the people who [&hellip;]<\/p>","protected":false},"author":2,"featured_media":0,"parent":185,"menu_order":0,"comment_status":"closed","ping_status":"closed","template":"","meta":{"give_campaign_id":0,"_genesis_hide_title":false,"_genesis_hide_breadcrumbs":false,"_genesis_hide_singular_image":false,"_genesis_hide_footer_widgets":false,"_genesis_custom_body_class":"","_genesis_custom_post_class":"","_genesis_layout":"","footnotes":""},"class_list":{"0":"post-5329","1":"page","2":"type-page","3":"status-publish","5":"entry"},"aioseo_notices":[],"campaignId":"","_links":{"self":[{"href":"https:\/\/www.opalclt.org\/es\/wp-json\/wp\/v2\/pages\/5329","targetHints":{"allow":["GET"]}}],"collection":[{"href":"https:\/\/www.opalclt.org\/es\/wp-json\/wp\/v2\/pages"}],"about":[{"href":"https:\/\/www.opalclt.org\/es\/wp-json\/wp\/v2\/types\/page"}],"author":[{"embeddable":true,"href":"https:\/\/www.opalclt.org\/es\/wp-json\/wp\/v2\/users\/2"}],"replies":[{"embeddable":true,"href":"https:\/\/www.opalclt.org\/es\/wp-json\/wp\/v2\/comments?post=5329"}],"version-history":[{"count":3,"href":"https:\/\/www.opalclt.org\/es\/wp-json\/wp\/v2\/pages\/5329\/revisions"}],"predecessor-version":[{"id":5338,"href":"https:\/\/www.opalclt.org\/es\/wp-json\/wp\/v2\/pages\/5329\/revisions\/5338"}],"up":[{"embeddable":true,"href":"https:\/\/www.opalclt.org\/es\/wp-json\/wp\/v2\/pages\/185"}],"wp:attachment":[{"href":"https:\/\/www.opalclt.org\/es\/wp-json\/wp\/v2\/media?parent=5329"}],"curies":[{"name":"wp","href":"https:\/\/api.w.org\/{rel}","templated":true}]}}