{"id":5367,"date":"2021-05-27T10:42:17","date_gmt":"2021-05-27T17:42:17","guid":{"rendered":"https:\/\/www.opalclt.org\/?page_id=5367"},"modified":"2022-08-19T16:06:54","modified_gmt":"2022-08-19T23:06:54","slug":"mt-baker-road-apartments","status":"publish","type":"page","link":"https:\/\/www.opalclt.org\/es\/in-the-works\/mt-baker-road-apartments\/","title":{"rendered":"Apartamentos en Mount Baker Road"},"content":{"rendered":"<h1 class=\"wp-block-heading\">Mount Baker Road Apartments<\/h1>\n\n\n\n<p>Motivados por su preocupaci\u00f3n por la p\u00e9rdida de viviendas asequibles para las familias locales, los isle\u00f1os Maia y John Vechey y Dave Roberts se asociaron con OPAL Community Land Trust a principios de mayo para comprar siete apartamentos en Mt. Baker Road.<\/p>\n\n\n\n<p>\u201cCuando estas unidades salieron al mercado, exist\u00eda la posibilidad muy real de que las personas que viv\u00edan all\u00ed, un hogar durante 20 a\u00f1os, perdieran sus hogares\u201d, dijo Lisa Byers, directora ejecutiva de OPAL. \u201cMaia Vechey se acerc\u00f3 a nosotros para donar el dinero para comprar la propiedad. Los inquilinos de mucho tiempo podr\u00edan seguir viviendo all\u00ed y las unidades, como parte de OPAL, se conservar\u00edan para el beneficio a largo plazo de la comunidad de Orcas\u201d.<\/p>\n\n\n\n<p>After the donors negotiated the purchase price and contributed the funds to pay for it, OPAL took title to the property on mayo 20, 2021.&nbsp; The effort was further supported by donations and brokerage services from Orcas Island Realty\u2019s Marcela Barrientos (and her husband Ed Andrews), Mary Clure and Lisa Wolford.<\/p>\n\n\n<div class=\"wp-block-image\">\n<figure class=\"aligncenter size-full\"><img loading=\"lazy\" decoding=\"async\" width=\"400\" height=\"266\" src=\"http:\/\/www.opalclt.org\/wp-content\/uploads\/Mt-Baker-Apts.png\" alt=\"Mt. Baker Apartments\" class=\"wp-image-5377\" srcset=\"https:\/\/www.opalclt.org\/wp-content\/uploads\/Mt-Baker-Apts.png 400w, https:\/\/www.opalclt.org\/wp-content\/uploads\/Mt-Baker-Apts-300x200.png 300w, https:\/\/www.opalclt.org\/wp-content\/uploads\/Mt-Baker-Apts-16x12.png 16w\" sizes=\"auto, (max-width: 400px) 100vw, 400px\" \/><figcaption><em>Los apartamentos Mt. Baker Road ser\u00e1n actualizados y renovados.<\/em><\/figcaption><\/figure>\n<\/div>\n\n\n<p>Los tres edificios de apartamentos, con estacionamiento para 12 autos, ocupan casi un acre de tierra al este de la tienda NAPA Auto Parts en Eastsound. Durante los pr\u00f3ximos dos a\u00f1os, los edificios se actualizar\u00e1n y renovar\u00e1n, de acuerdo con la intenci\u00f3n de OPAL de proporcionar lugares c\u00f3modos, duraderos, bien mantenidos y eficientes en energ\u00eda para vivir. La necesidad de alquileres asequibles en Orcas sigue siendo alta, lo que contribuye a la actual escasez de personal entre las escuelas y las empresas. Es tan importante preservar los apartamentos existentes como fundamental construir otros adicionales.<\/p>","protected":false},"excerpt":{"rendered":"<p>Mount Baker Road Apartments Motivated by their concern about the loss of affordable housing for local families, islanders Maia and John Vechey and Dave Roberts partnered with OPAL Community Land Trust in early May to buy seven apartments on Mt. Baker Road. \u201cWhen these units went on the market, there was the very real possibility [&hellip;]<\/p>","protected":false},"author":2,"featured_media":0,"parent":185,"menu_order":0,"comment_status":"closed","ping_status":"closed","template":"","meta":{"give_campaign_id":0,"_genesis_hide_title":false,"_genesis_hide_breadcrumbs":false,"_genesis_hide_singular_image":false,"_genesis_hide_footer_widgets":false,"_genesis_custom_body_class":"","_genesis_custom_post_class":"","_genesis_layout":"","footnotes":""},"class_list":{"0":"post-5367","1":"page","2":"type-page","3":"status-publish","5":"entry","6":"has-post-thumbnail"},"aioseo_notices":[],"campaignId":"","_links":{"self":[{"href":"https:\/\/www.opalclt.org\/es\/wp-json\/wp\/v2\/pages\/5367","targetHints":{"allow":["GET"]}}],"collection":[{"href":"https:\/\/www.opalclt.org\/es\/wp-json\/wp\/v2\/pages"}],"about":[{"href":"https:\/\/www.opalclt.org\/es\/wp-json\/wp\/v2\/types\/page"}],"author":[{"embeddable":true,"href":"https:\/\/www.opalclt.org\/es\/wp-json\/wp\/v2\/users\/2"}],"replies":[{"embeddable":true,"href":"https:\/\/www.opalclt.org\/es\/wp-json\/wp\/v2\/comments?post=5367"}],"version-history":[{"count":5,"href":"https:\/\/www.opalclt.org\/es\/wp-json\/wp\/v2\/pages\/5367\/revisions"}],"predecessor-version":[{"id":6724,"href":"https:\/\/www.opalclt.org\/es\/wp-json\/wp\/v2\/pages\/5367\/revisions\/6724"}],"up":[{"embeddable":true,"href":"https:\/\/www.opalclt.org\/es\/wp-json\/wp\/v2\/pages\/185"}],"wp:attachment":[{"href":"https:\/\/www.opalclt.org\/es\/wp-json\/wp\/v2\/media?parent=5367"}],"curies":[{"name":"wp","href":"https:\/\/api.w.org\/{rel}","templated":true}]}}