{"id":5834,"date":"2021-09-15T15:34:35","date_gmt":"2021-09-15T22:34:35","guid":{"rendered":"https:\/\/www.opalclt.org\/?page_id=5834"},"modified":"2024-02-27T14:08:09","modified_gmt":"2024-02-27T22:08:09","slug":"plan-toward-2030","status":"publish","type":"page","link":"https:\/\/www.opalclt.org\/es\/about\/plan-toward-2030\/","title":{"rendered":"Planifica Hacia el 2030"},"content":{"rendered":"<h2 class=\"wp-block-heading\">Resumen del Plan a Largo Plazo 2021-2030<\/h2>\n\n\n\n<div style=\"height:10px\" aria-hidden=\"true\" class=\"wp-block-spacer\"><\/div>\n\n\n\n<p><strong>Para desarrollar el plan a largo plazo,<\/strong> Los fideicomisarios y miembros del personal de OPAL hablaron con l\u00edderes comunitarios, propietarios de viviendas de OPAL e inquilinos de alquiler durante un per\u00edodo de dos a\u00f1os para obtener informaci\u00f3n sobre la pr\u00f3xima d\u00e9cada. El plan de 51 p\u00e1ginas resultante, que incluye escenarios de lo que podr\u00eda deparar el futuro, est\u00e1 disponible a pedido. Este documento resume ese plan para las actividades de OPAL hasta el a\u00f1o 2030.<\/p>\n\n\n\n<h3 class=\"wp-block-heading\">MISI\u00d3N<\/h3>\n\n\n\n<p>OPAL ayuda a mantener Orcas Island como una comunidad saludable y econ\u00f3micamente diversa al proporcionar viviendas asequibles de forma permanente y apoyo a los isle\u00f1os cuyas necesidades de vivienda no se satisfacen en el mercado convencional.<\/p>\n\n\n\n<p><strong>Para cumplir su misi\u00f3n, OPAL:<\/strong><\/p>\n\n\n\n<ul class=\"wp-block-list\">\n<li>Adquiere terrenos y edificios;<\/li>\n\n\n\n<li>Desarrolla viviendas de manera ambiental y socialmente responsable;<\/li>\n\n\n\n<li>Construya o renueve edificios para que sean saludables, duraderos y energ\u00e9ticamente eficientes;<\/li>\n\n\n\n<li>Otorga pr\u00e9stamos y facilita el acceso a financiamiento para la compra, construcci\u00f3n y reparaci\u00f3n de viviendas;<\/li>\n\n\n\n<li>Educa y asesora a los solicitantes, propietarios e inquilinos; y<\/li>\n\n\n\n<li>Administra lo que crea para las generaciones actuales y futuras.<\/li>\n<\/ul>\n\n\n\n<h3 class=\"wp-block-heading\"><meta charset=\"utf-8\">PRINCIPIOS RECTORES<\/h3>\n\n\n\n<p><strong>1) La responsabilidad primordial de OPAL es la administraci\u00f3n.<\/strong><br>Para cumplir con la promesa de brindar vivienda econ\u00f3mica permanente, OPAL cuidar\u00e1 el terreno, la vivienda y las relaciones que nos han sido encomendadas.<\/p>\n\n\n\n<p><strong>2) OPAL continuar\u00e1 desarrollando viviendas adicionales seg\u00fan las necesidades de la comunidad.<\/strong><br>Si bien la necesidad de m\u00e1s viviendas es mayor que los recursos, OPAL se esforzar\u00e1 por agregar entre 80 y 100 viviendas m\u00e1s asequibles de forma permanente.&nbsp;<\/p>\n\n\n\n<p><strong>3) OPAL se involucrar\u00e1 reflexiva y creativamente con las oportunidades y necesidades a medida que surjan de la comunidad.<\/strong><br>OPAL da la bienvenida a nuevas ideas y evaluar\u00e1 oportunidades a trav\u00e9s de la lente de nuestro<br>misi\u00f3n y valores y guiada por la investigaci\u00f3n y el an\u00e1lisis.<\/p>\n\n\n\n<h3 class=\"wp-block-heading\">PRIORIDADES ESTRAT\u00c9GICAS<\/h3>\n\n\n\n<p><strong>ADMINISTRACI\u00d3N<\/strong><\/p>\n\n\n<p class=\"p1\" style=\"padding-left: 40px;\">1. Apoyar los esfuerzos de los propietarios de viviendas para mantener y reparar sus viviendas.<br \/>2. Ayudar a coordinar el mantenimiento peri\u00f3dico a largo plazo de los exteriores de las casas.<br \/>3. Mejorar la transparencia y los informes sobre el uso de las tarifas de arrendamiento.<br \/>4. Adoptar sistemas sustentables para el mantenimiento de las tierras comunales.<br \/>5. Ayudar a los vecindarios con la gobernabilidad y resoluci\u00f3n de disputas.<br \/>6. Ayudar a los propietarios de viviendas con modificaciones para permitir el envejecimiento en el lugar.<br \/>7. Integrar una gesti\u00f3n de activos eficaz para las propiedades de alquiler.<\/p>\n\n\n<p><strong>Relaciones correctas&nbsp;<\/strong><\/p>\n\n\n<p class=\"p1\" style=\"padding-left: 40px;\">8. Honrar a los que vinieron antes que nosotros ya los que vendr\u00e1n despu\u00e9s.<br \/>9. Fomentar las colaboraciones para aumentar la amplitud y profundidad del servicio.<\/p>\n\n\n<p><\/p>\n\n\n\n<p><strong>NUEVO DESARROLLO<\/strong>: A\u00f1adir 80 a 100 Viviendas<\/p>\n\n\n<p class=\"p1\" style=\"padding-left: 40px;\">10. Construir viviendas en terrenos que ya son propiedad de OPAL (25).<br \/>11. Compre casas adicionales en sitios dispersos.<br \/>12. Comprar viviendas de alquiler existentes para mantenerlas asequibles.<br \/>13. Adquirir terrenos adicionales para el desarrollo.<br \/>14. Sentar las bases para el desarrollo de la propiedad de Bartel Road, y<br \/>15. Permanezca abierto a las oportunidades.<\/p>\n\n\n<p><strong>ALCANCE, ASOCIACIONES Y DEFENSA<\/strong><\/p>\n\n\n<p class=\"p1\" style=\"padding-left: 40px;\">16. Honre a las personas encontr\u00e1ndolas donde est\u00e1n y cuidando las relaciones con cuidado.<br \/>17. Cuente historias sobre la justicia y el valor de la mayordom\u00eda.<br \/>18. Dise\u00f1ar estrategias de comunicaci\u00f3n basadas en la investigaci\u00f3n y acordes con la cultura isle\u00f1a.<br \/>19. Mantener y fortalecer las asociaciones de colaboraci\u00f3n.<br \/>20. Involucrar a los funcionarios electos en soluciones que funcionen.<br \/>21. Liderar los esfuerzos para volver a autorizar el Fondo de Vivienda del Condado de San Juan.<\/p>\n\n\n<p><strong>GOBIERNO, PERSONAL Y ADMINISTRACI\u00d3N<\/strong><\/p>\n\n\n<p style=\"padding-left: 40px;\">22. Fortalecer la Junta a trav\u00e9s de una mayor diversidad, comit\u00e9s m\u00e1s s\u00f3lidos y educaci\u00f3n.<br \/>23. Aumentar la capacidad del personal e implementar planes de sucesi\u00f3n bien pensados.\u00a0<\/p>\n\n\n<div class=\"wp-block-file aligncenter\"><a id=\"wp-block-file--media-4f1072c0-6a68-4f22-953f-69f4caadc671\" href=\"http:\/\/www.opalclt.org\/wp-content\/uploads\/OPAL-2030-Long-range-plan-Summary-1.pdf\" target=\"_blank\" rel=\"noreferrer noopener\">Descargue un resumen de 2 p\u00e1ginas del plan a largo plazo<\/a><\/div>\n\n\n\n<div style=\"height:42px\" aria-hidden=\"true\" class=\"wp-block-spacer\"><\/div>\n\n\n\n<h3 class=\"wp-block-heading\">Solicite su copia del plan completo de largo alcance<\/h3>\n\n\n\n<p>Ingrese su nombre y direcci\u00f3n de correo electr\u00f3nico para recibir el documento de 51 p\u00e1ginas. Si lo desea, tambi\u00e9n puede dejar un comentario.<\/p>\n\n\n\n<div style=\"height:25px\" aria-hidden=\"true\" class=\"wp-block-spacer\"><\/div>\n\n\n<script type=\"text\/javascript\">\n\/* <![CDATA[ *\/\nvar gform;gform||(document.addEventListener(\"gform_main_scripts_loaded\",function(){gform.scriptsLoaded=!0}),document.addEventListener(\"gform\/theme\/scripts_loaded\",function(){gform.themeScriptsLoaded=!0}),window.addEventListener(\"DOMContentLoaded\",function(){gform.domLoaded=!0}),gform={domLoaded:!1,scriptsLoaded:!1,themeScriptsLoaded:!1,isFormEditor:()=>\"function\"==typeof InitializeEditor,callIfLoaded:function(o){return!(!gform.domLoaded||!gform.scriptsLoaded||!gform.themeScriptsLoaded&&!gform.isFormEditor()||(gform.isFormEditor()&&console.warn(\"The use of gform.initializeOnLoaded() is deprecated in the form editor context and will be removed in Gravity Forms 3.1.\"),o(),0))},initializeOnLoaded:function(o){gform.callIfLoaded(o)||(document.addEventListener(\"gform_main_scripts_loaded\",()=>{gform.scriptsLoaded=!0,gform.callIfLoaded(o)}),document.addEventListener(\"gform\/theme\/scripts_loaded\",()=>{gform.themeScriptsLoaded=!0,gform.callIfLoaded(o)}),window.addEventListener(\"DOMContentLoaded\",()=>{gform.domLoaded=!0,gform.callIfLoaded(o)}))},hooks:{action:{},filter:{}},addAction:function(o,r,e,t){gform.addHook(\"action\",o,r,e,t)},addFilter:function(o,r,e,t){gform.addHook(\"filter\",o,r,e,t)},doAction:function(o){gform.doHook(\"action\",o,arguments)},applyFilters:function(o){return gform.doHook(\"filter\",o,arguments)},removeAction:function(o,r){gform.removeHook(\"action\",o,r)},removeFilter:function(o,r,e){gform.removeHook(\"filter\",o,r,e)},addHook:function(o,r,e,t,n){null==gform.hooks[o][r]&&(gform.hooks[o][r]=[]);var d=gform.hooks[o][r];null==n&&(n=r+\"_\"+d.length),gform.hooks[o][r].push({tag:n,callable:e,priority:t=null==t?10:t})},doHook:function(r,o,e){var t;if(e=Array.prototype.slice.call(e,1),null!=gform.hooks[r][o]&&((o=gform.hooks[r][o]).sort(function(o,r){return o.priority-r.priority}),o.forEach(function(o){\"function\"!=typeof(t=o.callable)&&(t=window[t]),\"action\"==r?t.apply(null,e):e[0]=t.apply(null,e)})),\"filter\"==r)return e[0]},removeHook:function(o,r,t,n){var e;null!=gform.hooks[o][r]&&(e=(e=gform.hooks[o][r]).filter(function(o,r,e){return!!(null!=n&&n!=o.tag||null!=t&&t!=o.priority)}),gform.hooks[o][r]=e)}});\n\/* ]]> *\/\n<\/script>\n\n                <div class='gf_browser_gecko gform_wrapper gravity-theme gform-theme--no-framework' data-form-theme='gravity-theme' data-form-index='0' id='gform_wrapper_7' ><form method='post' enctype='multipart\/form-data'  id='gform_7'  action='\/es\/wp-json\/wp\/v2\/pages\/5834' data-formid='7' novalidate data-trp-original-action=\"\/es\/wp-json\/wp\/v2\/pages\/5834\">\n                        <div class='gform-body gform_body'><div id='gform_fields_7' class='gform_fields top_label form_sublabel_below description_below validation_below'><div id=\"field_7_7\" class=\"gfield gfield--type-honeypot gform_validation_container field_sublabel_below gfield--has-description field_description_below field_validation_below gfield_visibility_visible\"  ><label class='gfield_label gform-field-label' for='input_7_7'>Facebook<\/label><div class='ginput_container'><input name='input_7' id='input_7_7' type='text' value='' autocomplete='new-password'\/><\/div><div class='gfield_description' id='gfield_description_7_7'>This field is for validation purposes and should be left unchanged.<\/div><\/div><fieldset id=\"field_7_1\" class=\"gfield gfield--type-name gfield_contains_required field_sublabel_below gfield--no-description field_description_below field_validation_below gfield_visibility_visible\"  ><legend class='gfield_label gform-field-label gfield_label_before_complex' >Nombre<span class=\"gfield_required\"><span class=\"gfield_required gfield_required_text\">(Required)<\/span><\/span><\/legend><div class='ginput_complex ginput_container ginput_container--name no_prefix has_first_name no_middle_name has_last_name no_suffix gf_name_has_2 ginput_container_name gform-grid-row' id='input_7_1'>\n                            \n                            <span id='input_7_1_3_container' class='name_first gform-grid-col gform-grid-col--size-auto' >\n                                                    <input type='text' name='input_1.3' id='input_7_1_3' value=''   aria-required='true'     \/>\n                                                    <label for='input_7_1_3' class='gform-field-label gform-field-label--type-sub'>First<\/label>\n                                                <\/span>\n                            \n                            <span id='input_7_1_6_container' class='name_last gform-grid-col gform-grid-col--size-auto' >\n                                                    <input type='text' name='input_1.6' id='input_7_1_6' value=''   aria-required='true'     \/>\n                                                    <label for='input_7_1_6' class='gform-field-label gform-field-label--type-sub'>Last<\/label>\n                                                <\/span>\n                            \n                        <\/div><\/fieldset><div id=\"field_7_2\" class=\"gfield gfield--type-email gfield--width-full gfield_contains_required field_sublabel_below gfield--no-description field_description_below field_validation_below gfield_visibility_visible\"  ><label class='gfield_label gform-field-label' for='input_7_2'>Correo electr\u00f3nico<span class=\"gfield_required\"><span class=\"gfield_required gfield_required_text\">(Required)<\/span><\/span><\/label><div class='ginput_container ginput_container_email'>\n                            <input name='input_2' id='input_7_2' type='email' value='' class='large'    aria-required=\"true\" aria-invalid=\"false\"  \/>\n                        <\/div><\/div><div id=\"field_7_3\" class=\"gfield gfield--type-textarea gfield--width-full field_sublabel_below gfield--no-description field_description_below field_validation_below gfield_visibility_visible\"  ><label class='gfield_label gform-field-label' for='input_7_3'>Deja un comentario<\/label><div class='ginput_container ginput_container_textarea'><textarea name='input_3' id='input_7_3' class='textarea large'   maxlength='1000'   aria-invalid=\"false\"   rows='10' cols='50'><\/textarea><\/div><\/div><div id=\"field_7_6\" class=\"gfield gfield--type-captcha gfield--width-full field_sublabel_below gfield--no-description field_description_below field_validation_below gfield_visibility_visible\"  ><label class='gfield_label gform-field-label' for='input_7_6'>Por favor marque esta casilla<\/label><div id='input_7_6' class='ginput_container ginput_recaptcha' data-sitekey='6LeLqgsUAAAAALDFo7xP1sP1TlXAOZ6mTogWiRIY'  data-theme='light' data-tabindex='0'  data-badge=''><\/div><\/div><\/div><\/div>\n        <div class='gform-footer gform_footer top_label'> <input type='submit' id='gform_submit_button_7' class='gform_button button' onclick='gform.submission.handleButtonClick(this);' data-submission-type='submit' value='Enviar mi plan de largo alcance'  \/> \n            <input type='hidden' class='gform_hidden' name='gform_submission_method' data-js='gform_submission_method_7' value='postback' \/>\n            <input type='hidden' class='gform_hidden' name='gform_theme' data-js='gform_theme_7' id='gform_theme_7' value='gravity-theme' \/>\n            <input type='hidden' class='gform_hidden' name='gform_style_settings' data-js='gform_style_settings_7' id='gform_style_settings_7' value='{&quot;inputPrimaryColor&quot;:&quot;#204ce5&quot;}' \/>\n            <input type='hidden' class='gform_hidden' name='is_submit_7' value='1' \/>\n            <input type='hidden' class='gform_hidden' name='gform_submit' value='7' \/>\n            \n            <input type='hidden' class='gform_hidden' name='gform_currency' data-currency='USD' value='4dtBgu2Uxhg8iOKd0i8fer+bzK\/Fr8ZSl3Y78TpOTBX1eJBI6x7yY53WqgFIR\/BnmJfMF0Zq9aLdral5IuMVQi8IYKI4wddbIQON+okcvrHGxWE=' \/>\n            <input type='hidden' class='gform_hidden' name='gform_unique_id' value='' \/>\n            <input type='hidden' class='gform_hidden' name='state_7' value='WyJbXSIsIjc4ZTI1MTIwNzliYWVmMmFhNWRlZDYwZDQyNzg2ZjNjIl0=' \/>\n            <input type='hidden' autocomplete='off' class='gform_hidden' name='gform_target_page_number_7' id='gform_target_page_number_7' value='0' \/>\n            <input type='hidden' autocomplete='off' class='gform_hidden' name='gform_source_page_number_7' id='gform_source_page_number_7' value='1' \/>\n            <input type='hidden' name='gform_field_values' value='' \/>\n            \n        <\/div>\n                        <p style=\"display: none !important;\" class=\"akismet-fields-container\" data-prefix=\"ak_\"><label>&#916;<textarea name=\"ak_hp_textarea\" cols=\"45\" rows=\"8\" maxlength=\"100\"><\/textarea><\/label><input type=\"hidden\" id=\"ak_js_1\" name=\"ak_js\" value=\"61\"\/><script>document.getElementById( \"ak_js_1\" ).setAttribute( \"value\", ( new Date() ).getTime() );<\/script><\/p><input type=\"hidden\" name=\"trp-form-language\" value=\"es\"\/><\/form>\n                        <\/div><script type=\"text\/javascript\">\n\/* <![CDATA[ *\/\n gform.initializeOnLoaded( function() {gformInitSpinner( 7, 'https:\/\/www.opalclt.org\/wp-content\/plugins\/gravityforms\/images\/spinner.svg', true );jQuery('#gform_ajax_frame_7').on('load',function(){var contents = jQuery(this).contents().find('*').html();var is_postback = contents.indexOf('GF_AJAX_POSTBACK') >= 0;if(!is_postback){return;}var form_content = jQuery(this).contents().find('#gform_wrapper_7');var is_confirmation = jQuery(this).contents().find('#gform_confirmation_wrapper_7').length > 0;var is_redirect = contents.indexOf('gformRedirect(){') >= 0;var is_form = form_content.length > 0 && ! is_redirect && ! is_confirmation;var mt = parseInt(jQuery('html').css('margin-top'), 10) + parseInt(jQuery('body').css('margin-top'), 10) + 100;if(is_form){jQuery('#gform_wrapper_7').html(form_content.html());if(form_content.hasClass('gform_validation_error')){jQuery('#gform_wrapper_7').addClass('gform_validation_error');} else {jQuery('#gform_wrapper_7').removeClass('gform_validation_error');}setTimeout( function() { \/* delay the scroll by 50 milliseconds to fix a bug in chrome *\/  }, 50 );if(window['gformInitDatepicker']) {gformInitDatepicker();}if(window['gformInitPriceFields']) {gformInitPriceFields();}var current_page = jQuery('#gform_source_page_number_7').val();gformInitSpinner( 7, 'https:\/\/www.opalclt.org\/wp-content\/plugins\/gravityforms\/images\/spinner.svg', true );jQuery(document).trigger('gform_page_loaded', [7, current_page]);window['gf_submitting_7'] = false;}else if(!is_redirect){var confirmation_content = jQuery(this).contents().find('.GF_AJAX_POSTBACK').html();if(!confirmation_content){confirmation_content = contents;}jQuery('#gform_wrapper_7').replaceWith(confirmation_content);jQuery(document).trigger('gform_confirmation_loaded', [7]);window['gf_submitting_7'] = false;wp.a11y.speak(jQuery('#gform_confirmation_message_7').text());}else{jQuery('#gform_7').append(contents);if(window['gformRedirect']) {gformRedirect();}}jQuery(document).trigger(\"gform_pre_post_render\", [{ formId: \"7\", currentPage: \"current_page\", abort: function() { this.preventDefault(); } }]);        if (event && event.defaultPrevented) {                return;        }        const gformWrapperDiv = document.getElementById( \"gform_wrapper_7\" );        if ( gformWrapperDiv ) {            const visibilitySpan = document.createElement( \"span\" );            visibilitySpan.id = \"gform_visibility_test_7\";            gformWrapperDiv.insertAdjacentElement( \"afterend\", visibilitySpan );        }        const visibilityTestDiv = document.getElementById( \"gform_visibility_test_7\" );        let postRenderFired = false;        function triggerPostRender() {            if ( postRenderFired ) {                return;            }            postRenderFired = true;            gform.core.triggerPostRenderEvents( 7, current_page );            if ( visibilityTestDiv ) {                visibilityTestDiv.parentNode.removeChild( visibilityTestDiv );            }        }        function debounce( func, wait, immediate ) {            var timeout;            return function() {                var context = this, args = arguments;                var later = function() {                    timeout = null;                    if ( !immediate ) func.apply( context, args );                };                var callNow = immediate && !timeout;                clearTimeout( timeout );                timeout = setTimeout( later, wait );                if ( callNow ) func.apply( context, args );            };        }        const debouncedTriggerPostRender = debounce( function() {            triggerPostRender();        }, 200 );        if ( visibilityTestDiv && visibilityTestDiv.offsetParent === null ) {            const observer = new MutationObserver( ( mutations ) => {                mutations.forEach( ( mutation ) => {                    if ( mutation.type === 'attributes' && visibilityTestDiv.offsetParent !== null ) {                        debouncedTriggerPostRender();                        observer.disconnect();                    }                });            });            observer.observe( document.body, {                attributes: true,                childList: false,                subtree: true,                attributeFilter: [ 'style', 'class' ],            });        } else {            triggerPostRender();        }    } );} ); \n\/* ]]> *\/\n<\/script>","protected":false},"excerpt":{"rendered":"<p>Summary of the Long-Range Plan 2021\u20132030 To develop the long range plan, OPAL\u2019s trustees and staff members talked with community leaders, OPAL homeowners and rental tenants over a two-year period to glean insights about the coming decade. The resulting 51-page plan, including scenarios for what the future might hold, is available upon request. This document [&hellip;]<\/p>","protected":false},"author":2,"featured_media":0,"parent":25,"menu_order":0,"comment_status":"closed","ping_status":"closed","template":"","meta":{"give_campaign_id":0,"_genesis_hide_title":true,"_genesis_hide_breadcrumbs":false,"_genesis_hide_singular_image":false,"_genesis_hide_footer_widgets":false,"_genesis_custom_body_class":"","_genesis_custom_post_class":"","_genesis_layout":"","footnotes":""},"class_list":{"0":"post-5834","1":"page","2":"type-page","3":"status-publish","5":"entry"},"aioseo_notices":[],"campaignId":"","_links":{"self":[{"href":"https:\/\/www.opalclt.org\/es\/wp-json\/wp\/v2\/pages\/5834","targetHints":{"allow":["GET"]}}],"collection":[{"href":"https:\/\/www.opalclt.org\/es\/wp-json\/wp\/v2\/pages"}],"about":[{"href":"https:\/\/www.opalclt.org\/es\/wp-json\/wp\/v2\/types\/page"}],"author":[{"embeddable":true,"href":"https:\/\/www.opalclt.org\/es\/wp-json\/wp\/v2\/users\/2"}],"replies":[{"embeddable":true,"href":"https:\/\/www.opalclt.org\/es\/wp-json\/wp\/v2\/comments?post=5834"}],"version-history":[{"count":5,"href":"https:\/\/www.opalclt.org\/es\/wp-json\/wp\/v2\/pages\/5834\/revisions"}],"predecessor-version":[{"id":7545,"href":"https:\/\/www.opalclt.org\/es\/wp-json\/wp\/v2\/pages\/5834\/revisions\/7545"}],"up":[{"embeddable":true,"href":"https:\/\/www.opalclt.org\/es\/wp-json\/wp\/v2\/pages\/25"}],"wp:attachment":[{"href":"https:\/\/www.opalclt.org\/es\/wp-json\/wp\/v2\/media?parent=5834"}],"curies":[{"name":"wp","href":"https:\/\/api.w.org\/{rel}","templated":true}]}}