{"id":894,"date":"2015-08-01T14:58:36","date_gmt":"2015-08-01T14:58:36","guid":{"rendered":"http:\/\/www.opalclt.org\/?page_id=894"},"modified":"2024-08-22T11:12:07","modified_gmt":"2024-08-22T18:12:07","slug":"opal-pre-qualified-applicant-checklist","status":"publish","type":"page","link":"https:\/\/www.opalclt.org\/es\/buy-your-home\/opal-pre-qualified-applicant-checklist\/","title":{"rendered":"Homeownership Pre-Qualification Checklist"},"content":{"rendered":"<h1>Lista de verificaci\u00f3n para compradores de vivienda de OPAL<\/h1>\n<p>Aqu\u00ed hay una lista de verificaci\u00f3n \u00fatil que detalla cada tarea en los cuatro pasos para convertirse en propietario de una vivienda OPAL.<\/p>\n<p>Descarga y realiza un seguimiento de tu progreso:<\/p>\n\n\n<div data-wp-interactive=\"core\/file\" class=\"wp-block-file\"><object data-wp-bind--hidden=\"!state.hasPdfPreview\" hidden class=\"wp-block-file__embed\" data=\"https:\/\/www.opalclt.org\/wp-content\/uploads\/Applicant-Pre-Qualification-Checklist-2024.pdf\" type=\"application\/pdf\" style=\"width:100%;height:600px\" aria-label=\"Incrustado de Applicant Pre-Qualification Checklist 2024.\"><\/object><a id=\"wp-block-file--media-12da52ef-a04e-47ed-b5ad-f0782c3e91de\" href=\"https:\/\/www.opalclt.org\/wp-content\/uploads\/Applicant-Pre-Qualification-Checklist-2024.pdf\">Applicant Pre-Qualification Checklist 2024<\/a><a href=\"https:\/\/www.opalclt.org\/wp-content\/uploads\/Applicant-Pre-Qualification-Checklist-2024.pdf\" class=\"wp-block-file__button wp-element-button\" download aria-describedby=\"wp-block-file--media-12da52ef-a04e-47ed-b5ad-f0782c3e91de\">Download<\/a><\/div>","protected":false},"excerpt":{"rendered":"<p>OPAL Homebuyer Checklist Here&#8217;s a helpful checklist that details each task in the four steps to becoming an OPAL homeowner. Download and keep track of your progress:<\/p>","protected":false},"author":2,"featured_media":0,"parent":29,"menu_order":0,"comment_status":"closed","ping_status":"closed","template":"","meta":{"give_campaign_id":0,"_genesis_hide_title":false,"_genesis_hide_breadcrumbs":false,"_genesis_hide_singular_image":false,"_genesis_hide_footer_widgets":false,"_genesis_custom_body_class":"","_genesis_custom_post_class":"","_genesis_layout":"","footnotes":""},"class_list":{"0":"post-894","1":"page","2":"type-page","3":"status-publish","5":"entry"},"aioseo_notices":[],"campaignId":"","_links":{"self":[{"href":"https:\/\/www.opalclt.org\/es\/wp-json\/wp\/v2\/pages\/894","targetHints":{"allow":["GET"]}}],"collection":[{"href":"https:\/\/www.opalclt.org\/es\/wp-json\/wp\/v2\/pages"}],"about":[{"href":"https:\/\/www.opalclt.org\/es\/wp-json\/wp\/v2\/types\/page"}],"author":[{"embeddable":true,"href":"https:\/\/www.opalclt.org\/es\/wp-json\/wp\/v2\/users\/2"}],"replies":[{"embeddable":true,"href":"https:\/\/www.opalclt.org\/es\/wp-json\/wp\/v2\/comments?post=894"}],"version-history":[{"count":5,"href":"https:\/\/www.opalclt.org\/es\/wp-json\/wp\/v2\/pages\/894\/revisions"}],"predecessor-version":[{"id":7766,"href":"https:\/\/www.opalclt.org\/es\/wp-json\/wp\/v2\/pages\/894\/revisions\/7766"}],"up":[{"embeddable":true,"href":"https:\/\/www.opalclt.org\/es\/wp-json\/wp\/v2\/pages\/29"}],"wp:attachment":[{"href":"https:\/\/www.opalclt.org\/es\/wp-json\/wp\/v2\/media?parent=894"}],"curies":[{"name":"wp","href":"https:\/\/api.w.org\/{rel}","templated":true}]}}